{"id":299040,"date":"2022-10-20T14:26:47","date_gmt":"2022-10-20T12:26:47","guid":{"rendered":"https:\/\/iriparo.com\/unkategorisiert\/ersatz-mittlerer-rahmen-lautstarketasten-antenne-ruckseitiges-kameraglas-samsung-galaxy-j5\/"},"modified":"2022-10-20T14:26:49","modified_gmt":"2022-10-20T12:26:49","slug":"ersatz-mittlerer-rahmen-lautstarketasten-antenne-ruckseitiges-kameraglas-samsung-galaxy-j5","status":"publish","type":"product","link":"https:\/\/iriparo.com\/de\/samsung-galaxy-j5-repairs-assistance-samsung-reparaturen-unterstuetzung\/ersatz-mittlerer-rahmen-lautstarketasten-antenne-ruckseitiges-kameraglas-samsung-galaxy-j5\/","title":{"rendered":"Ersatz Mittlerer Rahmen + Lautst\u00e4rketasten + Antenne + R\u00fcckseitiges Kameraglas"},"content":{"rendered":"<p>Brauchst du ein <strong> Ersatz Mittlerer Rahmen + Lautst\u00e4rketasten + Antenne + R\u00fcckseitiges Kameraglas<\/strong> f\u00fcr dein <strong>Samsung Galaxy J5<\/strong>? iRiparo ist die endg\u00fcltige L\u00f6sung f\u00fcr dein Ger\u00e4t. An Ihrem Galaxy J5 wird die Ersatz Mittlerer Rahmen + Lautst\u00e4rketasten + Antenne + R\u00fcckseitiges Kameraglas von unseren spezialisierten Technikern durchgef\u00fchrt, die eine schnelle und qualitativ hochwertige Reparatur garantieren.<\/p>\n<p>Heute hat unsere Express-Reparatur-Franchise-Kette \u00fcber <strong>373 aktive Filialen<\/strong> mit der Kompetenz von \u00fcber 830000 Reparaturen. Und das ist noch nicht alles! Alle unsere Reparaturen werden mit einer zertifizierten 12 mesi landesweit g\u00fcltigen Garantie durchgef\u00fchrt. Halten Sie sich nicht mit Ihren Problemen auf, iRiparo ist die L\u00f6sung.<\/p>\n","protected":false},"excerpt":{"rendered":"<p>Brauchst du ein Ersatz Mittlerer Rahmen + Lautst\u00e4rketasten + Antenne + R\u00fcckseitiges Kameraglas f\u00fcr dein Samsung Galaxy J5? iRiparo ist die endg\u00fcltige&#8230;<\/p>\n","protected":false},"featured_media":0,"comment_status":"closed","ping_status":"open","template":"","meta":[],"product_cat":[95427,94796,94897],"product_tag":[],"_links":{"self":[{"href":"https:\/\/iriparo.com\/de\/wp-json\/wp\/v2\/product\/299040"}],"collection":[{"href":"https:\/\/iriparo.com\/de\/wp-json\/wp\/v2\/product"}],"about":[{"href":"https:\/\/iriparo.com\/de\/wp-json\/wp\/v2\/types\/product"}],"replies":[{"embeddable":true,"href":"https:\/\/iriparo.com\/de\/wp-json\/wp\/v2\/comments?post=299040"}],"wp:attachment":[{"href":"https:\/\/iriparo.com\/de\/wp-json\/wp\/v2\/media?parent=299040"}],"wp:term":[{"taxonomy":"product_cat","embeddable":true,"href":"https:\/\/iriparo.com\/de\/wp-json\/wp\/v2\/product_cat?post=299040"},{"taxonomy":"product_tag","embeddable":true,"href":"https:\/\/iriparo.com\/de\/wp-json\/wp\/v2\/product_tag?post=299040"}],"curies":[{"name":"wp","href":"https:\/\/api.w.org\/{rel}","templated":true}]}}