{"id":299105,"date":"2022-10-20T14:28:04","date_gmt":"2022-10-20T12:28:04","guid":{"rendered":"https:\/\/iriparo.com\/unkategorisiert\/ersatz-home-und-funktionstaste-klinke-audio-samsung-galaxy-j7-2016\/"},"modified":"2022-10-20T14:28:08","modified_gmt":"2022-10-20T12:28:08","slug":"ersatz-home-und-funktionstaste-klinke-audio-samsung-galaxy-j7-2016","status":"publish","type":"product","link":"https:\/\/iriparo.com\/de\/samsung-galaxy-j7-2016-repairs-assistance-samsung-reparaturen-unterstuetzung\/ersatz-home-und-funktionstaste-klinke-audio-samsung-galaxy-j7-2016\/","title":{"rendered":"Ersatz Home- und Funktionstaste + Klinke Audio"},"content":{"rendered":"<p>Brauchst du ein <strong> Ersatz Home- und Funktionstaste + Klinke Audio<\/strong> f\u00fcr dein <strong>Samsung Galaxy J7 (2016)<\/strong>? iRiparo ist die endg\u00fcltige L\u00f6sung f\u00fcr dein Ger\u00e4t. An Ihrem Galaxy J7 (2016) wird die Ersatz Home- und Funktionstaste + Klinke Audio von unseren spezialisierten Technikern durchgef\u00fchrt, die eine schnelle und qualitativ hochwertige Reparatur garantieren.<\/p>\n<p>Heute hat unsere Express-Reparatur-Franchise-Kette \u00fcber <strong>373 aktive Filialen<\/strong> mit der Kompetenz von \u00fcber 830000 Reparaturen. Und das ist noch nicht alles! Alle unsere Reparaturen werden mit einer zertifizierten 12 mesi landesweit g\u00fcltigen Garantie durchgef\u00fchrt. Halten Sie sich nicht mit Ihren Problemen auf, iRiparo ist die L\u00f6sung.<\/p>\n","protected":false},"excerpt":{"rendered":"<p>Brauchst du ein Ersatz Home- und Funktionstaste + Klinke Audio f\u00fcr dein Samsung Galaxy J7 (2016)? iRiparo ist die endg\u00fcltige L\u00f6sung f\u00fcr&#8230;<\/p>\n","protected":false},"featured_media":0,"comment_status":"closed","ping_status":"open","template":"","meta":[],"product_cat":[95432,94796,94897],"product_tag":[],"_links":{"self":[{"href":"https:\/\/iriparo.com\/de\/wp-json\/wp\/v2\/product\/299105"}],"collection":[{"href":"https:\/\/iriparo.com\/de\/wp-json\/wp\/v2\/product"}],"about":[{"href":"https:\/\/iriparo.com\/de\/wp-json\/wp\/v2\/types\/product"}],"replies":[{"embeddable":true,"href":"https:\/\/iriparo.com\/de\/wp-json\/wp\/v2\/comments?post=299105"}],"wp:attachment":[{"href":"https:\/\/iriparo.com\/de\/wp-json\/wp\/v2\/media?parent=299105"}],"wp:term":[{"taxonomy":"product_cat","embeddable":true,"href":"https:\/\/iriparo.com\/de\/wp-json\/wp\/v2\/product_cat?post=299105"},{"taxonomy":"product_tag","embeddable":true,"href":"https:\/\/iriparo.com\/de\/wp-json\/wp\/v2\/product_tag?post=299105"}],"curies":[{"name":"wp","href":"https:\/\/api.w.org\/{rel}","templated":true}]}}