{"id":299146,"date":"2022-10-20T14:28:17","date_gmt":"2022-10-20T12:28:17","guid":{"rendered":"https:\/\/iriparo.com\/unkategorisiert\/ersatz-lautsprecher-und-flex-antenne-samsung-galaxy-note-101-n8000\/"},"modified":"2022-10-20T14:28:21","modified_gmt":"2022-10-20T12:28:21","slug":"ersatz-lautsprecher-und-flex-antenne-samsung-galaxy-note-101-n8000","status":"publish","type":"product","link":"https:\/\/iriparo.com\/de\/samsung-galaxy-note-101-n8000-repairs-assistance-samsung-tablet-reparaturen-unterstuetzung\/ersatz-lautsprecher-und-flex-antenne-samsung-galaxy-note-101-n8000\/","title":{"rendered":"Ersatz-Lautsprecher und Flex-Antenne"},"content":{"rendered":"<p>Brauchst du ein <strong> Ersatz-Lautsprecher und Flex-Antenne<\/strong> f\u00fcr dein <strong>Samsung Galaxy Note 10.1 N8000<\/strong>? iRiparo ist die endg\u00fcltige L\u00f6sung f\u00fcr dein Ger\u00e4t. An Ihrem Galaxy Note 10.1 N8000 wird die Ersatz-Lautsprecher und Flex-Antenne von unseren spezialisierten Technikern durchgef\u00fchrt, die eine schnelle und qualitativ hochwertige Reparatur garantieren.<\/p>\n<p>Heute hat unsere Express-Reparatur-Franchise-Kette \u00fcber <strong>373 aktive Filialen<\/strong> mit der Kompetenz von \u00fcber 830000 Reparaturen. Und das ist noch nicht alles! Alle unsere Reparaturen werden mit einer zertifizierten 12 mesi landesweit g\u00fcltigen Garantie durchgef\u00fchrt. Halten Sie sich nicht mit Ihren Problemen auf, iRiparo ist die L\u00f6sung.<\/p>\n","protected":false},"excerpt":{"rendered":"<p>Brauchst du ein Ersatz-Lautsprecher und Flex-Antenne f\u00fcr dein Samsung Galaxy Note 10.1 N8000? iRiparo ist die endg\u00fcltige L\u00f6sung f\u00fcr dein Ger\u00e4t. An&#8230;<\/p>\n","protected":false},"featured_media":0,"comment_status":"closed","ping_status":"open","template":"","meta":[],"product_cat":[95567,94934,94797],"product_tag":[],"_links":{"self":[{"href":"https:\/\/iriparo.com\/de\/wp-json\/wp\/v2\/product\/299146"}],"collection":[{"href":"https:\/\/iriparo.com\/de\/wp-json\/wp\/v2\/product"}],"about":[{"href":"https:\/\/iriparo.com\/de\/wp-json\/wp\/v2\/types\/product"}],"replies":[{"embeddable":true,"href":"https:\/\/iriparo.com\/de\/wp-json\/wp\/v2\/comments?post=299146"}],"wp:attachment":[{"href":"https:\/\/iriparo.com\/de\/wp-json\/wp\/v2\/media?parent=299146"}],"wp:term":[{"taxonomy":"product_cat","embeddable":true,"href":"https:\/\/iriparo.com\/de\/wp-json\/wp\/v2\/product_cat?post=299146"},{"taxonomy":"product_tag","embeddable":true,"href":"https:\/\/iriparo.com\/de\/wp-json\/wp\/v2\/product_tag?post=299146"}],"curies":[{"name":"wp","href":"https:\/\/api.w.org\/{rel}","templated":true}]}}