{"id":299348,"date":"2022-10-20T14:30:16","date_gmt":"2022-10-20T12:30:16","guid":{"rendered":"https:\/\/iriparo.com\/unkategorisiert\/ersatz-fur-ruckfahrkamera-12-mp-samsung-galaxy-s20\/"},"modified":"2022-10-20T14:30:21","modified_gmt":"2022-10-20T12:30:21","slug":"ersatz-fur-ruckfahrkamera-12-mp-samsung-galaxy-s20","status":"publish","type":"product","link":"https:\/\/iriparo.com\/de\/samsung-galaxy-s20-repairs-assistance-samsung-reparaturen-unterstuetzung\/ersatz-fur-ruckfahrkamera-12-mp-samsung-galaxy-s20\/","title":{"rendered":"Ersatz f\u00fcr R\u00fcckfahrkamera 12 MP"},"content":{"rendered":"<p>Brauchst du ein <strong> Ersatz f\u00fcr R\u00fcckfahrkamera 12 MP<\/strong> f\u00fcr dein <strong>Samsung Galaxy S20<\/strong>? iRiparo ist die endg\u00fcltige L\u00f6sung f\u00fcr dein Ger\u00e4t. An Ihrem Galaxy S20 wird die Ersatz f\u00fcr R\u00fcckfahrkamera 12 MP von unseren spezialisierten Technikern durchgef\u00fchrt, die eine schnelle und qualitativ hochwertige Reparatur garantieren.<\/p>\n<p>Heute hat unsere Express-Reparatur-Franchise-Kette \u00fcber <strong>373 aktive Filialen<\/strong> mit der Kompetenz von \u00fcber 830000 Reparaturen. Und das ist noch nicht alles! Alle unsere Reparaturen werden mit einer zertifizierten 12 mesi landesweit g\u00fcltigen Garantie durchgef\u00fchrt. Halten Sie sich nicht mit Ihren Problemen auf, iRiparo ist die L\u00f6sung.<\/p>\n","protected":false},"excerpt":{"rendered":"<p>Brauchst du ein Ersatz f\u00fcr R\u00fcckfahrkamera 12 MP f\u00fcr dein Samsung Galaxy S20? iRiparo ist die endg\u00fcltige L\u00f6sung f\u00fcr dein Ger\u00e4t. An&#8230;<\/p>\n","protected":false},"featured_media":0,"comment_status":"closed","ping_status":"open","template":"","meta":[],"product_cat":[95494,94796,94897],"product_tag":[],"_links":{"self":[{"href":"https:\/\/iriparo.com\/de\/wp-json\/wp\/v2\/product\/299348"}],"collection":[{"href":"https:\/\/iriparo.com\/de\/wp-json\/wp\/v2\/product"}],"about":[{"href":"https:\/\/iriparo.com\/de\/wp-json\/wp\/v2\/types\/product"}],"replies":[{"embeddable":true,"href":"https:\/\/iriparo.com\/de\/wp-json\/wp\/v2\/comments?post=299348"}],"wp:attachment":[{"href":"https:\/\/iriparo.com\/de\/wp-json\/wp\/v2\/media?parent=299348"}],"wp:term":[{"taxonomy":"product_cat","embeddable":true,"href":"https:\/\/iriparo.com\/de\/wp-json\/wp\/v2\/product_cat?post=299348"},{"taxonomy":"product_tag","embeddable":true,"href":"https:\/\/iriparo.com\/de\/wp-json\/wp\/v2\/product_tag?post=299348"}],"curies":[{"name":"wp","href":"https:\/\/api.w.org\/{rel}","templated":true}]}}