{"id":299400,"date":"2022-10-20T14:30:35","date_gmt":"2022-10-20T12:30:35","guid":{"rendered":"https:\/\/iriparo.com\/unkategorisiert\/ruckkamera-ersatz-ultra-wide-12mp-samsung-galaxy-s20-fe-5g\/"},"modified":"2022-10-20T14:30:37","modified_gmt":"2022-10-20T12:30:37","slug":"ruckkamera-ersatz-ultra-wide-12mp-samsung-galaxy-s20-fe-5g","status":"publish","type":"product","link":"https:\/\/iriparo.com\/de\/samsung-galaxy-s20-fe-5g-repairs-assistance-samsung-reparaturen-unterstuetzung\/ruckkamera-ersatz-ultra-wide-12mp-samsung-galaxy-s20-fe-5g\/","title":{"rendered":"R\u00fcckkamera Ersatz ULTRA WIDE 12MP"},"content":{"rendered":"<p>Brauchst du ein <strong> R\u00fcckkamera Ersatz ULTRA WIDE 12MP<\/strong> f\u00fcr dein <strong>Samsung Galaxy S20 FE 5G<\/strong>? iRiparo ist die endg\u00fcltige L\u00f6sung f\u00fcr dein Ger\u00e4t. An Ihrem Galaxy S20 FE 5G wird die R\u00fcckkamera Ersatz ULTRA WIDE 12MP von unseren spezialisierten Technikern durchgef\u00fchrt, die eine schnelle und qualitativ hochwertige Reparatur garantieren.<\/p>\n<p>Heute hat unsere Express-Reparatur-Franchise-Kette \u00fcber <strong>373 aktive Filialen<\/strong> mit der Kompetenz von \u00fcber 830000 Reparaturen. Und das ist noch nicht alles! Alle unsere Reparaturen werden mit einer zertifizierten 12 mesi landesweit g\u00fcltigen Garantie durchgef\u00fchrt. Halten Sie sich nicht mit Ihren Problemen auf, iRiparo ist die L\u00f6sung.<\/p>\n","protected":false},"excerpt":{"rendered":"<p>Brauchst du ein R\u00fcckkamera Ersatz ULTRA WIDE 12MP f\u00fcr dein Samsung Galaxy S20 FE 5G? iRiparo ist die endg\u00fcltige L\u00f6sung f\u00fcr dein&#8230;<\/p>\n","protected":false},"featured_media":0,"comment_status":"closed","ping_status":"open","template":"","meta":[],"product_cat":[95597,94796,94897],"product_tag":[],"_links":{"self":[{"href":"https:\/\/iriparo.com\/de\/wp-json\/wp\/v2\/product\/299400"}],"collection":[{"href":"https:\/\/iriparo.com\/de\/wp-json\/wp\/v2\/product"}],"about":[{"href":"https:\/\/iriparo.com\/de\/wp-json\/wp\/v2\/types\/product"}],"replies":[{"embeddable":true,"href":"https:\/\/iriparo.com\/de\/wp-json\/wp\/v2\/comments?post=299400"}],"wp:attachment":[{"href":"https:\/\/iriparo.com\/de\/wp-json\/wp\/v2\/media?parent=299400"}],"wp:term":[{"taxonomy":"product_cat","embeddable":true,"href":"https:\/\/iriparo.com\/de\/wp-json\/wp\/v2\/product_cat?post=299400"},{"taxonomy":"product_tag","embeddable":true,"href":"https:\/\/iriparo.com\/de\/wp-json\/wp\/v2\/product_tag?post=299400"}],"curies":[{"name":"wp","href":"https:\/\/api.w.org\/{rel}","templated":true}]}}