{"id":299485,"date":"2022-10-20T14:30:59","date_gmt":"2022-10-20T12:30:59","guid":{"rendered":"https:\/\/iriparo.com\/unkategorisiert\/ersatz-der-ruckfahrkamera-samsung-galaxy-s5-mini\/"},"modified":"2022-10-20T14:31:04","modified_gmt":"2022-10-20T12:31:04","slug":"ersatz-der-ruckfahrkamera-samsung-galaxy-s5-mini","status":"publish","type":"product","link":"https:\/\/iriparo.com\/de\/samsung-galaxy-s5-mini-repairs-assistance-samsung-reparaturen-unterstuetzung\/ersatz-der-ruckfahrkamera-samsung-galaxy-s5-mini\/","title":{"rendered":"Ersatz der R\u00fcckfahrkamera"},"content":{"rendered":"<p>Brauchst du ein <strong> Ersatz der R\u00fcckfahrkamera<\/strong> f\u00fcr dein <strong>Samsung Galaxy S5 mini<\/strong>? iRiparo ist die endg\u00fcltige L\u00f6sung f\u00fcr dein Ger\u00e4t. An Ihrem Galaxy S5 mini wird die Ersatz der R\u00fcckfahrkamera von unseren spezialisierten Technikern durchgef\u00fchrt, die eine schnelle und qualitativ hochwertige Reparatur garantieren.<\/p>\n<p>Heute hat unsere Express-Reparatur-Franchise-Kette \u00fcber <strong>373 aktive Filialen<\/strong> mit der Kompetenz von \u00fcber 830000 Reparaturen. Und das ist noch nicht alles! Alle unsere Reparaturen werden mit einer zertifizierten 12 mesi landesweit g\u00fcltigen Garantie durchgef\u00fchrt. Halten Sie sich nicht mit Ihren Problemen auf, iRiparo ist die L\u00f6sung.<\/p>\n","protected":false},"excerpt":{"rendered":"<p>Brauchst du ein Ersatz der R\u00fcckfahrkamera f\u00fcr dein Samsung Galaxy S5 mini? iRiparo ist die endg\u00fcltige L\u00f6sung f\u00fcr dein Ger\u00e4t. An Ihrem&#8230;<\/p>\n","protected":false},"featured_media":0,"comment_status":"closed","ping_status":"open","template":"","meta":[],"product_cat":[95422,94796,94897],"product_tag":[],"_links":{"self":[{"href":"https:\/\/iriparo.com\/de\/wp-json\/wp\/v2\/product\/299485"}],"collection":[{"href":"https:\/\/iriparo.com\/de\/wp-json\/wp\/v2\/product"}],"about":[{"href":"https:\/\/iriparo.com\/de\/wp-json\/wp\/v2\/types\/product"}],"replies":[{"embeddable":true,"href":"https:\/\/iriparo.com\/de\/wp-json\/wp\/v2\/comments?post=299485"}],"wp:attachment":[{"href":"https:\/\/iriparo.com\/de\/wp-json\/wp\/v2\/media?parent=299485"}],"wp:term":[{"taxonomy":"product_cat","embeddable":true,"href":"https:\/\/iriparo.com\/de\/wp-json\/wp\/v2\/product_cat?post=299485"},{"taxonomy":"product_tag","embeddable":true,"href":"https:\/\/iriparo.com\/de\/wp-json\/wp\/v2\/product_tag?post=299485"}],"curies":[{"name":"wp","href":"https:\/\/api.w.org\/{rel}","templated":true}]}}