{"id":299570,"date":"2022-10-20T14:32:23","date_gmt":"2022-10-20T12:32:23","guid":{"rendered":"https:\/\/iriparo.com\/unkategorisiert\/ersatz-mobilfunk-signal-samsung-galaxy-s7\/"},"modified":"2022-10-20T14:32:28","modified_gmt":"2022-10-20T12:32:28","slug":"ersatz-mobilfunk-signal-samsung-galaxy-s7","status":"publish","type":"product","link":"https:\/\/iriparo.com\/de\/samsung-galaxy-s7-repairs-assistance-samsung-reparaturen-unterstuetzung\/ersatz-mobilfunk-signal-samsung-galaxy-s7\/","title":{"rendered":"Ersatz-Mobilfunk-Signal"},"content":{"rendered":"<p>Brauchst du ein <strong> Ersatz-Mobilfunk-Signal<\/strong> f\u00fcr dein <strong>Samsung Galaxy S7<\/strong>? iRiparo ist die endg\u00fcltige L\u00f6sung f\u00fcr dein Ger\u00e4t. An Ihrem Galaxy S7 wird die Ersatz-Mobilfunk-Signal von unseren spezialisierten Technikern durchgef\u00fchrt, die eine schnelle und qualitativ hochwertige Reparatur garantieren.<\/p>\n<p>Heute hat unsere Express-Reparatur-Franchise-Kette \u00fcber <strong>373 aktive Filialen<\/strong> mit der Kompetenz von \u00fcber 830000 Reparaturen. Und das ist noch nicht alles! Alle unsere Reparaturen werden mit einer zertifizierten 12 mesi landesweit g\u00fcltigen Garantie durchgef\u00fchrt. Halten Sie sich nicht mit Ihren Problemen auf, iRiparo ist die L\u00f6sung.<\/p>\n","protected":false},"excerpt":{"rendered":"<p>Brauchst du ein Ersatz-Mobilfunk-Signal f\u00fcr dein Samsung Galaxy S7? iRiparo ist die endg\u00fcltige L\u00f6sung f\u00fcr dein Ger\u00e4t. An Ihrem Galaxy S7 wird&#8230;<\/p>\n","protected":false},"featured_media":0,"comment_status":"closed","ping_status":"open","template":"","meta":[],"product_cat":[95437,94796,94897],"product_tag":[],"_links":{"self":[{"href":"https:\/\/iriparo.com\/de\/wp-json\/wp\/v2\/product\/299570"}],"collection":[{"href":"https:\/\/iriparo.com\/de\/wp-json\/wp\/v2\/product"}],"about":[{"href":"https:\/\/iriparo.com\/de\/wp-json\/wp\/v2\/types\/product"}],"replies":[{"embeddable":true,"href":"https:\/\/iriparo.com\/de\/wp-json\/wp\/v2\/comments?post=299570"}],"wp:attachment":[{"href":"https:\/\/iriparo.com\/de\/wp-json\/wp\/v2\/media?parent=299570"}],"wp:term":[{"taxonomy":"product_cat","embeddable":true,"href":"https:\/\/iriparo.com\/de\/wp-json\/wp\/v2\/product_cat?post=299570"},{"taxonomy":"product_tag","embeddable":true,"href":"https:\/\/iriparo.com\/de\/wp-json\/wp\/v2\/product_tag?post=299570"}],"curies":[{"name":"wp","href":"https:\/\/api.w.org\/{rel}","templated":true}]}}