{"id":299680,"date":"2022-10-20T14:33:00","date_gmt":"2022-10-20T12:33:00","guid":{"rendered":"https:\/\/iriparo.com\/unkategorisiert\/ersatznetzteil-und-ladestation-samsung-galaxy-tab-2-101-p5100\/"},"modified":"2022-10-20T14:33:03","modified_gmt":"2022-10-20T12:33:03","slug":"ersatznetzteil-und-ladestation-samsung-galaxy-tab-2-101-p5100","status":"publish","type":"product","link":"https:\/\/iriparo.com\/de\/samsung-galaxy-tab-2-101-p5100-repairs-assistance-samsung-tablet-reparaturen-unterstuetzung\/ersatznetzteil-und-ladestation-samsung-galaxy-tab-2-101-p5100\/","title":{"rendered":"Ersatznetzteil und Ladestation"},"content":{"rendered":"<p>Brauchst du ein <strong> Ersatznetzteil und Ladestation<\/strong> f\u00fcr dein <strong>Samsung Galaxy Tab 2 10.1 P5100<\/strong>? iRiparo ist die endg\u00fcltige L\u00f6sung f\u00fcr dein Ger\u00e4t. An Ihrem Galaxy Tab 2 10.1 P5100 wird die Ersatznetzteil und Ladestation von unseren spezialisierten Technikern durchgef\u00fchrt, die eine schnelle und qualitativ hochwertige Reparatur garantieren.<\/p>\n<p>Heute hat unsere Express-Reparatur-Franchise-Kette \u00fcber <strong>373 aktive Filialen<\/strong> mit der Kompetenz von \u00fcber 830000 Reparaturen. Und das ist noch nicht alles! Alle unsere Reparaturen werden mit einer zertifizierten 12 mesi landesweit g\u00fcltigen Garantie durchgef\u00fchrt. Halten Sie sich nicht mit Ihren Problemen auf, iRiparo ist die L\u00f6sung.<\/p>\n","protected":false},"excerpt":{"rendered":"<p>Brauchst du ein Ersatznetzteil und Ladestation f\u00fcr dein Samsung Galaxy Tab 2 10.1 P5100? iRiparo ist die endg\u00fcltige L\u00f6sung f\u00fcr dein Ger\u00e4t&#8230;.<\/p>\n","protected":false},"featured_media":0,"comment_status":"closed","ping_status":"open","template":"","meta":[],"product_cat":[95417,94934,94797],"product_tag":[],"_links":{"self":[{"href":"https:\/\/iriparo.com\/de\/wp-json\/wp\/v2\/product\/299680"}],"collection":[{"href":"https:\/\/iriparo.com\/de\/wp-json\/wp\/v2\/product"}],"about":[{"href":"https:\/\/iriparo.com\/de\/wp-json\/wp\/v2\/types\/product"}],"replies":[{"embeddable":true,"href":"https:\/\/iriparo.com\/de\/wp-json\/wp\/v2\/comments?post=299680"}],"wp:attachment":[{"href":"https:\/\/iriparo.com\/de\/wp-json\/wp\/v2\/media?parent=299680"}],"wp:term":[{"taxonomy":"product_cat","embeddable":true,"href":"https:\/\/iriparo.com\/de\/wp-json\/wp\/v2\/product_cat?post=299680"},{"taxonomy":"product_tag","embeddable":true,"href":"https:\/\/iriparo.com\/de\/wp-json\/wp\/v2\/product_tag?post=299680"}],"curies":[{"name":"wp","href":"https:\/\/api.w.org\/{rel}","templated":true}]}}