{"id":299749,"date":"2022-10-20T14:34:16","date_gmt":"2022-10-20T12:34:16","guid":{"rendered":"https:\/\/iriparo.com\/unkategorisiert\/samsung-galaxy-tab-a7-104-2020-t505-austausch-batterie\/"},"modified":"2022-10-20T14:34:22","modified_gmt":"2022-10-20T12:34:22","slug":"samsung-galaxy-tab-a7-104-2020-t505-austausch-batterie","status":"publish","type":"product","link":"https:\/\/iriparo.com\/de\/samsung-galaxy-tab-a7-104-2020-t505-repairs-assistance-samsung-tablet-reparaturen-unterstuetzung\/samsung-galaxy-tab-a7-104-2020-t505-austausch-batterie\/","title":{"rendered":"Ersatz Akku"},"content":{"rendered":"<p>Die Leute kommen oft in unsere Filialen, um Probleme mit dem Akku ihres Handys zu beheben: der Akku ihres Samsung Galaxy Tab A7 10.4 (2020) T505 h\u00e4lt nicht mehr so lange wie fr\u00fcher oder \u00fcberhitzt. Passiert das Gleiche mit Ihrem Handy? <\/p>\n<p>Die L\u00f6sung k\u00f6nnte sein, den Akku Ihres Samsung Galaxy Tab A7 10.4 (2020) T505 auszutauschen. Es gibt viele Gr\u00fcnde, warum Akkus nach einer gewissen Zeit nicht mehr funktionieren, und jeder davon kann Probleme verursachen. Sie m\u00fcssen einen dringenden Anruf t\u00e4tigen und Ihr Handy macht schlapp, Sie wollen ein Foto von einem Sonnenuntergang machen oder jemandem eine Nachricht schicken.<\/p>\n<p>Was dann? Anstatt 2 Powerbanks mit sich herumzuschleppen, besuchen Sie einen iRiparo Store. Wir sind der europ\u00e4ische Marktf\u00fchrer f\u00fcr <strong>Express-Reparaturen von Handys und Tablets. Einer der am h\u00e4ufigsten nachgefragten Services ist der Akkuwechsel bei Samsung Galaxy Tab A7 10.4 (2020) T505.<\/strong><\/p>\n<p>Der Wechsel des Samsung Galaxy Tab A7 10.4 (2020) T505 Akkus ist f\u00fcr uns ein Kinderspiel, das wir Ihnen mit einer Garantie belegen. Deshalb bieten wir Ihnen auf alle Ersatzakkus f\u00fcr Samsung Galaxy Tab A7 10.4 (2020) T505 eine Garantie von 6 mesi unseren Ersatzakku-Service f\u00fcr Samsung Galaxy Tab A7 10.4 (2020) T505 zu unschlagbaren und g\u00fcnstigen Preisen an.<\/p>\n","protected":false},"excerpt":{"rendered":"<p>Die Leute kommen oft in unsere Filialen, um Probleme mit dem Akku ihres Handys zu beheben: der Akku ihres Samsung Galaxy Tab&#8230;<\/p>\n","protected":false},"featured_media":0,"comment_status":"closed","ping_status":"open","template":"","meta":[],"product_cat":[95603,94934,94797],"product_tag":[],"_links":{"self":[{"href":"https:\/\/iriparo.com\/de\/wp-json\/wp\/v2\/product\/299749"}],"collection":[{"href":"https:\/\/iriparo.com\/de\/wp-json\/wp\/v2\/product"}],"about":[{"href":"https:\/\/iriparo.com\/de\/wp-json\/wp\/v2\/types\/product"}],"replies":[{"embeddable":true,"href":"https:\/\/iriparo.com\/de\/wp-json\/wp\/v2\/comments?post=299749"}],"wp:attachment":[{"href":"https:\/\/iriparo.com\/de\/wp-json\/wp\/v2\/media?parent=299749"}],"wp:term":[{"taxonomy":"product_cat","embeddable":true,"href":"https:\/\/iriparo.com\/de\/wp-json\/wp\/v2\/product_cat?post=299749"},{"taxonomy":"product_tag","embeddable":true,"href":"https:\/\/iriparo.com\/de\/wp-json\/wp\/v2\/product_tag?post=299749"}],"curies":[{"name":"wp","href":"https:\/\/api.w.org\/{rel}","templated":true}]}}