{"id":299800,"date":"2022-10-20T14:34:35","date_gmt":"2022-10-20T12:34:35","guid":{"rendered":"https:\/\/iriparo.com\/unkategorisiert\/ersatz-mikrofon-samsung-galaxy-tab-s3-97\/"},"modified":"2022-10-20T14:34:38","modified_gmt":"2022-10-20T12:34:38","slug":"ersatz-mikrofon-samsung-galaxy-tab-s3-97","status":"publish","type":"product","link":"https:\/\/iriparo.com\/de\/samsung-galaxy-tab-s3-97-repairs-assistance-samsung-tablet-reparaturen-unterstuetzung\/ersatz-mikrofon-samsung-galaxy-tab-s3-97\/","title":{"rendered":"Ersatz Mikrofon"},"content":{"rendered":"<p>Brauchst du ein <strong> Ersatz Mikrofon<\/strong> f\u00fcr dein <strong>Samsung Galaxy Tab S3 9.7<\/strong>? iRiparo ist die endg\u00fcltige L\u00f6sung f\u00fcr dein Ger\u00e4t. An Ihrem Galaxy Tab S3 9.7 wird die Ersatz Mikrofon von unseren spezialisierten Technikern durchgef\u00fchrt, die eine schnelle und qualitativ hochwertige Reparatur garantieren.<\/p>\n<p>Heute hat unsere Express-Reparatur-Franchise-Kette \u00fcber <strong>373 aktive Filialen<\/strong> mit der Kompetenz von \u00fcber 830000 Reparaturen. Und das ist noch nicht alles! Alle unsere Reparaturen werden mit einer zertifizierten 12 mesi landesweit g\u00fcltigen Garantie durchgef\u00fchrt. Halten Sie sich nicht mit Ihren Problemen auf, iRiparo ist die L\u00f6sung.<\/p>\n","protected":false},"excerpt":{"rendered":"<p>Brauchst du ein Ersatz Mikrofon f\u00fcr dein Samsung Galaxy Tab S3 9.7? iRiparo ist die endg\u00fcltige L\u00f6sung f\u00fcr dein Ger\u00e4t. An Ihrem&#8230;<\/p>\n","protected":false},"featured_media":0,"comment_status":"closed","ping_status":"open","template":"","meta":[],"product_cat":[95448,94934,94797],"product_tag":[],"_links":{"self":[{"href":"https:\/\/iriparo.com\/de\/wp-json\/wp\/v2\/product\/299800"}],"collection":[{"href":"https:\/\/iriparo.com\/de\/wp-json\/wp\/v2\/product"}],"about":[{"href":"https:\/\/iriparo.com\/de\/wp-json\/wp\/v2\/types\/product"}],"replies":[{"embeddable":true,"href":"https:\/\/iriparo.com\/de\/wp-json\/wp\/v2\/comments?post=299800"}],"wp:attachment":[{"href":"https:\/\/iriparo.com\/de\/wp-json\/wp\/v2\/media?parent=299800"}],"wp:term":[{"taxonomy":"product_cat","embeddable":true,"href":"https:\/\/iriparo.com\/de\/wp-json\/wp\/v2\/product_cat?post=299800"},{"taxonomy":"product_tag","embeddable":true,"href":"https:\/\/iriparo.com\/de\/wp-json\/wp\/v2\/product_tag?post=299800"}],"curies":[{"name":"wp","href":"https:\/\/api.w.org\/{rel}","templated":true}]}}