{"id":299821,"date":"2022-10-20T14:34:42","date_gmt":"2022-10-20T12:34:42","guid":{"rendered":"https:\/\/iriparo.com\/unkategorisiert\/rparation-dock-ladung-samsung-galaxy-tab-s-t800\/"},"modified":"2022-10-20T14:34:45","modified_gmt":"2022-10-20T12:34:45","slug":"rparation-dock-ladung-samsung-galaxy-tab-s-t800","status":"publish","type":"product","link":"https:\/\/iriparo.com\/de\/samsung-galaxy-tab-s-t800-repairs-assistance-samsung-tablet-reparaturen-unterstuetzung\/rparation-dock-ladung-samsung-galaxy-tab-s-t800\/","title":{"rendered":"R\u221a\u00a9paration Dock-Ladung"},"content":{"rendered":"<p>Brauchst du ein <strong> R\u221a\u00a9paration Dock-Ladung<\/strong> f\u00fcr dein <strong>Samsung Galaxy Tab S T800<\/strong>? iRiparo ist die endg\u00fcltige L\u00f6sung f\u00fcr dein Ger\u00e4t. An Ihrem Galaxy Tab S T800 wird die R\u221a\u00a9paration Dock-Ladung von unseren spezialisierten Technikern durchgef\u00fchrt, die eine schnelle und qualitativ hochwertige Reparatur garantieren.<\/p>\n<p>Heute hat unsere Express-Reparatur-Franchise-Kette \u00fcber <strong>373 aktive Filialen<\/strong> mit der Kompetenz von \u00fcber 830000 Reparaturen. Und das ist noch nicht alles! Alle unsere Reparaturen werden mit einer zertifizierten 12 mesi landesweit g\u00fcltigen Garantie durchgef\u00fchrt. Halten Sie sich nicht mit Ihren Problemen auf, iRiparo ist die L\u00f6sung.<\/p>\n","protected":false},"excerpt":{"rendered":"<p>Brauchst du ein R\u221a\u00a9paration Dock-Ladung f\u00fcr dein Samsung Galaxy Tab S T800? iRiparo ist die endg\u00fcltige L\u00f6sung f\u00fcr dein Ger\u00e4t. An Ihrem&#8230;<\/p>\n","protected":false},"featured_media":0,"comment_status":"closed","ping_status":"open","template":"","meta":[],"product_cat":[95416,94934,94797],"product_tag":[],"_links":{"self":[{"href":"https:\/\/iriparo.com\/de\/wp-json\/wp\/v2\/product\/299821"}],"collection":[{"href":"https:\/\/iriparo.com\/de\/wp-json\/wp\/v2\/product"}],"about":[{"href":"https:\/\/iriparo.com\/de\/wp-json\/wp\/v2\/types\/product"}],"replies":[{"embeddable":true,"href":"https:\/\/iriparo.com\/de\/wp-json\/wp\/v2\/comments?post=299821"}],"wp:attachment":[{"href":"https:\/\/iriparo.com\/de\/wp-json\/wp\/v2\/media?parent=299821"}],"wp:term":[{"taxonomy":"product_cat","embeddable":true,"href":"https:\/\/iriparo.com\/de\/wp-json\/wp\/v2\/product_cat?post=299821"},{"taxonomy":"product_tag","embeddable":true,"href":"https:\/\/iriparo.com\/de\/wp-json\/wp\/v2\/product_tag?post=299821"}],"curies":[{"name":"wp","href":"https:\/\/api.w.org\/{rel}","templated":true}]}}