{"id":299850,"date":"2022-10-20T14:34:49","date_gmt":"2022-10-20T12:34:49","guid":{"rendered":"https:\/\/iriparo.com\/unkategorisiert\/reparasso-tampa-traseira-samsung-galaxy-z-fold2-5g\/"},"modified":"2022-10-20T14:34:55","modified_gmt":"2022-10-20T12:34:55","slug":"reparasso-tampa-traseira-samsung-galaxy-z-fold2-5g","status":"publish","type":"product","link":"https:\/\/iriparo.com\/de\/samsung-galaxy-z-fold2-5g-repairs-assistance-samsung-reparaturen-unterstuetzung\/reparasso-tampa-traseira-samsung-galaxy-z-fold2-5g\/","title":{"rendered":"Repara\u221a\u00df\u221a\u00a3o Tampa Traseira"},"content":{"rendered":"<p>Brauchst du ein <strong> Repara\u221a\u00df\u221a\u00a3o Tampa Traseira<\/strong> f\u00fcr dein <strong>Samsung Galaxy Z Fold2 5G<\/strong>? iRiparo ist die endg\u00fcltige L\u00f6sung f\u00fcr dein Ger\u00e4t. An Ihrem Galaxy Z Fold2 5G wird die Repara\u221a\u00df\u221a\u00a3o Tampa Traseira von unseren spezialisierten Technikern durchgef\u00fchrt, die eine schnelle und qualitativ hochwertige Reparatur garantieren.<\/p>\n<p>Heute hat unsere Express-Reparatur-Franchise-Kette \u00fcber <strong>373 aktive Filialen<\/strong> mit der Kompetenz von \u00fcber 830000 Reparaturen. Und das ist noch nicht alles! Alle unsere Reparaturen werden mit einer zertifizierten 12 mesi landesweit g\u00fcltigen Garantie durchgef\u00fchrt. Halten Sie sich nicht mit Ihren Problemen auf, iRiparo ist die L\u00f6sung.<\/p>\n","protected":false},"excerpt":{"rendered":"<p>Brauchst du ein Repara\u221a\u00df\u221a\u00a3o Tampa Traseira f\u00fcr dein Samsung Galaxy Z Fold2 5G? iRiparo ist die endg\u00fcltige L\u00f6sung f\u00fcr dein Ger\u00e4t. An&#8230;<\/p>\n","protected":false},"featured_media":0,"comment_status":"closed","ping_status":"open","template":"","meta":[],"product_cat":[95507,94796,94897],"product_tag":[],"_links":{"self":[{"href":"https:\/\/iriparo.com\/de\/wp-json\/wp\/v2\/product\/299850"}],"collection":[{"href":"https:\/\/iriparo.com\/de\/wp-json\/wp\/v2\/product"}],"about":[{"href":"https:\/\/iriparo.com\/de\/wp-json\/wp\/v2\/types\/product"}],"replies":[{"embeddable":true,"href":"https:\/\/iriparo.com\/de\/wp-json\/wp\/v2\/comments?post=299850"}],"wp:attachment":[{"href":"https:\/\/iriparo.com\/de\/wp-json\/wp\/v2\/media?parent=299850"}],"wp:term":[{"taxonomy":"product_cat","embeddable":true,"href":"https:\/\/iriparo.com\/de\/wp-json\/wp\/v2\/product_cat?post=299850"},{"taxonomy":"product_tag","embeddable":true,"href":"https:\/\/iriparo.com\/de\/wp-json\/wp\/v2\/product_tag?post=299850"}],"curies":[{"name":"wp","href":"https:\/\/api.w.org\/{rel}","templated":true}]}}