{"id":299899,"date":"2022-10-20T14:36:11","date_gmt":"2022-10-20T12:36:11","guid":{"rendered":"https:\/\/iriparo.com\/unkategorisiert\/sony-xperia-x-compact-broken-screen-replacement\/"},"modified":"2022-10-20T14:36:14","modified_gmt":"2022-10-20T12:36:14","slug":"sony-xperia-x-compact-broken-screen-replacement","status":"publish","type":"product","link":"https:\/\/iriparo.com\/de\/sony-xperia-x-compact-repairs-assistance-sony-mobile-repairs-assistance-mobile-reparatur-hilfe\/sony-xperia-x-compact-broken-screen-replacement\/","title":{"rendered":"Ersatz-LCD-Display und Touchscreen"},"content":{"rendered":"<p>Eine der am h\u00e4ufigsten nachgefragten Dienstleistungen f\u00fcr unsere Fachtechniker ist laut einer internen Statistik in unseren Filialen der Austausch von kaputten LCD Displays f\u00fcr Sony Xperia X Compact. Unf\u00e4lle, die zu einem zerbrochenen Handy-Display f\u00fchren, sind sehr h\u00e4ufig; Sie sind nicht der Einzige. Konzentrieren Sie sich auf die L\u00f6sung, die zum Gl\u00fcck in Ihrer Reichweite liegt: Bringen Sie Ihr Sony Xperia X Compact mit dem zerbrochenen Display in eine iRiparo-Filiale.<\/p>\n<p><strong>Wir ersetzen Ihr Handy Display durch ein hochwertiges Sony Display oder durch ein kompatibles und garantieren Ihnen einen Qualit\u00e4tsservice zu einem unschlagbaren Preis. <\/strong><\/p>\n<p>Unsere Mitarbeiter werden st\u00e4ndig geschult, um Ihnen die beste Unterst\u00fctzung bei der Reparatur des Bildschirms Ihres Sony Xperia X Compact zu bieten.<\/strong><\/p>\n<p>Wir schlie\u00dfen die Sony Xperia X Compact Bildschirmreparatur mit einer zertifizierten 12 mesi Garantie ab. Wenn Ihr Sony Xperia X Compact auf den Boden f\u00e4llt und das Display in tausend St\u00fccke zerspringt, machen Sie sich keine Sorgen; iRiparo ist die L\u00f6sung.<\/p>\n","protected":false},"excerpt":{"rendered":"<p>Eine der am h\u00e4ufigsten nachgefragten Dienstleistungen f\u00fcr unsere Fachtechniker ist laut einer internen Statistik in unseren Filialen der Austausch von kaputten LCD&#8230;<\/p>\n","protected":false},"featured_media":0,"comment_status":"closed","ping_status":"open","template":"","meta":[],"product_cat":[95623,94796,94924],"product_tag":[],"_links":{"self":[{"href":"https:\/\/iriparo.com\/de\/wp-json\/wp\/v2\/product\/299899"}],"collection":[{"href":"https:\/\/iriparo.com\/de\/wp-json\/wp\/v2\/product"}],"about":[{"href":"https:\/\/iriparo.com\/de\/wp-json\/wp\/v2\/types\/product"}],"replies":[{"embeddable":true,"href":"https:\/\/iriparo.com\/de\/wp-json\/wp\/v2\/comments?post=299899"}],"wp:attachment":[{"href":"https:\/\/iriparo.com\/de\/wp-json\/wp\/v2\/media?parent=299899"}],"wp:term":[{"taxonomy":"product_cat","embeddable":true,"href":"https:\/\/iriparo.com\/de\/wp-json\/wp\/v2\/product_cat?post=299899"},{"taxonomy":"product_tag","embeddable":true,"href":"https:\/\/iriparo.com\/de\/wp-json\/wp\/v2\/product_tag?post=299899"}],"curies":[{"name":"wp","href":"https:\/\/api.w.org\/{rel}","templated":true}]}}