{"id":299937,"date":"2022-10-20T14:36:23","date_gmt":"2022-10-20T12:36:23","guid":{"rendered":"https:\/\/iriparo.com\/unkategorisiert\/ersatz-flex-lautstarke-und-power-tasten-sony-xperia-xz3\/"},"modified":"2022-10-20T14:36:26","modified_gmt":"2022-10-20T12:36:26","slug":"ersatz-flex-lautstarke-und-power-tasten-sony-xperia-xz3","status":"publish","type":"product","link":"https:\/\/iriparo.com\/de\/sony-xperia-xz3-repairs-assistance-sony-mobile-repairs-assistance-mobile-reparatur-hilfe\/ersatz-flex-lautstarke-und-power-tasten-sony-xperia-xz3\/","title":{"rendered":"Ersatz Flex-Lautst\u00e4rke und Power-Tasten"},"content":{"rendered":"<p>Brauchst du ein <strong> Ersatz Flex-Lautst\u00e4rke und Power-Tasten<\/strong> f\u00fcr dein <strong>Sony Xperia XZ3<\/strong>? iRiparo ist die endg\u00fcltige L\u00f6sung f\u00fcr dein Ger\u00e4t. An Ihrem Xperia XZ3 wird die Ersatz Flex-Lautst\u00e4rke und Power-Tasten von unseren spezialisierten Technikern durchgef\u00fchrt, die eine schnelle und qualitativ hochwertige Reparatur garantieren.<\/p>\n<p>Heute hat unsere Express-Reparatur-Franchise-Kette \u00fcber <strong>373 aktive Filialen<\/strong> mit der Kompetenz von \u00fcber 830000 Reparaturen. Und das ist noch nicht alles! Alle unsere Reparaturen werden mit einer zertifizierten 12 mesi landesweit g\u00fcltigen Garantie durchgef\u00fchrt. Halten Sie sich nicht mit Ihren Problemen auf, iRiparo ist die L\u00f6sung.<\/p>\n","protected":false},"excerpt":{"rendered":"<p>Brauchst du ein Ersatz Flex-Lautst\u00e4rke und Power-Tasten f\u00fcr dein Sony Xperia XZ3? iRiparo ist die endg\u00fcltige L\u00f6sung f\u00fcr dein Ger\u00e4t. An Ihrem&#8230;<\/p>\n","protected":false},"featured_media":0,"comment_status":"closed","ping_status":"open","template":"","meta":[],"product_cat":[95630,94796,94924],"product_tag":[],"_links":{"self":[{"href":"https:\/\/iriparo.com\/de\/wp-json\/wp\/v2\/product\/299937"}],"collection":[{"href":"https:\/\/iriparo.com\/de\/wp-json\/wp\/v2\/product"}],"about":[{"href":"https:\/\/iriparo.com\/de\/wp-json\/wp\/v2\/types\/product"}],"replies":[{"embeddable":true,"href":"https:\/\/iriparo.com\/de\/wp-json\/wp\/v2\/comments?post=299937"}],"wp:attachment":[{"href":"https:\/\/iriparo.com\/de\/wp-json\/wp\/v2\/media?parent=299937"}],"wp:term":[{"taxonomy":"product_cat","embeddable":true,"href":"https:\/\/iriparo.com\/de\/wp-json\/wp\/v2\/product_cat?post=299937"},{"taxonomy":"product_tag","embeddable":true,"href":"https:\/\/iriparo.com\/de\/wp-json\/wp\/v2\/product_tag?post=299937"}],"curies":[{"name":"wp","href":"https:\/\/api.w.org\/{rel}","templated":true}]}}