{"id":299983,"date":"2022-10-20T14:36:36","date_gmt":"2022-10-20T12:36:36","guid":{"rendered":"https:\/\/iriparo.com\/unkategorisiert\/ersatzbuchse-audio-sony-xperia-z5-compact\/"},"modified":"2022-10-20T14:36:40","modified_gmt":"2022-10-20T12:36:40","slug":"ersatzbuchse-audio-sony-xperia-z5-compact","status":"publish","type":"product","link":"https:\/\/iriparo.com\/de\/sony-xperia-z5-compact-repairs-assistance-sony-mobile-repairs-assistance-mobile-reparatur-hilfe\/ersatzbuchse-audio-sony-xperia-z5-compact\/","title":{"rendered":"Ersatzbuchse Audio"},"content":{"rendered":"<p>Brauchst du ein <strong> Ersatzbuchse Audio<\/strong> f\u00fcr dein <strong>Sony Xperia Z5 Compact<\/strong>? iRiparo ist die endg\u00fcltige L\u00f6sung f\u00fcr dein Ger\u00e4t. An Ihrem Xperia Z5 Compact wird die Ersatzbuchse Audio von unseren spezialisierten Technikern durchgef\u00fchrt, die eine schnelle und qualitativ hochwertige Reparatur garantieren.<\/p>\n<p>Heute hat unsere Express-Reparatur-Franchise-Kette \u00fcber <strong>373 aktive Filialen<\/strong> mit der Kompetenz von \u00fcber 830000 Reparaturen. Und das ist noch nicht alles! Alle unsere Reparaturen werden mit einer zertifizierten 12 mesi landesweit g\u00fcltigen Garantie durchgef\u00fchrt. Halten Sie sich nicht mit Ihren Problemen auf, iRiparo ist die L\u00f6sung.<\/p>\n","protected":false},"excerpt":{"rendered":"<p>Brauchst du ein Ersatzbuchse Audio f\u00fcr dein Sony Xperia Z5 Compact? iRiparo ist die endg\u00fcltige L\u00f6sung f\u00fcr dein Ger\u00e4t. An Ihrem Xperia&#8230;<\/p>\n","protected":false},"featured_media":0,"comment_status":"closed","ping_status":"open","template":"","meta":[],"product_cat":[95627,94796,94924],"product_tag":[],"_links":{"self":[{"href":"https:\/\/iriparo.com\/de\/wp-json\/wp\/v2\/product\/299983"}],"collection":[{"href":"https:\/\/iriparo.com\/de\/wp-json\/wp\/v2\/product"}],"about":[{"href":"https:\/\/iriparo.com\/de\/wp-json\/wp\/v2\/types\/product"}],"replies":[{"embeddable":true,"href":"https:\/\/iriparo.com\/de\/wp-json\/wp\/v2\/comments?post=299983"}],"wp:attachment":[{"href":"https:\/\/iriparo.com\/de\/wp-json\/wp\/v2\/media?parent=299983"}],"wp:term":[{"taxonomy":"product_cat","embeddable":true,"href":"https:\/\/iriparo.com\/de\/wp-json\/wp\/v2\/product_cat?post=299983"},{"taxonomy":"product_tag","embeddable":true,"href":"https:\/\/iriparo.com\/de\/wp-json\/wp\/v2\/product_tag?post=299983"}],"curies":[{"name":"wp","href":"https:\/\/api.w.org\/{rel}","templated":true}]}}