{"id":300002,"date":"2022-10-20T14:36:42","date_gmt":"2022-10-20T12:36:42","guid":{"rendered":"https:\/\/iriparo.com\/unkategorisiert\/ersatz-power-und-lautstarketasten-wiko-view-2\/"},"modified":"2022-10-20T14:36:46","modified_gmt":"2022-10-20T12:36:46","slug":"ersatz-power-und-lautstarketasten-wiko-view-2","status":"publish","type":"product","link":"https:\/\/iriparo.com\/de\/wiko-view-2-repairs-assistance-wiko-mobile-repairs-assistance-mobile-reparatur-hilfe\/ersatz-power-und-lautstarketasten-wiko-view-2\/","title":{"rendered":"Ersatz Power- und Lautst\u00e4rketasten"},"content":{"rendered":"<p>Brauchst du ein <strong> Ersatz Power- und Lautst\u00e4rketasten<\/strong> f\u00fcr dein <strong>Wiko View 2<\/strong>? iRiparo ist die endg\u00fcltige L\u00f6sung f\u00fcr dein Ger\u00e4t. An Ihrem View 2 wird die Ersatz Power- und Lautst\u00e4rketasten von unseren spezialisierten Technikern durchgef\u00fchrt, die eine schnelle und qualitativ hochwertige Reparatur garantieren.<\/p>\n<p>Heute hat unsere Express-Reparatur-Franchise-Kette \u00fcber <strong>373 aktive Filialen<\/strong> mit der Kompetenz von \u00fcber 830000 Reparaturen. Und das ist noch nicht alles! Alle unsere Reparaturen werden mit einer zertifizierten 12 mesi landesweit g\u00fcltigen Garantie durchgef\u00fchrt. Halten Sie sich nicht mit Ihren Problemen auf, iRiparo ist die L\u00f6sung.<\/p>\n","protected":false},"excerpt":{"rendered":"<p>Brauchst du ein Ersatz Power- und Lautst\u00e4rketasten f\u00fcr dein Wiko View 2? iRiparo ist die endg\u00fcltige L\u00f6sung f\u00fcr dein Ger\u00e4t. An Ihrem&#8230;<\/p>\n","protected":false},"featured_media":0,"comment_status":"closed","ping_status":"open","template":"","meta":[],"product_cat":[95641,94796,94929],"product_tag":[],"_links":{"self":[{"href":"https:\/\/iriparo.com\/de\/wp-json\/wp\/v2\/product\/300002"}],"collection":[{"href":"https:\/\/iriparo.com\/de\/wp-json\/wp\/v2\/product"}],"about":[{"href":"https:\/\/iriparo.com\/de\/wp-json\/wp\/v2\/types\/product"}],"replies":[{"embeddable":true,"href":"https:\/\/iriparo.com\/de\/wp-json\/wp\/v2\/comments?post=300002"}],"wp:attachment":[{"href":"https:\/\/iriparo.com\/de\/wp-json\/wp\/v2\/media?parent=300002"}],"wp:term":[{"taxonomy":"product_cat","embeddable":true,"href":"https:\/\/iriparo.com\/de\/wp-json\/wp\/v2\/product_cat?post=300002"},{"taxonomy":"product_tag","embeddable":true,"href":"https:\/\/iriparo.com\/de\/wp-json\/wp\/v2\/product_tag?post=300002"}],"curies":[{"name":"wp","href":"https:\/\/api.w.org\/{rel}","templated":true}]}}