{"id":300053,"date":"2022-10-20T14:37:00","date_gmt":"2022-10-20T12:37:00","guid":{"rendered":"https:\/\/iriparo.com\/unkategorisiert\/ersatz-ohrhorer-xiaomi-mi-11\/"},"modified":"2022-10-20T14:37:03","modified_gmt":"2022-10-20T12:37:03","slug":"ersatz-ohrhorer-xiaomi-mi-11","status":"publish","type":"product","link":"https:\/\/iriparo.com\/de\/xiaomi-mi-11-repairs-assistance-xiaomi-mobile-repairs-unterstuetzung\/ersatz-ohrhorer-xiaomi-mi-11\/","title":{"rendered":"Ersatz Ohrh\u00f6rer"},"content":{"rendered":"<p>Brauchst du ein <strong> Ersatz Ohrh\u00f6rer<\/strong> f\u00fcr dein <strong>Xiaomi Mi 11<\/strong>? iRiparo ist die endg\u00fcltige L\u00f6sung f\u00fcr dein Ger\u00e4t. An Ihrem Mi 11 wird die Ersatz Ohrh\u00f6rer von unseren spezialisierten Technikern durchgef\u00fchrt, die eine schnelle und qualitativ hochwertige Reparatur garantieren.<\/p>\n<p>Heute hat unsere Express-Reparatur-Franchise-Kette \u00fcber <strong>373 aktive Filialen<\/strong> mit der Kompetenz von \u00fcber 830000 Reparaturen. Und das ist noch nicht alles! Alle unsere Reparaturen werden mit einer zertifizierten 12 mesi landesweit g\u00fcltigen Garantie durchgef\u00fchrt. Halten Sie sich nicht mit Ihren Problemen auf, iRiparo ist die L\u00f6sung.<\/p>\n","protected":false},"excerpt":{"rendered":"<p>Brauchst du ein Ersatz Ohrh\u00f6rer f\u00fcr dein Xiaomi Mi 11? iRiparo ist die endg\u00fcltige L\u00f6sung f\u00fcr dein Ger\u00e4t. An Ihrem Mi 11&#8230;<\/p>\n","protected":false},"featured_media":0,"comment_status":"closed","ping_status":"open","template":"","meta":[],"product_cat":[95695,94796,94930],"product_tag":[],"_links":{"self":[{"href":"https:\/\/iriparo.com\/de\/wp-json\/wp\/v2\/product\/300053"}],"collection":[{"href":"https:\/\/iriparo.com\/de\/wp-json\/wp\/v2\/product"}],"about":[{"href":"https:\/\/iriparo.com\/de\/wp-json\/wp\/v2\/types\/product"}],"replies":[{"embeddable":true,"href":"https:\/\/iriparo.com\/de\/wp-json\/wp\/v2\/comments?post=300053"}],"wp:attachment":[{"href":"https:\/\/iriparo.com\/de\/wp-json\/wp\/v2\/media?parent=300053"}],"wp:term":[{"taxonomy":"product_cat","embeddable":true,"href":"https:\/\/iriparo.com\/de\/wp-json\/wp\/v2\/product_cat?post=300053"},{"taxonomy":"product_tag","embeddable":true,"href":"https:\/\/iriparo.com\/de\/wp-json\/wp\/v2\/product_tag?post=300053"}],"curies":[{"name":"wp","href":"https:\/\/api.w.org\/{rel}","templated":true}]}}