{"id":300083,"date":"2022-10-20T14:38:09","date_gmt":"2022-10-20T12:38:09","guid":{"rendered":"https:\/\/iriparo.com\/unkategorisiert\/ersatz-ruckseite-xiaomi-mi-6\/"},"modified":"2022-10-20T14:38:10","modified_gmt":"2022-10-20T12:38:10","slug":"ersatz-ruckseite-xiaomi-mi-6","status":"publish","type":"product","link":"https:\/\/iriparo.com\/de\/xiaomi-mi-6-repairs-assistance-xiaomi-mobile-repairs-unterstuetzung\/ersatz-ruckseite-xiaomi-mi-6\/","title":{"rendered":"Ersatz-R\u00fcckseite"},"content":{"rendered":"<p>Brauchst du ein <strong> Ersatz-R\u00fcckseite<\/strong> f\u00fcr dein <strong>Xiaomi Mi 6<\/strong>? iRiparo ist die endg\u00fcltige L\u00f6sung f\u00fcr dein Ger\u00e4t. An Ihrem Mi 6 wird die Ersatz-R\u00fcckseite von unseren spezialisierten Technikern durchgef\u00fchrt, die eine schnelle und qualitativ hochwertige Reparatur garantieren.<\/p>\n<p>Heute hat unsere Express-Reparatur-Franchise-Kette \u00fcber <strong>373 aktive Filialen<\/strong> mit der Kompetenz von \u00fcber 830000 Reparaturen. Und das ist noch nicht alles! Alle unsere Reparaturen werden mit einer zertifizierten 0 giorni landesweit g\u00fcltigen Garantie durchgef\u00fchrt. Halten Sie sich nicht mit Ihren Problemen auf, iRiparo ist die L\u00f6sung.<\/p>\n","protected":false},"excerpt":{"rendered":"<p>Brauchst du ein Ersatz-R\u00fcckseite f\u00fcr dein Xiaomi Mi 6? iRiparo ist die endg\u00fcltige L\u00f6sung f\u00fcr dein Ger\u00e4t. An Ihrem Mi 6 wird&#8230;<\/p>\n","protected":false},"featured_media":0,"comment_status":"closed","ping_status":"open","template":"","meta":[],"product_cat":[95720,94796,94930],"product_tag":[],"_links":{"self":[{"href":"https:\/\/iriparo.com\/de\/wp-json\/wp\/v2\/product\/300083"}],"collection":[{"href":"https:\/\/iriparo.com\/de\/wp-json\/wp\/v2\/product"}],"about":[{"href":"https:\/\/iriparo.com\/de\/wp-json\/wp\/v2\/types\/product"}],"replies":[{"embeddable":true,"href":"https:\/\/iriparo.com\/de\/wp-json\/wp\/v2\/comments?post=300083"}],"wp:attachment":[{"href":"https:\/\/iriparo.com\/de\/wp-json\/wp\/v2\/media?parent=300083"}],"wp:term":[{"taxonomy":"product_cat","embeddable":true,"href":"https:\/\/iriparo.com\/de\/wp-json\/wp\/v2\/product_cat?post=300083"},{"taxonomy":"product_tag","embeddable":true,"href":"https:\/\/iriparo.com\/de\/wp-json\/wp\/v2\/product_tag?post=300083"}],"curies":[{"name":"wp","href":"https:\/\/api.w.org\/{rel}","templated":true}]}}