{"id":300114,"date":"2022-10-20T14:38:16","date_gmt":"2022-10-20T12:38:16","guid":{"rendered":"https:\/\/iriparo.com\/unkategorisiert\/reparasso-cmera-frontal-xiaomi-mi-9t\/"},"modified":"2022-10-20T14:38:20","modified_gmt":"2022-10-20T12:38:20","slug":"reparasso-cmera-frontal-xiaomi-mi-9t","status":"publish","type":"product","link":"https:\/\/iriparo.com\/de\/xiaomi-mi-9t-repairs-assistance-xiaomi-mobile-repairs-unterstuetzung\/reparasso-cmera-frontal-xiaomi-mi-9t\/","title":{"rendered":"Repara\u221a\u00df\u221a\u00a3o C\u221a\u00a2mera Frontal"},"content":{"rendered":"<p>Brauchst du ein <strong> Repara\u221a\u00df\u221a\u00a3o C\u221a\u00a2mera Frontal<\/strong> f\u00fcr dein <strong>Xiaomi MI 9T<\/strong>? iRiparo ist die endg\u00fcltige L\u00f6sung f\u00fcr dein Ger\u00e4t. An Ihrem MI 9T wird die Repara\u221a\u00df\u221a\u00a3o C\u221a\u00a2mera Frontal von unseren spezialisierten Technikern durchgef\u00fchrt, die eine schnelle und qualitativ hochwertige Reparatur garantieren.<\/p>\n<p>Heute hat unsere Express-Reparatur-Franchise-Kette \u00fcber <strong>373 aktive Filialen<\/strong> mit der Kompetenz von \u00fcber 830000 Reparaturen. Und das ist noch nicht alles! Alle unsere Reparaturen werden mit einer zertifizierten 12 mesi landesweit g\u00fcltigen Garantie durchgef\u00fchrt. Halten Sie sich nicht mit Ihren Problemen auf, iRiparo ist die L\u00f6sung.<\/p>\n","protected":false},"excerpt":{"rendered":"<p>Brauchst du ein Repara\u221a\u00df\u221a\u00a3o C\u221a\u00a2mera Frontal f\u00fcr dein Xiaomi MI 9T? iRiparo ist die endg\u00fcltige L\u00f6sung f\u00fcr dein Ger\u00e4t. An Ihrem MI&#8230;<\/p>\n","protected":false},"featured_media":0,"comment_status":"closed","ping_status":"open","template":"","meta":[],"product_cat":[95716,94796,94930],"product_tag":[],"_links":{"self":[{"href":"https:\/\/iriparo.com\/de\/wp-json\/wp\/v2\/product\/300114"}],"collection":[{"href":"https:\/\/iriparo.com\/de\/wp-json\/wp\/v2\/product"}],"about":[{"href":"https:\/\/iriparo.com\/de\/wp-json\/wp\/v2\/types\/product"}],"replies":[{"embeddable":true,"href":"https:\/\/iriparo.com\/de\/wp-json\/wp\/v2\/comments?post=300114"}],"wp:attachment":[{"href":"https:\/\/iriparo.com\/de\/wp-json\/wp\/v2\/media?parent=300114"}],"wp:term":[{"taxonomy":"product_cat","embeddable":true,"href":"https:\/\/iriparo.com\/de\/wp-json\/wp\/v2\/product_cat?post=300114"},{"taxonomy":"product_tag","embeddable":true,"href":"https:\/\/iriparo.com\/de\/wp-json\/wp\/v2\/product_tag?post=300114"}],"curies":[{"name":"wp","href":"https:\/\/api.w.org\/{rel}","templated":true}]}}