{"id":300213,"date":"2022-10-20T14:38:48","date_gmt":"2022-10-20T12:38:48","guid":{"rendered":"https:\/\/iriparo.com\/unkategorisiert\/ersatz-ladeanschluss-xiaomi-pocophone-f1\/"},"modified":"2022-10-20T14:38:51","modified_gmt":"2022-10-20T12:38:51","slug":"ersatz-ladeanschluss-xiaomi-pocophone-f1","status":"publish","type":"product","link":"https:\/\/iriparo.com\/de\/xiaomi-pocophone-f1-repairs-assistance-xiaomi-mobile-repairs-unterstuetzung\/ersatz-ladeanschluss-xiaomi-pocophone-f1\/","title":{"rendered":"Ersatz-Ladeanschluss"},"content":{"rendered":"<p>Brauchst du ein <strong> Ersatz-Ladeanschluss<\/strong> f\u00fcr dein <strong>Xiaomi Pocophone F1<\/strong>? iRiparo ist die endg\u00fcltige L\u00f6sung f\u00fcr dein Ger\u00e4t. An Ihrem Pocophone F1 wird die Ersatz-Ladeanschluss von unseren spezialisierten Technikern durchgef\u00fchrt, die eine schnelle und qualitativ hochwertige Reparatur garantieren.<\/p>\n<p>Heute hat unsere Express-Reparatur-Franchise-Kette \u00fcber <strong>373 aktive Filialen<\/strong> mit der Kompetenz von \u00fcber 830000 Reparaturen. Und das ist noch nicht alles! Alle unsere Reparaturen werden mit einer zertifizierten 12 mesi landesweit g\u00fcltigen Garantie durchgef\u00fchrt. Halten Sie sich nicht mit Ihren Problemen auf, iRiparo ist die L\u00f6sung.<\/p>\n","protected":false},"excerpt":{"rendered":"<p>Brauchst du ein Ersatz-Ladeanschluss f\u00fcr dein Xiaomi Pocophone F1? iRiparo ist die endg\u00fcltige L\u00f6sung f\u00fcr dein Ger\u00e4t. An Ihrem Pocophone F1 wird&#8230;<\/p>\n","protected":false},"featured_media":0,"comment_status":"closed","ping_status":"open","template":"","meta":[],"product_cat":[95722,94796,94930],"product_tag":[],"_links":{"self":[{"href":"https:\/\/iriparo.com\/de\/wp-json\/wp\/v2\/product\/300213"}],"collection":[{"href":"https:\/\/iriparo.com\/de\/wp-json\/wp\/v2\/product"}],"about":[{"href":"https:\/\/iriparo.com\/de\/wp-json\/wp\/v2\/types\/product"}],"replies":[{"embeddable":true,"href":"https:\/\/iriparo.com\/de\/wp-json\/wp\/v2\/comments?post=300213"}],"wp:attachment":[{"href":"https:\/\/iriparo.com\/de\/wp-json\/wp\/v2\/media?parent=300213"}],"wp:term":[{"taxonomy":"product_cat","embeddable":true,"href":"https:\/\/iriparo.com\/de\/wp-json\/wp\/v2\/product_cat?post=300213"},{"taxonomy":"product_tag","embeddable":true,"href":"https:\/\/iriparo.com\/de\/wp-json\/wp\/v2\/product_tag?post=300213"}],"curies":[{"name":"wp","href":"https:\/\/api.w.org\/{rel}","templated":true}]}}