{"id":300290,"date":"2022-10-20T14:40:11","date_gmt":"2022-10-20T12:40:11","guid":{"rendered":"https:\/\/iriparo.com\/unkategorisiert\/ersatz-ladestation-xiaomi-redmi-note-4x\/"},"modified":"2022-10-20T14:40:14","modified_gmt":"2022-10-20T12:40:14","slug":"ersatz-ladestation-xiaomi-redmi-note-4x","status":"publish","type":"product","link":"https:\/\/iriparo.com\/de\/xiaomi-redmi-note-4x-repairs-assistance-xiaomi-mobile-repairs-unterstuetzung\/ersatz-ladestation-xiaomi-redmi-note-4x\/","title":{"rendered":"Ersatz-Ladestation"},"content":{"rendered":"<p>Brauchst du ein <strong> Ersatz-Ladestation<\/strong> f\u00fcr dein <strong>Xiaomi Redmi Note 4X<\/strong>? iRiparo ist die endg\u00fcltige L\u00f6sung f\u00fcr dein Ger\u00e4t. An Ihrem Redmi Note 4X wird die Ersatz-Ladestation von unseren spezialisierten Technikern durchgef\u00fchrt, die eine schnelle und qualitativ hochwertige Reparatur garantieren.<\/p>\n<p>Heute hat unsere Express-Reparatur-Franchise-Kette \u00fcber <strong>373 aktive Filialen<\/strong> mit der Kompetenz von \u00fcber 830000 Reparaturen. Und das ist noch nicht alles! Alle unsere Reparaturen werden mit einer zertifizierten 6 mesi landesweit g\u00fcltigen Garantie durchgef\u00fchrt. Halten Sie sich nicht mit Ihren Problemen auf, iRiparo ist die L\u00f6sung.<\/p>\n","protected":false},"excerpt":{"rendered":"<p>Brauchst du ein Ersatz-Ladestation f\u00fcr dein Xiaomi Redmi Note 4X? iRiparo ist die endg\u00fcltige L\u00f6sung f\u00fcr dein Ger\u00e4t. An Ihrem Redmi Note&#8230;<\/p>\n","protected":false},"featured_media":0,"comment_status":"closed","ping_status":"open","template":"","meta":[],"product_cat":[95650,94796,94930],"product_tag":[],"_links":{"self":[{"href":"https:\/\/iriparo.com\/de\/wp-json\/wp\/v2\/product\/300290"}],"collection":[{"href":"https:\/\/iriparo.com\/de\/wp-json\/wp\/v2\/product"}],"about":[{"href":"https:\/\/iriparo.com\/de\/wp-json\/wp\/v2\/types\/product"}],"replies":[{"embeddable":true,"href":"https:\/\/iriparo.com\/de\/wp-json\/wp\/v2\/comments?post=300290"}],"wp:attachment":[{"href":"https:\/\/iriparo.com\/de\/wp-json\/wp\/v2\/media?parent=300290"}],"wp:term":[{"taxonomy":"product_cat","embeddable":true,"href":"https:\/\/iriparo.com\/de\/wp-json\/wp\/v2\/product_cat?post=300290"},{"taxonomy":"product_tag","embeddable":true,"href":"https:\/\/iriparo.com\/de\/wp-json\/wp\/v2\/product_tag?post=300290"}],"curies":[{"name":"wp","href":"https:\/\/api.w.org\/{rel}","templated":true}]}}