{"id":300302,"date":"2022-10-20T14:40:17","date_gmt":"2022-10-20T12:40:17","guid":{"rendered":"https:\/\/iriparo.com\/unkategorisiert\/rparation-flex-bouton-de-volume-et-connecteur-on-off-xiaomi-redmi-note-5a\/"},"modified":"2022-10-20T14:40:18","modified_gmt":"2022-10-20T12:40:18","slug":"rparation-flex-bouton-de-volume-et-connecteur-on-off-xiaomi-redmi-note-5a","status":"publish","type":"product","link":"https:\/\/iriparo.com\/de\/xiaomi-redmi-note-5a-repairs-assistance-xiaomi-mobile-repairs-unterstuetzung\/rparation-flex-bouton-de-volume-et-connecteur-on-off-xiaomi-redmi-note-5a\/","title":{"rendered":"R\u221a\u00a9paration Flex bouton de volume et Connecteur on\/off"},"content":{"rendered":"<p>Brauchst du ein <strong> R\u221a\u00a9paration Flex bouton de volume et Connecteur on\/off<\/strong> f\u00fcr dein <strong>Xiaomi Redmi Note 5A<\/strong>? iRiparo ist die endg\u00fcltige L\u00f6sung f\u00fcr dein Ger\u00e4t. An Ihrem Redmi Note 5A wird die R\u221a\u00a9paration Flex bouton de volume et Connecteur on\/off von unseren spezialisierten Technikern durchgef\u00fchrt, die eine schnelle und qualitativ hochwertige Reparatur garantieren.<\/p>\n<p>Heute hat unsere Express-Reparatur-Franchise-Kette \u00fcber <strong>373 aktive Filialen<\/strong> mit der Kompetenz von \u00fcber 830000 Reparaturen. Und das ist noch nicht alles! Alle unsere Reparaturen werden mit einer zertifizierten 12 mesi landesweit g\u00fcltigen Garantie durchgef\u00fchrt. Halten Sie sich nicht mit Ihren Problemen auf, iRiparo ist die L\u00f6sung.<\/p>\n","protected":false},"excerpt":{"rendered":"<p>Brauchst du ein R\u221a\u00a9paration Flex bouton de volume et Connecteur on\/off f\u00fcr dein Xiaomi Redmi Note 5A? iRiparo ist die endg\u00fcltige L\u00f6sung&#8230;<\/p>\n","protected":false},"featured_media":0,"comment_status":"closed","ping_status":"open","template":"","meta":[],"product_cat":[95727,94796,94930],"product_tag":[],"_links":{"self":[{"href":"https:\/\/iriparo.com\/de\/wp-json\/wp\/v2\/product\/300302"}],"collection":[{"href":"https:\/\/iriparo.com\/de\/wp-json\/wp\/v2\/product"}],"about":[{"href":"https:\/\/iriparo.com\/de\/wp-json\/wp\/v2\/types\/product"}],"replies":[{"embeddable":true,"href":"https:\/\/iriparo.com\/de\/wp-json\/wp\/v2\/comments?post=300302"}],"wp:attachment":[{"href":"https:\/\/iriparo.com\/de\/wp-json\/wp\/v2\/media?parent=300302"}],"wp:term":[{"taxonomy":"product_cat","embeddable":true,"href":"https:\/\/iriparo.com\/de\/wp-json\/wp\/v2\/product_cat?post=300302"},{"taxonomy":"product_tag","embeddable":true,"href":"https:\/\/iriparo.com\/de\/wp-json\/wp\/v2\/product_tag?post=300302"}],"curies":[{"name":"wp","href":"https:\/\/api.w.org\/{rel}","templated":true}]}}