{"id":160716,"date":"2018-12-27T11:19:53","date_gmt":"2018-12-27T10:19:53","guid":{"rendered":"https:\/\/iriparo.com\/?page_id=160716"},"modified":"2022-02-18T09:21:50","modified_gmt":"2022-02-18T08:21:50","slug":"alypuhelimien-lisalaitteet","status":"publish","type":"page","link":"https:\/\/iriparo.com\/fi\/alypuhelimien-lisalaitteet\/","title":{"rendered":"\u00c4lypuhelimien ja tablettien lis\u00e4laitteet"},"content":{"rendered":"<section class=\"wpb-content-wrapper\"><p>[vc_row full_width=&#8221;stretch_row&#8221; css=&#8221;.vc_custom_1630050189330{margin-bottom: 0px !important;}&#8221;][vc_column]\n\t\t\t<section class=\" cover height-100 imagebg text-center\" data-overlay=\"7\" >\n\t\t\t    <div class=\"background-image-holder\">\n\t\t\t        <img loading=\"lazy\" decoding=\"async\" width=\"1920\" height=\"1100\" src=\"https:\/\/iriparo.com\/wp-content\/uploads\/2021\/08\/prova-sfondo-parallex-1.jpg\" class=\"attachment-full size-full\" alt=\"accessori per il tuo telefono smartphone\" srcset=\"https:\/\/iriparo.com\/wp-content\/uploads\/2021\/08\/prova-sfondo-parallex-1.jpg 1920w, https:\/\/iriparo.com\/wp-content\/uploads\/2021\/08\/prova-sfondo-parallex-1-500x286.jpg 500w, https:\/\/iriparo.com\/wp-content\/uploads\/2021\/08\/prova-sfondo-parallex-1-700x401.jpg 700w, https:\/\/iriparo.com\/wp-content\/uploads\/2021\/08\/prova-sfondo-parallex-1-300x172.jpg 300w, https:\/\/iriparo.com\/wp-content\/uploads\/2021\/08\/prova-sfondo-parallex-1-1024x587.jpg 1024w, https:\/\/iriparo.com\/wp-content\/uploads\/2021\/08\/prova-sfondo-parallex-1-768x440.jpg 768w, https:\/\/iriparo.com\/wp-content\/uploads\/2021\/08\/prova-sfondo-parallex-1-1536x880.jpg 1536w\" sizes=\"(max-width: 1920px) 100vw, 1920px\" \/>\n\t\t\t    <\/div>\n\t\t\t    <div class=\"container pos-vertical-center\">\n\t\t\t        <div class=\"row\">\n\t\t\t            <div class=\"col-sm-12\">[vc_column_text]<\/p>\n<h1><span>Alypuhelimien lis\u00e4laitteet<\/span><\/h1>\n<p><span>Smart Solution lis\u00e4varusteet puhelimille vain Iriparosta &#8211; tarpeelliset lis\u00e4laitteet kotiin, autoon ja vapaa-ajalle. Smart Solution lis\u00e4laitteet eiv\u00e4t koskaan j\u00e4t\u00e4 sinua yksin.<\/span>[\/vc_column_text][vc_empty_space][vc_btn title=&#8221;Laaja valikoima&#8221; style=&#8221;flat&#8221; color=&#8221;primary&#8221; i_align=&#8221;right&#8221; i_icon_fontawesome=&#8221;fas fa-arrow-circle-down&#8221; add_icon=&#8221;true&#8221; link=&#8221;url:%23gamma&#8221;][vc_empty_space]<\/div>\n\t\t\t        <\/div><!--end of row-->\n\t\t\t    <\/div><!--end of container-->\n\t\t\t    \n\t\t\t<\/section>\n\t\t[\/vc_column][\/vc_row][vc_section][vc_row content_width=&#8221;grid&#8221;][vc_column el_id=&#8221;gamma&#8221;][vc_column_text]<\/p>\n<h3 class=\"text-center\">Laaja valikoima lis\u00e4laitteita \u00e4lypuhelimelle:<\/h3>\n<p>[\/vc_column_text][vc_empty_space height=&#8221;64px&#8221;][\/vc_column][\/vc_row][vc_row content_width=&#8221;grid&#8221;][vc_column width=&#8221;1\/4&#8243;][vc_empty_space][vc_hoverbox image=&#8221;206976&#8243; primary_title=&#8221;&#8221; hover_title=&#8221;&#8221; hover_background_color=&#8221;custom&#8221; hover_custom_background=&#8221;#34b3e3&#8243;]<\/p>\n<p style=\"color: #ffffff;\">Autopistoke 2:lla USB-l\u00e4hd\u00f6ll\u00e4 5V\/2.4A<\/p>\n<p>[\/vc_hoverbox][vc_column_text]<\/p>\n<h4 class=\"text-center\">AUTOPISTOKE<\/h4>\n<p>[\/vc_column_text][vc_empty_space][\/vc_column][vc_column width=&#8221;1\/4&#8243;][vc_empty_space][vc_hoverbox image=&#8221;206984&#8243; primary_title=&#8221;&#8221; hover_title=&#8221;&#8221; hover_background_color=&#8221;custom&#8221; hover_custom_background=&#8221;#34b3e3&#8243;]<\/p>\n<p style=\"color: #ffffff;\">Varavirtal\u00e4hde 4000mAh kahdella USB-portilla Input\/Output 5V\/1A<\/p>\n<p>[\/vc_hoverbox][vc_column_text]<\/p>\n<h4 class=\"text-center\">Varavirtal\u00e4hde 4000<\/h4>\n<p>[\/vc_column_text][vc_empty_space][\/vc_column][vc_column width=&#8221;1\/4&#8243;][vc_empty_space][vc_hoverbox image=&#8221;206993&#8243; primary_title=&#8221;&#8221; hover_title=&#8221;&#8221; hover_background_color=&#8221;custom&#8221; hover_custom_background=&#8221;#34b3e3&#8243;]<\/p>\n<p style=\"color: #ffffff;\">Peruslaturi laitteille, jotka tukevat langatonta lataamista<\/p>\n<p>[\/vc_hoverbox][vc_column_text]<\/p>\n<h4 class=\"text-center\">LANGATON PERUSLATURI<\/h4>\n<p>[\/vc_column_text][vc_empty_space][\/vc_column][vc_column width=&#8221;1\/4&#8243;][vc_empty_space][vc_hoverbox image=&#8221;207001&#8243; primary_title=&#8221;&#8221; hover_title=&#8221;&#8221; hover_background_color=&#8221;custom&#8221; hover_custom_background=&#8221;#34b3e3&#8243;]<\/p>\n<p style=\"color: #ffffff;\">Langaton autolaturi puhelimille jotka tukevat langatonta latausta<\/p>\n<p>[\/vc_hoverbox][vc_column_text]<\/p>\n<h4 class=\"text-center\">LANGATON AUTOLATURI<\/h4>\n<p>[\/vc_column_text][vc_empty_space][\/vc_column][\/vc_row][vc_row content_width=&#8221;grid&#8221;][vc_column width=&#8221;1\/4&#8243;][vc_empty_space][vc_hoverbox image=&#8221;207012&#8243; primary_title=&#8221;&#8221; hover_title=&#8221;&#8221; hover_background_color=&#8221;custom&#8221; hover_custom_background=&#8221;#34b3e3&#8243;]<\/p>\n<p style=\"color: #ffffff;\">S\u00e4\u00e4dett\u00e4v\u00e4 puhelinteline auton tuuletusritil\u00e4\u00e4n. Enimm\u00e4iskoko 8.5cm<\/p>\n<p>[\/vc_hoverbox][vc_column_text]<\/p>\n<h4 class=\"text-center\">AUTOTUKI<\/h4>\n<p>[\/vc_column_text][vc_empty_space][\/vc_column][vc_column width=&#8221;1\/4&#8243;][vc_empty_space][vc_hoverbox image=&#8221;207020&#8243; primary_title=&#8221;&#8221; hover_title=&#8221;&#8221; hover_background_color=&#8221;custom&#8221; hover_custom_background=&#8221;#34b3e3&#8243;]<\/p>\n<p style=\"color: #ffffff;\">Pistoke kahdella USB-l\u00e4hd\u00f6ll\u00e4 5v\/3.1A<\/p>\n<p>[\/vc_hoverbox][vc_column_text]<\/p>\n<h4 class=\"text-center\">SEIN\u00c4PISTOKE 2 USB-L\u00c4HD\u00d6LL\u00c4<\/h4>\n<p>[\/vc_column_text][vc_empty_space][\/vc_column][vc_column width=&#8221;1\/4&#8243;][vc_empty_space][vc_hoverbox image=&#8221;207028&#8243; primary_title=&#8221;&#8221; hover_title=&#8221;&#8221; hover_background_color=&#8221;custom&#8221; hover_custom_background=&#8221;#34b3e3&#8243;]<\/p>\n<p style=\"color: #ffffff;\">Sein\u00e4pistoke yhdell\u00e4 USB-l\u00e4hd\u00f6ll\u00e4 5V\/1A<\/p>\n<p>[\/vc_hoverbox][vc_column_text]<\/p>\n<h4 class=\"text-center\">SEIN\u00c4PISTOKE USB-L\u00c4HD\u00d6LL\u00c4<\/h4>\n<p>[\/vc_column_text][vc_empty_space][\/vc_column][vc_column width=&#8221;1\/4&#8243;][vc_empty_space][vc_hoverbox image=&#8221;207036&#8243; primary_title=&#8221;&#8221; hover_title=&#8221;&#8221; hover_background_color=&#8221;custom&#8221; hover_custom_background=&#8221;#34b3e3&#8243;]<\/p>\n<p style=\"color: #ffffff;\">Kuulokkeet mikrofonilla, 3.5mm liit\u00e4nt\u00e4<\/p>\n<p>[\/vc_hoverbox][vc_column_text]<\/p>\n<h4 class=\"text-center\">KUULOKKEET MIKROFONILLA<\/h4>\n<p>[\/vc_column_text][vc_empty_space][\/vc_column][\/vc_row][vc_row content_width=&#8221;grid&#8221;][vc_column width=&#8221;1\/4&#8243;][vc_empty_space][vc_hoverbox image=&#8221;206948&#8243; primary_title=&#8221;&#8221; hover_title=&#8221;&#8221; hover_background_color=&#8221;custom&#8221; hover_custom_background=&#8221;#34b3e3&#8243;]<\/p>\n<p style=\"color: #ffffff;\">Lightning 1m USB-kaapeli, tukee pikalatausta sek\u00e4 tiedonsiirtoa, ei MFI<\/p>\n<p>[\/vc_hoverbox][vc_column_text]<\/p>\n<h4 class=\"text-center\">LIGHTNING KAAPELI<\/h4>\n<p>[\/vc_column_text][vc_empty_space][\/vc_column][vc_column width=&#8221;1\/4&#8243;][vc_empty_space][vc_hoverbox image=&#8221;206956&#8243; primary_title=&#8221;&#8221; hover_title=&#8221;&#8221; hover_background_color=&#8221;custom&#8221; hover_custom_background=&#8221;#34b3e3&#8243;]<\/p>\n<p style=\"color: #ffffff;\">USB-C 2.0 1m kaapeli, tukee pikalatausta ja tiedonsiirtoa<\/p>\n<p>[\/vc_hoverbox][vc_column_text]<\/p>\n<h4 class=\"text-center\">USB-C KAAPELI<\/h4>\n<p>[\/vc_column_text][vc_empty_space][\/vc_column][vc_column width=&#8221;1\/4&#8243;][vc_empty_space][vc_hoverbox image=&#8221;206964&#8243; primary_title=&#8221;&#8221; hover_title=&#8221;&#8221; hover_background_color=&#8221;custom&#8221; hover_custom_background=&#8221;#34b3e3&#8243;]<\/p>\n<p style=\"color: #ffffff;\">Micro USB 1m kaapeli, tukee pikalatausta ja tiedonsiirtoa<\/p>\n<p>[\/vc_hoverbox][vc_column_text]<\/p>\n<h4 class=\"text-center\">MICRO USB KAAPELI<\/h4>\n<p>[\/vc_column_text][vc_empty_space][\/vc_column][\/vc_row][\/vc_section]<\/p>\n<\/section>","protected":false},"excerpt":{"rendered":"<p>[vc_row full_width=&#8221;stretch_row&#8221; css=&#8221;.vc_custom_1630050189330{margin-bottom: 0px !important;}&#8221;][vc_column][\/vc_column][\/vc_row][vc_section][vc_row content_width=&#8221;grid&#8221;][vc_column el_id=&#8221;gamma&#8221;][vc_column_text] Laaja valikoima lis\u00e4laitteita \u00e4lypuhelimelle: [\/vc_column_text][vc_empty_space height=&#8221;64px&#8221;][\/vc_column][\/vc_row][vc_row content_width=&#8221;grid&#8221;][vc_column width=&#8221;1\/4&#8243;][vc_empty_space][vc_hoverbox image=&#8221;206976&#8243; primary_title=&#8221;&#8221; hover_title=&#8221;&#8221; hover_background_color=&#8221;custom&#8221; hover_custom_background=&#8221;#34b3e3&#8243;] Autopistoke 2:lla&#8230;<\/p>\n","protected":false},"author":2,"featured_media":0,"parent":0,"menu_order":0,"comment_status":"closed","ping_status":"closed","template":"","meta":{"footnotes":""},"_links":{"self":[{"href":"https:\/\/iriparo.com\/fi\/wp-json\/wp\/v2\/pages\/160716"}],"collection":[{"href":"https:\/\/iriparo.com\/fi\/wp-json\/wp\/v2\/pages"}],"about":[{"href":"https:\/\/iriparo.com\/fi\/wp-json\/wp\/v2\/types\/page"}],"author":[{"embeddable":true,"href":"https:\/\/iriparo.com\/fi\/wp-json\/wp\/v2\/users\/2"}],"replies":[{"embeddable":true,"href":"https:\/\/iriparo.com\/fi\/wp-json\/wp\/v2\/comments?post=160716"}],"version-history":[{"count":0,"href":"https:\/\/iriparo.com\/fi\/wp-json\/wp\/v2\/pages\/160716\/revisions"}],"wp:attachment":[{"href":"https:\/\/iriparo.com\/fi\/wp-json\/wp\/v2\/media?parent=160716"}],"curies":[{"name":"wp","href":"https:\/\/api.w.org\/{rel}","templated":true}]}}