{"id":240909,"date":"2019-09-13T14:55:26","date_gmt":"2019-09-13T12:55:26","guid":{"rendered":"https:\/\/iriparo.com\/trasferimento-dati-recupero-backup-telefono-iphone-samsung\/"},"modified":"2022-02-18T09:28:33","modified_gmt":"2022-02-18T08:28:33","slug":"tiedonsiirto-tiedot-palautus-varmuuskopio-puhelin-iphone-samsung","status":"publish","type":"page","link":"https:\/\/iriparo.com\/fi\/tiedonsiirto-tiedot-palautus-varmuuskopio-puhelin-iphone-samsung\/","title":{"rendered":"Tiedonsiirto, varmuuskopio ja  tietojen palautus"},"content":{"rendered":"<section class=\"wpb-content-wrapper\"><p>[vc_row full_width=&#8221;stretch_row&#8221;][vc_column]\n\t\t\t<section class=\"imagebg parallax \" data-overlay=\"3\" >\n\t\t\t\t<div class=\"background-image-holder\"><img loading=\"lazy\" decoding=\"async\" width=\"1920\" height=\"700\" src=\"https:\/\/iriparo.com\/wp-content\/uploads\/2021\/09\/header-trasferimento-dati-3.jpg\" class=\"attachment-full size-full\" alt=\"\" srcset=\"https:\/\/iriparo.com\/wp-content\/uploads\/2021\/09\/header-trasferimento-dati-3.jpg 1920w, https:\/\/iriparo.com\/wp-content\/uploads\/2021\/09\/header-trasferimento-dati-3-500x182.jpg 500w, https:\/\/iriparo.com\/wp-content\/uploads\/2021\/09\/header-trasferimento-dati-3-700x255.jpg 700w, https:\/\/iriparo.com\/wp-content\/uploads\/2021\/09\/header-trasferimento-dati-3-300x109.jpg 300w, https:\/\/iriparo.com\/wp-content\/uploads\/2021\/09\/header-trasferimento-dati-3-1024x373.jpg 1024w, https:\/\/iriparo.com\/wp-content\/uploads\/2021\/09\/header-trasferimento-dati-3-768x280.jpg 768w, https:\/\/iriparo.com\/wp-content\/uploads\/2021\/09\/header-trasferimento-dati-3-1536x560.jpg 1536w\" sizes=\"(max-width: 1920px) 100vw, 1920px\" \/><\/div>\n\t\t\t\t<div class=\"container\">\n\t\t\t\t\t<div class=\"row\">\n\t\t\t\t\t\t<div class=\"col-sm-12\">\n\t\t\t\t\t\t\t<div class=\"cta\">\n\t\t\t\t\t\t\t\t[vc_column_text]<\/p>\n<h1 class=\"title-white\">Tiedonsiirto, varmuuskopio ja tietojen palautus<\/h1>\n<h3 class=\"title-white\">iPhonesta Samsungiin tai Androidista iOS:\u00e4\u00e4n tai toisinp\u00e4in<\/h3>\n<p>[\/vc_column_text]\n\t\t\t\t\t\t\t<\/div>\n\t\t\t\t\t\t<\/div>\n\t\t\t\t\t<\/div><!--end of row-->\n\t\t\t\t<\/div><!--end of container-->\n\t\t\t\t\n\t\t\t<\/section>\n\t\t[\/vc_column][\/vc_row][vc_section][vc_row][vc_column width=&#8221;1\/2&#8243;][vc_empty_space][vc_column_text]<\/p>\n<h2>Tiedonsiirto ei ole koskaan ollut helpompaa!<\/h2>\n<p>[\/vc_column_text][vc_empty_space height=&#8221;16px&#8221;][vc_column_text]Tiedonsiirto kahden eri k\u00e4ytt\u00f6j\u00e4rjestelm\u00e4n v\u00e4lill\u00e4 on nyt mahdollista kiitos iRiparo Transferin, ohjelmisto <strong> tiedonsiirtoon iOS ja Android laitteiden v\u00e4lill\u00e4 kunnioittaen yksityisyytt\u00e4si <\/strong> Palvelu takaa kuvien, yhteystietojen, keskusteluiden ja monen muun t\u00e4ydellisen tiedonsiirron ilman riski\u00e4 menett\u00e4\u00e4 tiedostoja. Tiedot voidaan tallentaa moneen paikkaan, kuten USB tikku. Jos sinulla on ongelmia iCloudin tai Samsung Smart Switchin kanssa tule myym\u00e4l\u00e4\u00e4mme. [\/vc_column_text][vc_empty_space][\/vc_column][vc_column width=&#8221;1\/2&#8243;][vc_single_image image=&#8221;207930&#8243; img_size=&#8221;full&#8221; alignment=&#8221;center&#8221;][\/vc_column][\/vc_row][\/vc_section][vc_section full_width=&#8221;stretch_row&#8221; css=&#8221;.vc_custom_1631874497688{padding-top: 96px !important;padding-bottom: 96px !important;background-color: #f5f5f5 !important;}&#8221;][vc_row][vc_column width=&#8221;1\/3&#8243;][vc_single_image image=&#8221;207938&#8243; img_size=&#8221;full&#8221; alignment=&#8221;center&#8221; el_class=&#8221;transfer-icone&#8221;][vc_empty_space][vc_column_text]<\/p>\n<h3 class=\"text-center\">Tiedonsiirto<\/h3>\n<p>[\/vc_column_text][vc_empty_space height=&#8221;16px&#8221;][vc_column_text]<\/p>\n<p class=\"text-center\">iRiparo Transfer on ohjelma joka mahdollistaa <strong> Tiedonsiirron puhelimien v\u00e4lill\u00e4 <\/strong>, <strong> my\u00f6s eri k\u00e4ytt\u00f6j\u00e4rjestelmien v\u00e4lill\u00e4 <\/strong>, ilman ett\u00e4 menet\u00e4t yhteystietoja, kuvia, keskusteluita tai muita tietoja.<\/p>\n<p>[\/vc_column_text][\/vc_column][vc_column width=&#8221;1\/3&#8243;][vc_single_image image=&#8221;207946&#8243; img_size=&#8221;full&#8221; alignment=&#8221;center&#8221; el_class=&#8221;transfer-icone&#8221;][vc_empty_space][vc_column_text]<\/p>\n<h3 class=\"text-center\">Yksityisyys<\/h3>\n<p>[\/vc_column_text][vc_empty_space height=&#8221;16px&#8221;][vc_column_text]<\/p>\n<p class=\"text-center\">Me turvaamme asiakkaiden yksityisyyden ja sen takia kaikki tiedonsiirrot <strong> ovat salattuja <\/strong> tietokoneella.<\/p>\n<p>[\/vc_column_text][\/vc_column][vc_column width=&#8221;1\/3&#8243;][vc_single_image image=&#8221;207954&#8243; img_size=&#8221;large&#8221; alignment=&#8221;center&#8221; el_class=&#8221;transfer-icone&#8221;][vc_empty_space][vc_column_text]<\/p>\n<h3 class=\"text-center\">Tarkistus ja diagnoosi<\/h3>\n<p>[\/vc_column_text][vc_empty_space height=&#8221;16px&#8221;][vc_column_text]<\/p>\n<p class=\"text-center\">Tiedonsiirron lis\u00e4ksi, iRiparo Transfer tarjoaa mahdollisuuden tehd\u00e4 <strong> t\u00e4ydellisen tarkistuksen puhelimen ohjelma tasolla <\/strong>, tuoden esiin mahdolliset ongelmat diagnoosin yhteydess\u00e4.<\/p>\n<p>[\/vc_column_text][\/vc_column][\/vc_row][\/vc_section][vc_section css=&#8221;.vc_custom_1631875107712{padding-top: 96px !important;padding-bottom: 96px !important;}&#8221;][vc_row][vc_column][vc_column_text]<\/p>\n<h2 class=\"text-center\">Tutustu iRiparo palveluihin tai kysy myyntipisteelt\u00e4si.<\/h2>\n<p>[\/vc_column_text][\/vc_column][\/vc_row][\/vc_section]<\/p>\n<\/section>","protected":false},"excerpt":{"rendered":"<p>[vc_row full_width=&#8221;stretch_row&#8221;][vc_column][\/vc_column][\/vc_row][vc_section][vc_row][vc_column width=&#8221;1\/2&#8243;][vc_empty_space][vc_column_text] Tiedonsiirto ei ole koskaan ollut helpompaa! [\/vc_column_text][vc_empty_space height=&#8221;16px&#8221;][vc_column_text]Tiedonsiirto kahden eri k\u00e4ytt\u00f6j\u00e4rjestelm\u00e4n v\u00e4lill\u00e4 on nyt mahdollista kiitos iRiparo Transferin, ohjelmisto&#8230;<\/p>\n","protected":false},"author":2,"featured_media":0,"parent":0,"menu_order":0,"comment_status":"closed","ping_status":"closed","template":"","meta":{"footnotes":""},"_links":{"self":[{"href":"https:\/\/iriparo.com\/fi\/wp-json\/wp\/v2\/pages\/240909"}],"collection":[{"href":"https:\/\/iriparo.com\/fi\/wp-json\/wp\/v2\/pages"}],"about":[{"href":"https:\/\/iriparo.com\/fi\/wp-json\/wp\/v2\/types\/page"}],"author":[{"embeddable":true,"href":"https:\/\/iriparo.com\/fi\/wp-json\/wp\/v2\/users\/2"}],"replies":[{"embeddable":true,"href":"https:\/\/iriparo.com\/fi\/wp-json\/wp\/v2\/comments?post=240909"}],"version-history":[{"count":0,"href":"https:\/\/iriparo.com\/fi\/wp-json\/wp\/v2\/pages\/240909\/revisions"}],"wp:attachment":[{"href":"https:\/\/iriparo.com\/fi\/wp-json\/wp\/v2\/media?parent=240909"}],"curies":[{"name":"wp","href":"https:\/\/api.w.org\/{rel}","templated":true}]}}