{"id":240919,"date":"2021-02-08T12:35:25","date_gmt":"2021-02-08T11:35:25","guid":{"rendered":"https:\/\/iriparo.com\/prenota-un-appuntamento\/"},"modified":"2022-02-18T09:28:53","modified_gmt":"2022-02-18T08:28:53","slug":"varaa-aika-verkossa","status":"publish","type":"page","link":"https:\/\/iriparo.com\/fi\/varaa-aika-verkossa\/","title":{"rendered":"Varaa aika verkossa"},"content":{"rendered":"<section class=\"wpb-content-wrapper\"><p>[vc_row full_width=&#8221;stretch_row&#8221;][vc_column]\n\t\t\t<section class=\"imagebg parallax \" data-overlay=\"3\" >\n\t\t\t\t<div class=\"background-image-holder\"><img loading=\"lazy\" decoding=\"async\" width=\"1920\" height=\"1100\" src=\"https:\/\/iriparo.com\/wp-content\/uploads\/2021\/09\/prenota-appuntamento-online-serivizi-prodotti-iriparo-header-2.jpg\" class=\"attachment-full size-full\" alt=\"\" srcset=\"https:\/\/iriparo.com\/wp-content\/uploads\/2021\/09\/prenota-appuntamento-online-serivizi-prodotti-iriparo-header-2.jpg 1920w, https:\/\/iriparo.com\/wp-content\/uploads\/2021\/09\/prenota-appuntamento-online-serivizi-prodotti-iriparo-header-2-500x286.jpg 500w, https:\/\/iriparo.com\/wp-content\/uploads\/2021\/09\/prenota-appuntamento-online-serivizi-prodotti-iriparo-header-2-700x401.jpg 700w, https:\/\/iriparo.com\/wp-content\/uploads\/2021\/09\/prenota-appuntamento-online-serivizi-prodotti-iriparo-header-2-300x172.jpg 300w, https:\/\/iriparo.com\/wp-content\/uploads\/2021\/09\/prenota-appuntamento-online-serivizi-prodotti-iriparo-header-2-1024x587.jpg 1024w, https:\/\/iriparo.com\/wp-content\/uploads\/2021\/09\/prenota-appuntamento-online-serivizi-prodotti-iriparo-header-2-768x440.jpg 768w, https:\/\/iriparo.com\/wp-content\/uploads\/2021\/09\/prenota-appuntamento-online-serivizi-prodotti-iriparo-header-2-1536x880.jpg 1536w\" sizes=\"(max-width: 1920px) 100vw, 1920px\" \/><\/div>\n\t\t\t\t<div class=\"container\">\n\t\t\t\t\t<div class=\"row\">\n\t\t\t\t\t\t<div class=\"col-sm-12\">\n\t\t\t\t\t\t\t<div class=\"cta\">\n\t\t\t\t\t\t\t\t[vc_column_text]<\/p>\n<h1 class=\"title-white\">Varaa aika verkossa<\/h1>\n<h3 class=\"title-white\">Valitse sinua l\u00e4hin iRiparo myym\u00e4l\u00e4<\/h3>\n<p>[\/vc_column_text]\n\t\t\t\t\t\t\t<\/div>\n\t\t\t\t\t\t<\/div>\n\t\t\t\t\t<\/div><!--end of row-->\n\t\t\t\t<\/div><!--end of container-->\n\t\t\t\t\n\t\t\t<\/section>\n\t\t[\/vc_column][\/vc_row][vc_section][vc_row][vc_column][vc_column_text]<\/p>\n<h2 class=\"text-center\">Varaa aika verkossa valitsemalla p\u00e4iv\u00e4 ja aika ja mene l\u00e4himp\u00e4\u00e4n myym\u00e4l\u00e4\u00e4n.<\/h2>\n<p>[\/vc_column_text][vc_empty_space height=&#8221;8px&#8221;][vc_column_text]<\/p>\n<h4 class=\"text-center\">Nauti kaikista saatavilla olevista myym\u00e4l\u00e4n palveluista: puhelin huollot, tarvikkeet, tehdashuolletut iPhonet ja ohjelmisto palvelut.<\/h4>\n<p>[\/vc_column_text][\/vc_column][\/vc_row][\/vc_section][vc_section full_width=&#8221;stretch_row&#8221; css=&#8221;.vc_custom_1631007512770{padding-top: 96px !important;padding-bottom: 96px !important;background-color: #f5f5f5 !important;}&#8221;][vc_row][vc_column][vc_column_text]<\/p>\n<h2 class=\"text-center\">L\u00f6yd\u00e4 l\u00e4hin myym\u00e4l\u00e4<\/h2>\n<p>[\/vc_column_text][vc_empty_space height=&#8221;16px&#8221;][\/vc_column][\/vc_row][vc_row][vc_column width=&#8221;1\/4&#8243;][\/vc_column][vc_column width=&#8221;1\/2&#8243;][vc_raw_html]JTNDcCUyMHN0eWxlJTNEJTIydGV4dC1hbGlnbiUzQWNlbnRlciUzQiUyMiUzRVN5JUMzJUI2dCVDMyVBNCUyMG9zb2l0dGVlc2klMkMlMjBtdWthYW5sdWtpZW4lMjBrYXR1JTJDJTIwdGFsb25udW1lcm8lMjBqYSUyMGthdXB1bmtpJTNBJTNDJTJGcCUzRSUyMCUzQ2lucHV0JTIwY2xhc3MlM0QlMjJ3cGNmNy1mb3JtLWNvbnRyb2wlMjB3cGNmNy10ZXh0JTIyJTIwaWQlM0QlMjJiaC1zbC15dW91ci1wb3NpdGlvbi1hcHBvaW50bWVudCUyMiUyMGF1dG9jb21wbGV0ZSUzRCUyMm9mZiUyMiUzRSUwQSUzQ2RpdiUyMGlkJTNEJTIyc3RvcmVzLWxpc3QtY29udGFpbmVyJTIyJTNFJTBBJTNDZGl2JTIwY2xhc3MlM0QlMjJ0ZXh0LWNlbnRlciUyMGhpZGRlbiUyMGxvYWRpbmclMjIlM0UlMEElM0NwJTNFJTNDaSUyMGNsYXNzJTNEJTIyZmElMjBmYS1zcGlubmVyJTIwZmEtcHVsc2UlMjBmYS0zeCUyMGZhLWZ3JTIyJTNFJTNDJTJGaSUzRSUzQyUyRnAlM0UlMEElM0MlMkZkaXYlM0UlMEElM0NkaXYlMjBjbGFzcyUzRCUyMmxpc3QlMjBoaWRkZW4lMjIlM0UlMEElM0NkaXYlMjBjbGFzcyUzRCUyMnN0b3JlcyUyMiUzRSUzQyUyRmRpdiUzRSUwQSUzQ3AlMjBjbGFzcyUzRCUyMmdlbmVyYWwtaW5mb3MlMjIlM0UlM0NhJTIwaGZlciUzRCUyMiUyRmZpJTJGa2F1cHBhbW1lJTJGJTIyJTNFRXRzaXRrJUMzJUI2JTIwbCVDMyVBNGhpbnQlQzMlQTQlMjBteXltJUMzJUE0bCVDMyVBNCVDMyVBNCUzRiUyMEVpJTIwaCVDMyVBNHQlQzMlQTQlQzMlQTQlMjElMjBUJUMzJUE0JUMzJUE0bHQlQzMlQTQlMjBsJUMzJUI2eWQlQzMlQTR0JTIwa2Fpa2tpJTIwaVJpcGFybyUyMG15eW0lQzMlQTRsJUMzJUE0dC4lMjBPdGElMjB5aHRleXR0JUMzJUE0JTIwbCVDMyVBNGhpbXAlQzMlQTQlQzMlQTRuJTNDJTJGYSUzRSUzQSUzQyUyRnAlM0UlMEElM0MlMkZkaXYlM0UlMEElM0MlMkZkaXYlM0U=[\/vc_raw_html][\/vc_column][vc_column width=&#8221;1\/4&#8243;][\/vc_column][\/vc_row][\/vc_section][vc_section css=&#8221;.vc_custom_1631007608885{padding-top: 96px !important;padding-bottom: 96px !important;}&#8221;][vc_row][vc_column][vc_column_text]<\/p>\n<h2 class=\"text-center\">Varaa aika:<\/h2>\n<p>[\/vc_column_text][vc_empty_space][\/vc_column][\/vc_row][vc_row][vc_column width=&#8221;1\/3&#8243;][vc_column_text]<\/p>\n<h3>Korjauksia<\/h3>\n<p>[\/vc_column_text][vc_empty_space height=&#8221;8px&#8221;]<div class=\"evc-icon-list evc-shortcode \">\n\t<div class=\"evc-il-item  \" >\n\t<div class=\"evc-ili-inner\">\n\t\t\t<span class=\"evc-ili-icon-wrapper\" style=\"color: #34b3e3\">\n\t\t<span class=\"evc-ili-icon fas fa-check\"><\/span>\n\t<\/span>\n\t\t\t<span class=\"evc-ili-text\" >Lasi ja LCD<\/span>\n\t\t\t<\/div>\n<\/div>\n<div class=\"evc-il-item  \" >\n\t<div class=\"evc-ili-inner\">\n\t\t\t<span class=\"evc-ili-icon-wrapper\" style=\"color: #34b3e3\">\n\t\t<span class=\"evc-ili-icon fas fa-check\"><\/span>\n\t<\/span>\n\t\t\t<span class=\"evc-ili-text\" >Akku<\/span>\n\t\t\t<\/div>\n<\/div>\n<div class=\"evc-il-item  \" >\n\t<div class=\"evc-ili-inner\">\n\t\t\t<span class=\"evc-ili-icon-wrapper\" style=\"color: #34b3e3\">\n\t\t<span class=\"evc-ili-icon fas fa-check\"><\/span>\n\t<\/span>\n\t\t\t<span class=\"evc-ili-text\" >Latausportti<\/span>\n\t\t\t<\/div>\n<\/div>\n<div class=\"evc-il-item  \" >\n\t<div class=\"evc-ili-inner\">\n\t\t\t<span class=\"evc-ili-icon-wrapper\" style=\"color: #34b3e3\">\n\t\t<span class=\"evc-ili-icon fas fa-check\"><\/span>\n\t<\/span>\n\t\t\t<span class=\"evc-ili-text\" >Kamera<\/span>\n\t\t\t<\/div>\n<\/div>\n<div class=\"evc-il-item  \" >\n\t<div class=\"evc-ili-inner\">\n\t\t\t<span class=\"evc-ili-icon-wrapper\" style=\"color: #34b3e3\">\n\t\t<span class=\"evc-ili-icon fas fa-check\"><\/span>\n\t<\/span>\n\t\t\t<span class=\"evc-ili-text\" >Mikrofoni ja \u00e4\u00e4net<\/span>\n\t\t\t<\/div>\n<\/div>\n<div class=\"evc-il-item  \" >\n\t<div class=\"evc-ili-inner\">\n\t\t\t<span class=\"evc-ili-icon-wrapper\" style=\"color: #34b3e3\">\n\t\t<span class=\"evc-ili-icon fas fa-check\"><\/span>\n\t<\/span>\n\t\t\t<span class=\"evc-ili-text\" >Sim kortin lukija<\/span>\n\t\t\t<\/div>\n<\/div>\n<div class=\"evc-il-item  \" >\n\t<div class=\"evc-ili-inner\">\n\t\t\t<span class=\"evc-ili-icon-wrapper\" style=\"color: #34b3e3\">\n\t\t<span class=\"evc-ili-icon fas fa-check\"><\/span>\n\t<\/span>\n\t\t\t<span class=\"evc-ili-text\" >Virta, koti ja volume painikkeet<\/span>\n\t\t\t<\/div>\n<\/div>\n<\/div>\n[\/vc_column][vc_column width=&#8221;1\/3&#8243;][vc_column_text]<\/p>\n<h3>Palvelut<\/h3>\n<p>[\/vc_column_text][vc_empty_space height=&#8221;8px&#8221;]<div class=\"evc-icon-list evc-shortcode \">\n\t<div class=\"evc-il-item  \" >\n\t<div class=\"evc-ili-inner\">\n\t\t\t<span class=\"evc-ili-icon-wrapper\" style=\"color: #34b3e3\">\n\t\t<span class=\"evc-ili-icon fas fa-check\"><\/span>\n\t<\/span>\n\t\t\t<span class=\"evc-ili-text\" >Takuu vahinkojen varalta<\/span>\n\t\t\t<\/div>\n<\/div>\n<div class=\"evc-il-item  \" >\n\t<div class=\"evc-ili-inner\">\n\t\t\t<span class=\"evc-ili-icon-wrapper\" style=\"color: #34b3e3\">\n\t\t<span class=\"evc-ili-icon fas fa-check\"><\/span>\n\t<\/span>\n\t\t\t<span class=\"evc-ili-text\" >Palkkio<\/span>\n\t\t\t<\/div>\n<\/div>\n<div class=\"evc-il-item  \" >\n\t<div class=\"evc-ili-inner\">\n\t\t\t<span class=\"evc-ili-icon-wrapper\" style=\"color: #34b3e3\">\n\t\t<span class=\"evc-ili-icon fas fa-check\"><\/span>\n\t<\/span>\n\t\t\t<span class=\"evc-ili-text\" >Akun tarkistus<\/span>\n\t\t\t<\/div>\n<\/div>\n<div class=\"evc-il-item  \" >\n\t<div class=\"evc-ili-inner\">\n\t\t\t<span class=\"evc-ili-icon-wrapper\" style=\"color: #34b3e3\">\n\t\t<span class=\"evc-ili-icon fas fa-check\"><\/span>\n\t<\/span>\n\t\t\t<span class=\"evc-ili-text\" >Tiedonsiirto<\/span>\n\t\t\t<\/div>\n<\/div>\n<div class=\"evc-il-item  \" >\n\t<div class=\"evc-ili-inner\">\n\t\t\t<span class=\"evc-ili-icon-wrapper\" style=\"color: #34b3e3\">\n\t\t<span class=\"evc-ili-icon fas fa-check\"><\/span>\n\t<\/span>\n\t\t\t<span class=\"evc-ili-text\" >\u00c4lypuhelimen p\u00e4ivitykset<\/span>\n\t\t\t<\/div>\n<\/div>\n<div class=\"evc-il-item  \" >\n\t<div class=\"evc-ili-inner\">\n\t\t\t<span class=\"evc-ili-icon-wrapper\" style=\"color: #34b3e3\">\n\t\t<span class=\"evc-ili-icon fas fa-check\"><\/span>\n\t<\/span>\n\t\t\t<span class=\"evc-ili-text\" >Tietojen palautus<\/span>\n\t\t\t<\/div>\n<\/div>\n<\/div>\n[\/vc_column][vc_column width=&#8221;1\/3&#8243;][vc_column_text]<\/p>\n<h3>Tuotteet ja tarvikkeet<\/h3>\n<p>[\/vc_column_text][vc_empty_space height=&#8221;8px&#8221;]<div class=\"evc-icon-list evc-shortcode \">\n\t<div class=\"evc-il-item  \" >\n\t<div class=\"evc-ili-inner\">\n\t\t\t<span class=\"evc-ili-icon-wrapper\" style=\"color: #34b3e3\">\n\t\t<span class=\"evc-ili-icon fas fa-check\"><\/span>\n\t<\/span>\n\t\t\t<span class=\"evc-ili-text\" >N\u00e4yt\u00f6nsuoja<\/span>\n\t\t\t<\/div>\n<\/div>\n<div class=\"evc-il-item  \" >\n\t<div class=\"evc-ili-inner\">\n\t\t\t<span class=\"evc-ili-icon-wrapper\" style=\"color: #34b3e3\">\n\t\t<span class=\"evc-ili-icon fas fa-check\"><\/span>\n\t<\/span>\n\t\t\t<span class=\"evc-ili-text\" >Tehdashuolletut iPhonet<\/span>\n\t\t\t<\/div>\n<\/div>\n<div class=\"evc-il-item  \" >\n\t<div class=\"evc-ili-inner\">\n\t\t\t<span class=\"evc-ili-icon-wrapper\" style=\"color: #34b3e3\">\n\t\t<span class=\"evc-ili-icon fas fa-check\"><\/span>\n\t<\/span>\n\t\t\t<span class=\"evc-ili-text\" >Suojat<\/span>\n\t\t\t<\/div>\n<\/div>\n<div class=\"evc-il-item  \" >\n\t<div class=\"evc-ili-inner\">\n\t\t\t<span class=\"evc-ili-icon-wrapper\" style=\"color: #34b3e3\">\n\t\t<span class=\"evc-ili-icon fas fa-check\"><\/span>\n\t<\/span>\n\t\t\t<span class=\"evc-ili-text\" >Kuulokkeet<\/span>\n\t\t\t<\/div>\n<\/div>\n<div class=\"evc-il-item  \" >\n\t<div class=\"evc-ili-inner\">\n\t\t\t<span class=\"evc-ili-icon-wrapper\" style=\"color: #34b3e3\">\n\t\t<span class=\"evc-ili-icon fas fa-check\"><\/span>\n\t<\/span>\n\t\t\t<span class=\"evc-ili-text\" >Kaapelin ja pistokkeet<\/span>\n\t\t\t<\/div>\n<\/div>\n<\/div>\n[\/vc_column][\/vc_row][\/vc_section]<\/p>\n<\/section>","protected":false},"excerpt":{"rendered":"<p>[vc_row full_width=&#8221;stretch_row&#8221;][vc_column][\/vc_column][\/vc_row][vc_section][vc_row][vc_column][vc_column_text] Varaa aika verkossa valitsemalla p\u00e4iv\u00e4 ja aika ja mene l\u00e4himp\u00e4\u00e4n myym\u00e4l\u00e4\u00e4n. [\/vc_column_text][vc_empty_space height=&#8221;8px&#8221;][vc_column_text] Nauti kaikista saatavilla olevista myym\u00e4l\u00e4n palveluista: puhelin&#8230;<\/p>\n","protected":false},"author":2,"featured_media":0,"parent":0,"menu_order":0,"comment_status":"closed","ping_status":"closed","template":"","meta":{"footnotes":""},"_links":{"self":[{"href":"https:\/\/iriparo.com\/fi\/wp-json\/wp\/v2\/pages\/240919"}],"collection":[{"href":"https:\/\/iriparo.com\/fi\/wp-json\/wp\/v2\/pages"}],"about":[{"href":"https:\/\/iriparo.com\/fi\/wp-json\/wp\/v2\/types\/page"}],"author":[{"embeddable":true,"href":"https:\/\/iriparo.com\/fi\/wp-json\/wp\/v2\/users\/2"}],"replies":[{"embeddable":true,"href":"https:\/\/iriparo.com\/fi\/wp-json\/wp\/v2\/comments?post=240919"}],"version-history":[{"count":0,"href":"https:\/\/iriparo.com\/fi\/wp-json\/wp\/v2\/pages\/240919\/revisions"}],"wp:attachment":[{"href":"https:\/\/iriparo.com\/fi\/wp-json\/wp\/v2\/media?parent=240919"}],"curies":[{"name":"wp","href":"https:\/\/api.w.org\/{rel}","templated":true}]}}