{"id":240924,"date":"2019-02-04T10:43:59","date_gmt":"2019-02-04T09:43:59","guid":{"rendered":"https:\/\/iriparo.com\/assistenza-configurazione-telefono-in-negozio\/"},"modified":"2022-02-18T09:27:17","modified_gmt":"2022-02-18T08:27:17","slug":"puhelintuki-ja-asennus-myymalassa","status":"publish","type":"page","link":"https:\/\/iriparo.com\/fi\/puhelintuki-ja-asennus-myymalassa\/","title":{"rendered":"Puhelintuki ja asennus myym\u00e4l\u00e4ss\u00e4"},"content":{"rendered":"<section class=\"wpb-content-wrapper\"><p>[vc_row full_width=&#8221;stretch_row&#8221;][vc_column]\n\t\t\t<section class=\"imagebg parallax \" data-overlay=\"3\" >\n\t\t\t\t<div class=\"background-image-holder\"><img loading=\"lazy\" decoding=\"async\" width=\"1920\" height=\"700\" src=\"https:\/\/iriparo.com\/wp-content\/uploads\/2021\/09\/servizi-software-background-header-1.jpg\" class=\"attachment-full size-full\" alt=\"\" srcset=\"https:\/\/iriparo.com\/wp-content\/uploads\/2021\/09\/servizi-software-background-header-1.jpg 1920w, https:\/\/iriparo.com\/wp-content\/uploads\/2021\/09\/servizi-software-background-header-1-500x182.jpg 500w, https:\/\/iriparo.com\/wp-content\/uploads\/2021\/09\/servizi-software-background-header-1-700x255.jpg 700w, https:\/\/iriparo.com\/wp-content\/uploads\/2021\/09\/servizi-software-background-header-1-300x109.jpg 300w, https:\/\/iriparo.com\/wp-content\/uploads\/2021\/09\/servizi-software-background-header-1-1024x373.jpg 1024w, https:\/\/iriparo.com\/wp-content\/uploads\/2021\/09\/servizi-software-background-header-1-768x280.jpg 768w, https:\/\/iriparo.com\/wp-content\/uploads\/2021\/09\/servizi-software-background-header-1-1536x560.jpg 1536w\" sizes=\"(max-width: 1920px) 100vw, 1920px\" \/><\/div>\n\t\t\t\t<div class=\"container\">\n\t\t\t\t\t<div class=\"row\">\n\t\t\t\t\t\t<div class=\"col-sm-12\">\n\t\t\t\t\t\t\t<div class=\"cta\">\n\t\t\t\t\t\t\t\t[vc_column_text]<\/p>\n<h1 class=\"title-white\">Puhelintuki ja asennus myym\u00e4l\u00e4ss\u00e4<\/h1>\n<h3 class=\"title-white\">Laitteesi aina ajan tasalla<\/h3>\n<p>[\/vc_column_text]\n\t\t\t\t\t\t\t<\/div>\n\t\t\t\t\t\t<\/div>\n\t\t\t\t\t<\/div><!--end of row-->\n\t\t\t\t<\/div><!--end of container-->\n\t\t\t\t\n\t\t\t<\/section>\n\t\t[\/vc_column][\/vc_row][vc_section][vc_row][vc_column][vc_column_text]<\/p>\n<h2 class=\"text-center\">Kiitos iRiparo teknikkojen tarjoaman avun, jopa kokemattomat k\u00e4ytt\u00e4j\u00e4t voivat lis\u00e4t\u00e4 arvoa puhelimelle tai tabletille<\/h2>\n<p>[\/vc_column_text][vc_empty_space height=&#8221;64px&#8221;][vc_row_inner][vc_column_inner width=&#8221;1\/3&#8243;][vc_hoverbox image=&#8221;207841&#8243; primary_title=&#8221;&#8221; hover_title=&#8221;&#8221;]Siirr\u00e4 yhteystietosi puhelimesta toiseen, jotta et menet\u00e4 tallennettuja numeroita.[\/vc_hoverbox][vc_column_text]<\/p>\n<h3 class=\"text-center\">Siirr\u00e4 yhteystiedot<\/h3>\n<p class=\"price\">9,90\u20ac<\/p>\n<p>[\/vc_column_text][\/vc_column_inner][vc_column_inner width=&#8221;1\/3&#8243;][vc_hoverbox image=&#8221;207849&#8243; primary_title=&#8221;&#8221; hover_title=&#8221;&#8221;]Tallenna tiedot laitteelle tai siirr\u00e4 tiedot laitteesta toiseen.<br \/>\nPieni alle 2Gb, Keskikoko alle 5Gb, Suuri alle 10Gb ja XL yli 10Gb.[\/vc_hoverbox][vc_column_text]<\/p>\n<h3 class=\"text-center\">Varmuuskopio ja tiedonsiirto<\/h3>\n<p class=\"price\">Alkaen 19,90\u20ac<\/p>\n<p>[\/vc_column_text][\/vc_column_inner][vc_column_inner width=&#8221;1\/3&#8243;][vc_hoverbox image=&#8221;207857&#8243; primary_title=&#8221;&#8221; hover_title=&#8221;&#8221;]Laite k\u00e4ynnistyy uudelleen ja palauttaa tehdasasetukset. Palautus ei anna sinun tallentaa nykysi\u00e4 tiedostoja laitteelle.[\/vc_hoverbox][vc_column_text]<\/p>\n<h3 class=\"text-center\">Alkuper\u00e4isten arvojen palautus<\/h3>\n<p class=\"price\">9,90\u20ac<\/p>\n<p>[\/vc_column_text][\/vc_column_inner][\/vc_row_inner][vc_empty_space][vc_row_inner][vc_column_inner width=&#8221;1\/3&#8243;][vc_hoverbox image=&#8221;207868&#8243; primary_title=&#8221;&#8221; hover_title=&#8221;&#8221;]Kyseisen Appin lataus, k\u00e4ytt\u00f6\u00f6notto ja mahdolliset p\u00e4ivitykset.[\/vc_hoverbox][vc_column_text]<\/p>\n<h3 class=\"text-center\">Lataa, konfiguroi ja p\u00e4ivit\u00e4 ohjelma<\/h3>\n<p class=\"price\">4,90\u20ac per App<\/p>\n<p>[\/vc_column_text][\/vc_column_inner][vc_column_inner width=&#8221;1\/3&#8243;][vc_hoverbox image=&#8221;207876&#8243; primary_title=&#8221;&#8221; hover_title=&#8221;&#8221;]P\u00e4ivit\u00e4 k\u00e4ytt\u00f6j\u00e4rjestelm\u00e4 viimeiseen versioon.[\/vc_hoverbox][vc_column_text]<\/p>\n<h3 class=\"text-center\">Ohjelmistop\u00e4ivitykset<\/h3>\n<p class=\"price\">9,90\u20ac<\/p>\n<p>[\/vc_column_text][\/vc_column_inner][vc_column_inner width=&#8221;1\/3&#8243;][vc_hoverbox image=&#8221;207884&#8243; primary_title=&#8221;&#8221; hover_title=&#8221;&#8221;]Jos laitteesti salasana on unohtunut, me tarjoamme sen palautuksen ja \/ tai vaihdon.[\/vc_hoverbox][vc_column_text]<\/p>\n<h3 class=\"text-center\">Salasanan palautus<\/h3>\n<p class=\"price\">19,90\u20ac<\/p>\n<p>[\/vc_column_text][\/vc_column_inner][\/vc_row_inner][vc_empty_space][vc_row_inner][vc_column_inner width=&#8221;1\/3&#8243;][vc_hoverbox image=&#8221;207893&#8243; primary_title=&#8221;&#8221; hover_title=&#8221;&#8221;]Laitteen ensi k\u00e4ynnistys tarvittavilla asetuksilla ja parametreill\u00e4 valmiiksi k\u00e4ytt\u00f6\u00f6n.[\/vc_hoverbox][vc_column_text]<\/p>\n<h3 class=\"text-center\">Laitteen aktivointi<\/h3>\n<p class=\"price\">19,90\u20ac<\/p>\n<p>[\/vc_column_text][\/vc_column_inner][vc_column_inner width=&#8221;1\/3&#8243;][vc_hoverbox image=&#8221;207901&#8243; primary_title=&#8221;&#8221; hover_title=&#8221;&#8221;]K\u00e4yt\u00e4 s\u00e4hk\u00f6postin kansiota ja synkronoi tilisi laitteen kanssa vahvistamalla ja sy\u00f6tt\u00e4m\u00e4ll\u00e4 parametrit.[\/vc_hoverbox][vc_column_text]<\/p>\n<h3 class=\"text-center\">S\u00e4hk\u00f6posti ja tili asetukset<\/h3>\n<p class=\"price\">9,90\u20ac<\/p>\n<p>[\/vc_column_text][\/vc_column_inner][vc_column_inner width=&#8221;1\/3&#8243;][vc_hoverbox image=&#8221;207909&#8243; primary_title=&#8221;&#8221; hover_title=&#8221;&#8221;]iRiparo asiantuntija pit\u00e4\u00e4 sinulle neuvonta istunnon syvent\u00e4\u00e4ksesi tiet\u00e4myst\u00e4si puhelimien ja tablettien maailmasta.[\/vc_hoverbox][vc_column_text]<\/p>\n<h3 class=\"text-center\">Neuvonta (Istunnot alkaen 10minuuttia)<\/h3>\n<p class=\"price\">9,90\u20ac<\/p>\n<p>[\/vc_column_text][\/vc_column_inner][\/vc_row_inner][\/vc_column][\/vc_row][\/vc_section][vc_section full_width=&#8221;stretch_row&#8221; css=&#8221;.vc_custom_1631806995727{padding-top: 96px !important;padding-bottom: 96px !important;background-color: #f5f5f5 !important;}&#8221;][vc_row][vc_column width=&#8221;1\/2&#8243;][vc_column_text]<\/p>\n<h2>L\u00f6yd\u00e4 iRIparo myym\u00e4l\u00e4<\/h2>\n<p>[\/vc_column_text][vc_empty_space height=&#8221;16px&#8221;][vc_column_text]Pikakorjaus ketjullamme on jo yli  myym\u00e4l\u00e4\u00e4 Euroopassa.[\/vc_column_text][vc_empty_space height=&#8221;16px&#8221;][vc_btn title=&#8221;L\u00f6yd\u00e4 iRiparo myym\u00e4l\u00e4&#8221; style=&#8221;flat&#8221; color=&#8221;primary&#8221; link=&#8221;url:%2Ffi%2Fkauppamme%2F|title:L%C3%B6yd%C3%A4%20iRiparo%20myym%C3%A4l%C3%A4&#8243;][\/vc_column][vc_column width=&#8221;1\/2&#8243;][vc_single_image image=&#8221;206483&#8243; img_size=&#8221;full&#8221; alignment=&#8221;center&#8221;][\/vc_column][\/vc_row][\/vc_section]<\/p>\n<\/section>","protected":false},"excerpt":{"rendered":"<p>[vc_row full_width=&#8221;stretch_row&#8221;][vc_column][\/vc_column][\/vc_row][vc_section][vc_row][vc_column][vc_column_text] Kiitos iRiparo teknikkojen tarjoaman avun, jopa kokemattomat k\u00e4ytt\u00e4j\u00e4t voivat lis\u00e4t\u00e4 arvoa puhelimelle tai tabletille [\/vc_column_text][vc_empty_space height=&#8221;64px&#8221;][vc_row_inner][vc_column_inner width=&#8221;1\/3&#8243;][vc_hoverbox image=&#8221;207841&#8243; primary_title=&#8221;&#8221; hover_title=&#8221;&#8221;]Siirr\u00e4&#8230;<\/p>\n","protected":false},"author":2,"featured_media":0,"parent":0,"menu_order":0,"comment_status":"closed","ping_status":"closed","template":"","meta":{"footnotes":""},"_links":{"self":[{"href":"https:\/\/iriparo.com\/fi\/wp-json\/wp\/v2\/pages\/240924"}],"collection":[{"href":"https:\/\/iriparo.com\/fi\/wp-json\/wp\/v2\/pages"}],"about":[{"href":"https:\/\/iriparo.com\/fi\/wp-json\/wp\/v2\/types\/page"}],"author":[{"embeddable":true,"href":"https:\/\/iriparo.com\/fi\/wp-json\/wp\/v2\/users\/2"}],"replies":[{"embeddable":true,"href":"https:\/\/iriparo.com\/fi\/wp-json\/wp\/v2\/comments?post=240924"}],"version-history":[{"count":0,"href":"https:\/\/iriparo.com\/fi\/wp-json\/wp\/v2\/pages\/240924\/revisions"}],"wp:attachment":[{"href":"https:\/\/iriparo.com\/fi\/wp-json\/wp\/v2\/media?parent=240924"}],"curies":[{"name":"wp","href":"https:\/\/api.w.org\/{rel}","templated":true}]}}