{"id":240932,"date":"2017-09-18T18:03:00","date_gmt":"2017-09-18T16:03:00","guid":{"rendered":"https:\/\/iriparo.com\/iriparo-per-le-aziende\/"},"modified":"2022-03-04T10:44:03","modified_gmt":"2022-03-04T09:44:03","slug":"iriparo-yrityksena","status":"publish","type":"page","link":"https:\/\/iriparo.com\/fi\/iriparo-yrityksena\/","title":{"rendered":"iRiparo yrityksen\u00e4"},"content":{"rendered":"<section class=\"wpb-content-wrapper\"><p>[vc_row full_width=&#8221;stretch_row&#8221;][vc_column]\n\t\t\t<section class=\"imagebg parallax \" data-overlay=\"3\" >\n\t\t\t\t<div class=\"background-image-holder\"><img loading=\"lazy\" decoding=\"async\" width=\"1920\" height=\"700\" src=\"https:\/\/iriparo.com\/wp-content\/uploads\/2021\/09\/iriparo-b2b-bg.jpg\" class=\"attachment-full size-full\" alt=\"\" srcset=\"https:\/\/iriparo.com\/wp-content\/uploads\/2021\/09\/iriparo-b2b-bg.jpg 1920w, https:\/\/iriparo.com\/wp-content\/uploads\/2021\/09\/iriparo-b2b-bg-500x182.jpg 500w, https:\/\/iriparo.com\/wp-content\/uploads\/2021\/09\/iriparo-b2b-bg-700x255.jpg 700w, https:\/\/iriparo.com\/wp-content\/uploads\/2021\/09\/iriparo-b2b-bg-300x109.jpg 300w, https:\/\/iriparo.com\/wp-content\/uploads\/2021\/09\/iriparo-b2b-bg-1024x373.jpg 1024w, https:\/\/iriparo.com\/wp-content\/uploads\/2021\/09\/iriparo-b2b-bg-768x280.jpg 768w, https:\/\/iriparo.com\/wp-content\/uploads\/2021\/09\/iriparo-b2b-bg-1536x560.jpg 1536w\" sizes=\"(max-width: 1920px) 100vw, 1920px\" \/><\/div>\n\t\t\t\t<div class=\"container\">\n\t\t\t\t\t<div class=\"row\">\n\t\t\t\t\t\t<div class=\"col-sm-12\">\n\t\t\t\t\t\t\t<div class=\"cta\">\n\t\t\t\t\t\t\t\t[vc_column_text]<\/p>\n<h1 class=\"text-white\">iRiparo yrityksen\u00e4<\/h1>\n<h3 class=\"text-white\">Turva yrityksellesi<\/h3>\n<p>[\/vc_column_text]\n\t\t\t\t\t\t\t<\/div>\n\t\t\t\t\t\t<\/div>\n\t\t\t\t\t<\/div><!--end of row-->\n\t\t\t\t<\/div><!--end of container-->\n\t\t\t\t\n\t\t\t<\/section>\n\t\t[\/vc_column][\/vc_row][vc_section][vc_row content_placement=&#8221;middle&#8221;][vc_column width=&#8221;1\/2&#8243;][vc_column_text]<\/p>\n<h2>Ainutlaatuisia etuja yrityksellesi<\/h2>\n<p>[\/vc_column_text][vc_empty_space height=&#8221;8px&#8221;][vc_column_text]Maailma on hektinen ja alati muuttuva. Jatkuvasti tavoitettavissa on nyky\u00e4\u00e4n <i>&#8221;must have&#8221;<\/i> johtaville yrityksille Italiassa ja Euroopassa.<br \/>\niRiparo tarjoaa sinulle nopeaa ja perusteellista tukea veloituksetta: R\u00e4\u00e4t\u00e4l\u00f6idyt sopimukset yrityksille.[\/vc_column_text][\/vc_column][vc_column width=&#8221;1\/2&#8243;][vc_single_image image=&#8221;240753&#8243; img_size=&#8221;400&#215;400&#8243; alignment=&#8221;center&#8221;][\/vc_column][\/vc_row][\/vc_section][vc_section full_width=&#8221;stretch_row&#8221; css=&#8221;.vc_custom_1630936172812{padding-top: 96px !important;padding-bottom: 96px !important;background-color: #f5f5f5 !important;}&#8221;][vc_row content_placement=&#8221;middle&#8221;][vc_column width=&#8221;1\/2&#8243;][vc_single_image image=&#8221;240761&#8243; img_size=&#8221;400&#215;400&#8243; alignment=&#8221;center&#8221;][\/vc_column][vc_column width=&#8221;1\/2&#8243;][vc_column_text]<\/p>\n<h2>Ilman lis\u00e4maksuja<\/h2>\n<p>[\/vc_column_text][vc_empty_space height=&#8221;8px&#8221;][vc_column_text]Ei kuukausimaksuja vaan tarkkaa ja t\u00e4sm\u00e4llist\u00e4 palvelua. <strong>Onko yrityksell\u00e4si ongelmia laitteiden kanssa?<\/strong><br \/>\niRiparo sopimus tarjoaa sinulle perusteellista tukea ja nopeita vastauksia. [\/vc_column_text][\/vc_column][\/vc_row][\/vc_section][vc_section][vc_row][vc_column][vc_column_text]<\/p>\n<h2 class=\"text-center\">Puhelimien ja tablettien tuki yrityksellesi<\/h2>\n<p>[\/vc_column_text][vc_empty_space height=&#8221;8px&#8221;][vc_column_text]<\/p>\n<h4 class=\"text-center\">iRiparo tarjoaa yrityksellesi tukea, ensimm\u00e4inen puhelinhuoltofranchising-ketju Euroopassa<\/h4>\n<p>[\/vc_column_text][vc_empty_space height=&#8221;64px&#8221;][vc_row_inner][vc_column_inner width=&#8221;1\/4&#8243;]<div class=\"evc-icon-with-text evc-shortcode  evc-iwt-icon-top\">\n\t<div class=\"evc-iwt-icon-holder\">\n\t\t\t\n\t<span class=\"evc-iwt-icon fas fa-star\" style=\"color: #34b3e3\"><\/span>\n\t<\/div>\n\t<div class=\"evc-iwt-content\">\n\t\t\t<p class=\"evc-iwt-title\" >\n\t\t\t\t\tPrioriteetti k\u00e4sittely\t\t\t<\/p>\n\t<p class=\"evc-iwt-text\" >Tuki sopimus iRiparon kanssa antaa sinulle etusijan huolloissa ja ekslusiivisiss\u00e4 alennuksissa, kiitos yritysten tukipalveluiden<\/p>\n\t<\/div>\n<\/div>\n[\/vc_column_inner][vc_column_inner width=&#8221;1\/4&#8243;]<div class=\"evc-icon-with-text evc-shortcode  evc-iwt-icon-top\">\n\t<div class=\"evc-iwt-icon-holder\">\n\t\t\t\n\t<span class=\"evc-iwt-icon fas fa-user-tie\" style=\"color: #34b3e3\"><\/span>\n\t<\/div>\n\t<div class=\"evc-iwt-content\">\n\t\t\t<p class=\"evc-iwt-title\" >\n\t\t\t\t\tIlmainen tilauspalvelu\t\t\t<\/p>\n\t<p class=\"evc-iwt-text\" >Palvelusopimuksella ei ole kustannuksia: huoltoja tehd\u00e4\u00e4n vain yrityksen pyynn\u00f6st\u00e4, ilman kiinteit\u00e4 tai tilauskuluja<\/p>\n\t<\/div>\n<\/div>\n[\/vc_column_inner][vc_column_inner width=&#8221;1\/4&#8243;]<div class=\"evc-icon-with-text evc-shortcode  evc-iwt-icon-top\">\n\t<div class=\"evc-iwt-icon-holder\">\n\t\t\t\n\t<span class=\"evc-iwt-icon fas fa-recycle\" style=\"color: #34b3e3\"><\/span>\n\t<\/div>\n\t<div class=\"evc-iwt-content\">\n\t\t\t<p class=\"evc-iwt-title\" >\n\t\t\t\t\tK\u00e4ytettyjen laitteiden arvio ja osto myym\u00e4l\u00e4n kanssa joka on liitetty sopimukseen\t\t\t<\/p>\n\t<p class=\"evc-iwt-text\" >Onko sinulla vanhentuneita laitteita? iRiparo arvioi yritykseksi vanhojen laitteiden arvon ja vaihtaa ne p\u00e4ivitettyihin malleihin<\/p>\n\t<\/div>\n<\/div>\n[\/vc_column_inner][vc_column_inner width=&#8221;1\/4&#8243;]<div class=\"evc-icon-with-text evc-shortcode  evc-iwt-icon-top\">\n\t<div class=\"evc-iwt-icon-holder\">\n\t\t\t\n\t<span class=\"evc-iwt-icon fas fa-shipping-fast\" style=\"color: #34b3e3\"><\/span>\n\t<\/div>\n\t<div class=\"evc-iwt-content\">\n\t\t\t<p class=\"evc-iwt-title\" >\n\t\t\t\t\tVaihtolaitteet 24 tunnissa\t\t\t<\/p>\n\t<p class=\"evc-iwt-text\" >Ei koskaan ilman puhelinta: Onko laitteesi huollossa? 24 tunnin sis\u00e4ll\u00e4, yrityksemme antaa sinulle vaihtolaitteen, jotta sin\u00e4 voit olla yhteydess\u00e4 asikkaisiisi.<\/p>\n\t<\/div>\n<\/div>\n[\/vc_column_inner][\/vc_row_inner][\/vc_column][\/vc_row][\/vc_section][vc_section css=&#8221;.vc_custom_1646387038712{padding-top: 96px !important;padding-bottom: 96px !important;background-color: #f5f5f5 !important;}&#8221; ebor_docs=&#8221;&#8221;][vc_row][vc_column][vc_column_text]<\/p>\n<h3 class=\"text-center\">Ota yhteytt\u00e4<\/h3>\n<p>[\/vc_column_text][vc_empty_space height=&#8221;8px&#8221;][vc_column_text]<\/p>\n<p class=\"text-center\">Kaikki kent\u00e4t on t\u00e4ytett\u00e4v\u00e4t<\/p>\n<p>[\/vc_column_text][vc_empty_space][vc_column_text]\n<div class=\"wpcf7 no-js\" id=\"wpcf7-f240936-o1\" lang=\"it-IT\" dir=\"ltr\">\n<div class=\"screen-reader-response\"><p role=\"status\" aria-live=\"polite\" aria-atomic=\"true\"><\/p> <ul><\/ul><\/div>\n<form action=\"\/fi\/wp-json\/wp\/v2\/pages\/240932#wpcf7-f240936-o1\" method=\"post\" class=\"wpcf7-form init ir-contact-form wpcf7-acceptance-as-validation\" id=\"contatti-azienda-fin-cf\" aria-label=\"Modulo di contatto\" novalidate=\"novalidate\" data-status=\"init\">\n<div style=\"display: none;\">\n<input type=\"hidden\" name=\"_wpcf7\" value=\"240936\" \/>\n<input type=\"hidden\" name=\"_wpcf7_version\" value=\"5.9.3\" \/>\n<input type=\"hidden\" name=\"_wpcf7_locale\" value=\"it_IT\" \/>\n<input type=\"hidden\" name=\"_wpcf7_unit_tag\" value=\"wpcf7-f240936-o1\" \/>\n<input type=\"hidden\" name=\"_wpcf7_container_post\" value=\"0\" \/>\n<input type=\"hidden\" name=\"_wpcf7_posted_data_hash\" value=\"\" \/>\n<input type=\"hidden\" name=\"_wpcf7cf_hidden_group_fields\" value=\"[]\" \/>\n<input type=\"hidden\" name=\"_wpcf7cf_hidden_groups\" value=\"[]\" \/>\n<input type=\"hidden\" name=\"_wpcf7cf_visible_groups\" value=\"[]\" \/>\n<input type=\"hidden\" name=\"_wpcf7cf_repeaters\" value=\"[]\" \/>\n<input type=\"hidden\" name=\"_wpcf7cf_steps\" value=\"{}\" \/>\n<input type=\"hidden\" name=\"_wpcf7cf_options\" value=\"{&quot;form_id&quot;:240936,&quot;conditions&quot;:[],&quot;settings&quot;:{&quot;animation&quot;:&quot;yes&quot;,&quot;animation_intime&quot;:200,&quot;animation_outtime&quot;:200,&quot;conditions_ui&quot;:&quot;normal&quot;,&quot;notice_dismissed&quot;:false,&quot;notice_dismissed_update-cf7-5.7.7&quot;:true}}\" \/>\n<input type=\"hidden\" name=\"_wpcf7_recaptcha_response\" value=\"\" \/>\n<\/div>\n<div class=\"col-md-4\">\n\t<p><span>Etunimi<\/span><br \/>\n<span class=\"wpcf7-form-control-wrap\" data-name=\"your-name\"><input size=\"40\" class=\"wpcf7-form-control wpcf7-text wpcf7-validates-as-required\" aria-required=\"true\" aria-invalid=\"false\" value=\"\" type=\"text\" name=\"your-name\" \/><\/span>\n\t<\/p>\n<\/div>\n<div class=\"col-md-4\">\n\t<p><span>Sukunimi<\/span><br \/>\n<span class=\"wpcf7-form-control-wrap\" data-name=\"your-surname\"><input size=\"40\" class=\"wpcf7-form-control wpcf7-text wpcf7-validates-as-required\" aria-required=\"true\" aria-invalid=\"false\" value=\"\" type=\"text\" name=\"your-surname\" \/><\/span>\n\t<\/p>\n<\/div>\n<div class=\"col-md-4\">\n\t<p><span>S\u00e4hk\u00f6posti<\/span><br \/>\n<span class=\"wpcf7-form-control-wrap\" data-name=\"your-email\"><input size=\"40\" class=\"wpcf7-form-control wpcf7-email wpcf7-validates-as-required wpcf7-text wpcf7-validates-as-email\" aria-required=\"true\" aria-invalid=\"false\" value=\"\" type=\"email\" name=\"your-email\" \/><\/span>\n\t<\/p>\n<\/div>\n<div class=\"col-md-4\">\n\t<p><span>Puhelinnumero<\/span><br \/>\n<span class=\"wpcf7-form-control-wrap\" data-name=\"your-phone\"><input size=\"40\" class=\"wpcf7-form-control wpcf7-text wpcf7-validates-as-required\" aria-required=\"true\" aria-invalid=\"false\" value=\"\" type=\"text\" name=\"your-phone\" \/><\/span>\n\t<\/p>\n<\/div>\n<div class=\"col-md-4\">\n\t<p><span>Yrityksen nimi<\/span><br \/>\n<span class=\"wpcf7-form-control-wrap\" data-name=\"your-company\"><input size=\"40\" class=\"wpcf7-form-control wpcf7-text wpcf7-validates-as-required\" aria-required=\"true\" aria-invalid=\"false\" value=\"\" type=\"text\" name=\"your-company\" \/><\/span>\n\t<\/p>\n<\/div>\n<div class=\"col-md-4\">\n\t<p><span>Postinumero<\/span><br \/>\n<span class=\"wpcf7-form-control-wrap\" data-name=\"your-zip\"><input size=\"40\" class=\"wpcf7-form-control wpcf7-text wpcf7-validates-as-required\" aria-required=\"true\" aria-invalid=\"false\" value=\"\" type=\"text\" name=\"your-zip\" \/><\/span>\n\t<\/p>\n<\/div>\n<div class=\"col-md-12\">\n\t<p><span>Viesti<\/span><br \/>\n<span class=\"wpcf7-form-control-wrap\" data-name=\"textarea-message\"><textarea cols=\"40\" rows=\"10\" class=\"wpcf7-form-control wpcf7-textarea wpcf7-validates-as-required\" aria-required=\"true\" aria-invalid=\"false\" name=\"textarea-message\"><\/textarea><\/span>\n\t<\/p>\n<\/div>\n<div class=\"col-md-12 privacy-acceptance\">\n\t<p><span class=\"wpcf7-form-control-wrap\" data-name=\"acceptance-privacy\"><span class=\"wpcf7-form-control wpcf7-acceptance\"><span class=\"wpcf7-list-item input-checkbox\"><label><\/label><input type=\"checkbox\" name=\"acceptance-privacy\" value=\"1\" aria-invalid=\"false\" \/><\/span><\/span><\/span><strong>Yksityisyydensuojan hyv\u00e4ksyminen.<\/strong> Yksityisyyden ja henkil\u00f6tietojen suoja Takaamme ettei meille annettuja henkil\u00f6kohtaisia tietoja luovuteta kolmansille osapuolille. Henkil\u00f6tietoja k\u00e4sittelee vain iRiparo myym\u00e4l\u00e4 ja iRiparon p\u00e4\u00e4konttori, Via Emilia Ponente n.355, Castle Bolognese (RA) Italia. Takaamme GDPR 2016\/679- tietosuoja-asetuksen mukaisen henkil\u00f6tietojen k\u00e4sittelyn. Takaamme, ett\u00e4 henkil\u00f6tietojen k\u00e4sittelyss\u00e4 noudatetaan perusoikeuksia ja -vapauksia sek\u00e4 rekister\u00f6idyn ihmisarvoa, erityisesti luottamuksellisuutta, henkil\u00f6llisyytt\u00e4 ja oikeutta henkil\u00f6tietojen suojaan.<br \/>\nKlikkaamalla 'L\u00e4het\u00e4 pyynt\u00f6' -painiketta hyv\u00e4ksyt tietojen k\u00e4sittelyn, varastoinnin ja v\u00e4litt\u00e4misen lain m\u00e4\u00e4r\u00e4\u00e4m\u00e4ll\u00e4 tavalla. Voit peruuttaa hyv\u00e4ksynt\u00e4si milloin tahansa kirjoittamalla s\u00e4hk\u00f6postia osoitteeseen <a href='mailto:privacy@iriparo.com' target='_blank'>privacy@iriparo.com<\/a>.\n\t<\/p>\n<\/div>\n<div class=\"col-md-12\">\n\n<\/div>\n<div class=\"col-md-12\">\n\t<p><input class=\"wpcf7-form-control wpcf7-submit has-spinner btn btn--primary\" type=\"submit\" value=\"L\u00e4het\u00e4 pyynt\u00f6\" \/>\n\t<\/p>\n<\/div><input type='hidden' class='wpcf7-pum' value='{\"closepopup\":false,\"closedelay\":0,\"openpopup\":false,\"openpopup_id\":0}' \/><div class=\"wpcf7-response-output\" aria-hidden=\"true\"><\/div>\n<\/form>\n<\/div>\n[\/vc_column_text][\/vc_column][\/vc_row][\/vc_section]<\/p>\n<\/section>","protected":false},"excerpt":{"rendered":"<p>[vc_row full_width=&#8221;stretch_row&#8221;][vc_column][\/vc_column][\/vc_row][vc_section][vc_row content_placement=&#8221;middle&#8221;][vc_column width=&#8221;1\/2&#8243;][vc_column_text] Ainutlaatuisia etuja yrityksellesi [\/vc_column_text][vc_empty_space height=&#8221;8px&#8221;][vc_column_text]Maailma on hektinen ja alati muuttuva. Jatkuvasti tavoitettavissa on nyky\u00e4\u00e4n &#8221;must have&#8221; johtaville yrityksille&#8230;<\/p>\n","protected":false},"author":2,"featured_media":0,"parent":0,"menu_order":0,"comment_status":"closed","ping_status":"closed","template":"","meta":{"footnotes":""},"_links":{"self":[{"href":"https:\/\/iriparo.com\/fi\/wp-json\/wp\/v2\/pages\/240932"}],"collection":[{"href":"https:\/\/iriparo.com\/fi\/wp-json\/wp\/v2\/pages"}],"about":[{"href":"https:\/\/iriparo.com\/fi\/wp-json\/wp\/v2\/types\/page"}],"author":[{"embeddable":true,"href":"https:\/\/iriparo.com\/fi\/wp-json\/wp\/v2\/users\/2"}],"replies":[{"embeddable":true,"href":"https:\/\/iriparo.com\/fi\/wp-json\/wp\/v2\/comments?post=240932"}],"version-history":[{"count":0,"href":"https:\/\/iriparo.com\/fi\/wp-json\/wp\/v2\/pages\/240932\/revisions"}],"wp:attachment":[{"href":"https:\/\/iriparo.com\/fi\/wp-json\/wp\/v2\/media?parent=240932"}],"curies":[{"name":"wp","href":"https:\/\/api.w.org\/{rel}","templated":true}]}}