{"id":32539,"date":"2017-09-11T15:46:57","date_gmt":"2017-09-11T13:46:57","guid":{"rendered":"https:\/\/iriparo.com\/?page_id=32539"},"modified":"2024-09-06T14:30:13","modified_gmt":"2024-09-06T12:30:13","slug":"keita-olemme","status":"publish","type":"page","link":"https:\/\/iriparo.com\/fi\/keita-olemme\/","title":{"rendered":"Keit\u00e4 Olemme"},"content":{"rendered":"<section class=\"wpb-content-wrapper\"><p>[vc_row full_width=&#8221;stretch_row&#8221;][vc_column]\n\t\t\t<section class=\"imagebg parallax \" data-overlay=\"3\" >\n\t\t\t\t<div class=\"background-image-holder\"><img loading=\"lazy\" decoding=\"async\" width=\"1290\" height=\"700\" src=\"https:\/\/iriparo.com\/wp-content\/uploads\/2021\/09\/chi-siamo-bg.jpg\" class=\"attachment-full size-full\" alt=\"\" srcset=\"https:\/\/iriparo.com\/wp-content\/uploads\/2021\/09\/chi-siamo-bg.jpg 1290w, https:\/\/iriparo.com\/wp-content\/uploads\/2021\/09\/chi-siamo-bg-500x271.jpg 500w, https:\/\/iriparo.com\/wp-content\/uploads\/2021\/09\/chi-siamo-bg-700x380.jpg 700w, https:\/\/iriparo.com\/wp-content\/uploads\/2021\/09\/chi-siamo-bg-300x163.jpg 300w, https:\/\/iriparo.com\/wp-content\/uploads\/2021\/09\/chi-siamo-bg-1024x556.jpg 1024w, https:\/\/iriparo.com\/wp-content\/uploads\/2021\/09\/chi-siamo-bg-768x417.jpg 768w\" sizes=\"(max-width: 1290px) 100vw, 1290px\" \/><\/div>\n\t\t\t\t<div class=\"container\">\n\t\t\t\t\t<div class=\"row\">\n\t\t\t\t\t\t<div class=\"col-sm-12\">\n\t\t\t\t\t\t\t<div class=\"cta\">\n\t\t\t\t\t\t\t\t[vc_column_text]<\/p>\n<h1 class=\"title-text\">Keit\u00e4 Olemme<\/h1>\n<h3 class=\"title-text\">iRiparo on nuori, nopeasti kasvava ja jatkuvasti laajeneva yritys.<\/h3>\n<p>[\/vc_column_text]\n\t\t\t\t\t\t\t<\/div>\n\t\t\t\t\t\t<\/div>\n\t\t\t\t\t<\/div><!--end of row-->\n\t\t\t\t<\/div><!--end of container-->\n\t\t\t\t\n\t\t\t<\/section>\n\t\t[\/vc_column][\/vc_row][vc_section][vc_row][vc_column width=&#8221;1\/3&#8243;][vc_single_image image=&#8221;207390&#8243; img_size=&#8221;250&#215;250&#8243; alignment=&#8221;center&#8221; style=&#8221;vc_box_circle&#8221;][\/vc_column][vc_column width=&#8221;2\/3&#8243;][vc_column_text]<\/p>\n<h3>iRiparo verkkosivun syntyminen<\/h3>\n<p>[\/vc_column_text][vc_empty_space][vc_column_text]iRiparon toiminta alkoi verkkosivustona vuonna 2009 ideasta tarjota ammattitaitoista tukea apple-k\u00e4ytt\u00e4jille. Alun perin vain Apple-laitteita korjaava yritys on laajentanut vuosien varrella huollettavien merkkien valikoimaa, nyky\u00e4\u00e4n korjaamme kaikki yleisimm\u00e4t \u00e4lypuhelinmallit kuten Apple, Samsung, Nokia, Huawei jne[\/vc_column_text][\/vc_column][\/vc_row][\/vc_section][vc_section full_width=&#8221;stretch_row&#8221; css=&#8221;.vc_custom_1630659105385{padding-top: 96px !important;padding-bottom: 96px !important;background-color: #f5f5f5 !important;}&#8221;][vc_row][vc_column width=&#8221;2\/3&#8243;][vc_column_text]<\/p>\n<h3>Verkosta iRiparo franchising-ketjuun<\/h3>\n<p>[\/vc_column_text][vc_empty_space][vc_column_text]Vuonna 2012 iRiparo laajensi palveluverkkonsa kattamaan koko Italian ja loi franchising-myym\u00e4l\u00f6iden verkon. T\u00e4ll\u00e4 hetkell\u00e4 laajennamme toimintaa Euroopassa ja avaamme uusia myym\u00e4l\u00f6it\u00e4 s\u00e4\u00e4nn\u00f6llisesti.<\/p>\n<p>iRiparo myym\u00e4l\u00f6iss\u00e4 teit\u00e4 palvelevat ammattitaitoiset teknikot, jotka ovat k\u00e4yneet l\u00e4pi tarkan teknisen koulutuksen teoriassa ja k\u00e4yt\u00e4nn\u00f6ss\u00e4. Teemme parhaamme palvellaksemme teit\u00e4 laadukkaasti ja monipuolisesti<\/p>\n<p><a href=\"\/fi\/yhteystiedot\/\">Lis\u00e4tietoja franchising-yritt\u00e4jyydest\u00e4.<\/a>[\/vc_column_text][\/vc_column][vc_column width=&#8221;1\/3&#8243;][vc_single_image image=&#8221;207399&#8243; img_size=&#8221;250&#215;250&#8243; alignment=&#8221;center&#8221; style=&#8221;vc_box_circle&#8221;][\/vc_column][\/vc_row][\/vc_section][vc_section css=&#8221;.vc_custom_1630658840029{padding-top: 96px !important;padding-bottom: 96px !important;}&#8221;][vc_row][vc_column width=&#8221;1\/3&#8243;][vc_single_image image=&#8221;207407&#8243; img_size=&#8221;250&#215;250&#8243; alignment=&#8221;center&#8221; style=&#8221;vc_box_circle&#8221;][\/vc_column][vc_column width=&#8221;2\/3&#8243;][vc_column_text]<\/p>\n<h3>iRiparo organisaatio<\/h3>\n<p>[\/vc_column_text][vc_empty_space][vc_column_text]iRiparo organisaatio.<br \/>\nP\u00e4\u00e4konttorimme henkil\u00f6kunta on erikoistunut vaativiin korjauksiin ja tiimi\u00e4mme johtaa elektroniikkainsin\u00f6\u00f6ri. Laboratoriomme mittausv\u00e4lineet ovat eritt\u00e4in luotettavia ja mahdollistavat huoltotilauksen nopean valmistumisen.<\/p>\n<p>K\u00e4yt\u00e4mme vain laadukkaimpia varaosia. Kaikkille korjauksille annamme Euroopan laajuisen huoltotakuun.<\/p>\n<p>iRiparo tarjoaa mobiililaitehuoltojen lis\u00e4ksi my\u00f6s muita lis\u00e4palveluita. Liikkeist\u00e4mme saat Zagg suojakalvot, panssarilasit, puhelintarvikkeet ja muut lis\u00e4laitteet sek\u00e4 laajan valikoiman tehdashuollettuja puhelimia.[\/vc_column_text][\/vc_column][\/vc_row][\/vc_section][vc_section full_width=&#8221;stretch_row&#8221; css=&#8221;.vc_custom_1630659112836{padding-top: 96px !important;padding-bottom: 96px !important;background-color: #f5f5f5 !important;}&#8221;][vc_row][vc_column width=&#8221;2\/3&#8243;][vc_column_text]<\/p>\n<h3>iRiparo yli Italian rajojen<\/h3>\n<p>[\/vc_column_text][vc_empty_space][vc_column_text]iRiparo on ensimm\u00e4inen Italiassa toimiva franchising-ketju, joka tarjoaa huoltoratkaisuja mobiililaitteiden k\u00e4ytt\u00e4jille. iRiparo on laajentanut ja kehitt\u00e4nyt myyntiverkkoaan aktiivisesti.<\/p>\n<p>Luotuaan vankan perustan Italiassa franchising-verkoille, iRiparo on laajentunut yli alppien Ranskaan ja Sveitsiin. 5-vuotissuunnitelma on levit\u00e4 koko Eurooppaan.[\/vc_column_text][\/vc_column][vc_column width=&#8221;1\/3&#8243;][vc_single_image image=&#8221;207415&#8243; img_size=&#8221;250&#215;250&#8243; alignment=&#8221;center&#8221; style=&#8221;vc_box_circle&#8221;][\/vc_column][\/vc_row][\/vc_section]<\/p>\n<\/section>","protected":false},"excerpt":{"rendered":"<p>[vc_row full_width=&#8221;stretch_row&#8221;][vc_column][\/vc_column][\/vc_row][vc_section][vc_row][vc_column width=&#8221;1\/3&#8243;][vc_single_image image=&#8221;207390&#8243; img_size=&#8221;250&#215;250&#8243; alignment=&#8221;center&#8221; style=&#8221;vc_box_circle&#8221;][\/vc_column][vc_column width=&#8221;2\/3&#8243;][vc_column_text] iRiparo verkkosivun syntyminen [\/vc_column_text][vc_empty_space][vc_column_text]iRiparon toiminta alkoi verkkosivustona vuonna 2009 ideasta tarjota ammattitaitoista tukea apple-k\u00e4ytt\u00e4jille&#8230;.<\/p>\n","protected":false},"author":2,"featured_media":0,"parent":0,"menu_order":0,"comment_status":"closed","ping_status":"closed","template":"","meta":{"footnotes":""},"_links":{"self":[{"href":"https:\/\/iriparo.com\/fi\/wp-json\/wp\/v2\/pages\/32539"}],"collection":[{"href":"https:\/\/iriparo.com\/fi\/wp-json\/wp\/v2\/pages"}],"about":[{"href":"https:\/\/iriparo.com\/fi\/wp-json\/wp\/v2\/types\/page"}],"author":[{"embeddable":true,"href":"https:\/\/iriparo.com\/fi\/wp-json\/wp\/v2\/users\/2"}],"replies":[{"embeddable":true,"href":"https:\/\/iriparo.com\/fi\/wp-json\/wp\/v2\/comments?post=32539"}],"version-history":[{"count":2,"href":"https:\/\/iriparo.com\/fi\/wp-json\/wp\/v2\/pages\/32539\/revisions"}],"predecessor-version":[{"id":313467,"href":"https:\/\/iriparo.com\/fi\/wp-json\/wp\/v2\/pages\/32539\/revisions\/313467"}],"wp:attachment":[{"href":"https:\/\/iriparo.com\/fi\/wp-json\/wp\/v2\/media?parent=32539"}],"curies":[{"name":"wp","href":"https:\/\/api.w.org\/{rel}","templated":true}]}}