{"id":32541,"date":"2018-04-05T18:58:57","date_gmt":"2018-04-05T16:58:57","guid":{"rendered":"https:\/\/iriparo.com\/?page_id=32541"},"modified":"2022-02-18T09:25:50","modified_gmt":"2022-02-18T08:25:50","slug":"korjaus","status":"publish","type":"page","link":"https:\/\/iriparo.com\/fi\/korjaus\/","title":{"rendered":"Korjaus"},"content":{"rendered":"<section class=\"wpb-content-wrapper\"><p>[vc_row full_width=&#8221;stretch_row&#8221;][vc_column]\n\t\t\t<section class=\"imagebg image--light cover cover-blocks bg--secondary \" >\n\t\t\t\t<div class=\"background-image-holder\"><img loading=\"lazy\" decoding=\"async\" width=\"1920\" height=\"1100\" src=\"https:\/\/iriparo.com\/wp-content\/uploads\/2021\/09\/sfondo-riparazioni-2.jpg\" class=\"attachment-full size-full\" alt=\"\" srcset=\"https:\/\/iriparo.com\/wp-content\/uploads\/2021\/09\/sfondo-riparazioni-2.jpg 1920w, https:\/\/iriparo.com\/wp-content\/uploads\/2021\/09\/sfondo-riparazioni-2-500x286.jpg 500w, https:\/\/iriparo.com\/wp-content\/uploads\/2021\/09\/sfondo-riparazioni-2-700x401.jpg 700w, https:\/\/iriparo.com\/wp-content\/uploads\/2021\/09\/sfondo-riparazioni-2-300x172.jpg 300w, https:\/\/iriparo.com\/wp-content\/uploads\/2021\/09\/sfondo-riparazioni-2-1024x587.jpg 1024w, https:\/\/iriparo.com\/wp-content\/uploads\/2021\/09\/sfondo-riparazioni-2-768x440.jpg 768w, https:\/\/iriparo.com\/wp-content\/uploads\/2021\/09\/sfondo-riparazioni-2-1536x880.jpg 1536w\" sizes=\"(max-width: 1920px) 100vw, 1920px\" \/><\/div>\n\t\t\t\t<div class=\"container\">\n\t\t\t\t\t<div class=\"row\">\n\t\t\t\t\t\t<div class=\"col-sm-6 col-md-5\">\n\t\t\t\t\t\t\t<div>[vc_column_text]<\/p>\n<h1>Korjaus<\/h1>\n<h4>\u00c4lypuhelimen tai tabletin rikkoutuminen on aina harmillista. iRiparon teht\u00e4v\u00e4n\u00e4 on ratkaista ongelma parhaalla mahdollisella tavalla. Myyntiverkostomme kautta voit korjata nopeasti mobiililaitteesi joko alkuper\u00e4isill\u00e4 osilla tai s\u00e4\u00e4st\u00e4\u00e4 ja k\u00e4ytt\u00e4\u00e4 yhteensopivia osia.<\/h4>\n<p>[\/vc_column_text][vc_empty_space height=&#8221;16px&#8221;][vc_btn title=&#8221;Etsi l\u00e4hin myym\u00e4l\u00e4&#8221; style=&#8221;flat&#8221; color=&#8221;primary&#8221; link=&#8221;url:%2Ffi%2Fkauppamme%2F|title:R%C3%A9paration%20en%20magasin&#8221;]<\/div>\n\t\t\t\t\t\t<\/div>\n\t\t\t\t\t<\/div><!--end of row-->\n\t\t\t\t<\/div><!--end of container-->\n\t\t\t\t\n\t\t\t<\/section>\n\t\t[\/vc_column][\/vc_row][vc_section][vc_row][vc_column width=&#8221;1\/2&#8243;][vc_column_text]<\/p>\n<h2>Erikoisteknikkomme<\/h2>\n<p>[\/vc_column_text][vc_empty_space height=&#8221;8px&#8221;][vc_column_text]iRiparo myyntipisteist\u00e4 sinua palvelevat erikoisteknikkomme, jotka tekev\u00e4t vianm\u00e4\u00e4rityksen ja korjaavat mink\u00e4 tahansa \u00e4lypuhelin- ja tablettimallin jopa p\u00e4iv\u00e4n sis\u00e4ll\u00e4.[\/vc_column_text][vc_empty_space height=&#8221;16px&#8221;][vc_btn title=&#8221;Etsi l\u00e4hin myym\u00e4l\u00e4&#8221; style=&#8221;flat&#8221; color=&#8221;primary&#8221; link=&#8221;url:%2Ffi%2Fkauppamme%2F|title:R%C3%A9paration%20en%20magasin&#8221;][\/vc_column][vc_column width=&#8221;1\/2&#8243;][vc_single_image image=&#8221;208098&#8243; img_size=&#8221;full&#8221; alignment=&#8221;center&#8221;][\/vc_column][\/vc_row][\/vc_section][vc_section full_width=&#8221;stretch_row&#8221; css=&#8221;.vc_custom_1633076296079{padding-top: 96px !important;padding-bottom: 96px !important;background-image: url(https:\/\/iriparo.com\/wp-content\/uploads\/2021\/09\/sfondo-cambi-riparazione.jpg?id=207712) !important;}&#8221; ebor_docs=&#8221;&#8221;][vc_row][vc_column width=&#8221;1\/3&#8243;][vc_single_image image=&#8221;207720&#8243; img_size=&#8221;full&#8221; alignment=&#8221;center&#8221;][vc_empty_space][vc_column_text]<\/p>\n<h5 class=\"title-white text-center\">Yhteensopivat varaosat<\/h5>\n<p>[\/vc_column_text][vc_empty_space height=&#8221;16px&#8221;][vc_column_text]<\/p>\n<p class=\"text-center title-white\">iRiparossa voit s\u00e4\u00e4st\u00e4\u00e4 k\u00e4ytt\u00e4m\u00e4ll\u00e4 yhteensopivia varaosia, eli uusia varaosia, jotka voivat korvata alkuper\u00e4iset osat.<\/p>\n<p>[\/vc_column_text][vc_empty_space height=&#8221;48px&#8221;][\/vc_column][vc_column width=&#8221;1\/3&#8243;][vc_single_image image=&#8221;207728&#8243; img_size=&#8221;full&#8221; alignment=&#8221;center&#8221;][vc_empty_space][vc_column_text]<\/p>\n<h5 class=\"title-white text-center\">Kunnostetut varaosat<\/h5>\n<p>[\/vc_column_text][vc_empty_space height=&#8221;16px&#8221;][vc_column_text]<\/p>\n<p class=\"title-white text-center\">iRiparo ajattelee my\u00f6s luontoa. Voit valita my\u00f6s kunnostetut osat, eli alkuper\u00e4iset tuotteet jotka on korjattu.<\/p>\n<p>[\/vc_column_text][vc_empty_space height=&#8221;48px&#8221;][\/vc_column][vc_column width=&#8221;1\/3&#8243;][vc_single_image image=&#8221;207720&#8243; img_size=&#8221;full&#8221; alignment=&#8221;center&#8221;][vc_empty_space][vc_column_text]<\/p>\n<h5 class=\"title-white text-center\">Alkuper\u00e4iset varaosat<\/h5>\n<p>[\/vc_column_text][vc_empty_space height=&#8221;16px&#8221;][vc_column_text]<\/p>\n<p class=\"title-white text-center\">K\u00e4ytett\u00e4viss\u00e4mme on laaja alkuper\u00e4isten varaosien valikoima sek\u00e4 \u00e4lypuhelimille ett\u00e4 tableteille niille, jotka eiv\u00e4t koskaan halua tinki\u00e4 laadusta.<\/p>\n<p>[\/vc_column_text][vc_empty_space height=&#8221;48px&#8221;][\/vc_column][\/vc_row][\/vc_section][vc_section][vc_row][vc_column width=&#8221;1\/2&#8243;][vc_column_text]<\/p>\n<h2>L\u00f6yd\u00e4 iRiparo-kauppa<\/h2>\n<p>[\/vc_column_text][vc_empty_space height=&#8221;8px&#8221;][vc_column_text]Express-korjausverkkoomme kuuluu yli 280 iRiparo-myyntipistett\u00e4 Italiassa ja myyntipisteiden kasvu on huikeassa nousussa. Kauppaverkkomme ansiosta palvelemme asiakkaita suurimmissa kaupungeissa italiassa.[\/vc_column_text][vc_empty_space height=&#8221;16px&#8221;][vc_btn title=&#8221;Etsi l\u00e4hin myym\u00e4l\u00e4&#8221; style=&#8221;flat&#8221; color=&#8221;primary&#8221; link=&#8221;url:%2Ffi%2Fkauppamme%2F|title:R%C3%A9paration%20en%20magasin&#8221;][\/vc_column][vc_column width=&#8221;1\/2&#8243;][vc_single_image image=&#8221;206483&#8243; img_size=&#8221;full&#8221; alignment=&#8221;center&#8221;][\/vc_column][\/vc_row][\/vc_section]<\/p>\n<\/section>","protected":false},"excerpt":{"rendered":"<p>[vc_row full_width=&#8221;stretch_row&#8221;][vc_column][\/vc_column][\/vc_row][vc_section][vc_row][vc_column width=&#8221;1\/2&#8243;][vc_column_text] Erikoisteknikkomme [\/vc_column_text][vc_empty_space height=&#8221;8px&#8221;][vc_column_text]iRiparo myyntipisteist\u00e4 sinua palvelevat erikoisteknikkomme, jotka tekev\u00e4t vianm\u00e4\u00e4rityksen ja korjaavat mink\u00e4 tahansa \u00e4lypuhelin- ja tablettimallin jopa p\u00e4iv\u00e4n&#8230;<\/p>\n","protected":false},"author":2,"featured_media":0,"parent":0,"menu_order":0,"comment_status":"closed","ping_status":"closed","template":"","meta":{"footnotes":""},"_links":{"self":[{"href":"https:\/\/iriparo.com\/fi\/wp-json\/wp\/v2\/pages\/32541"}],"collection":[{"href":"https:\/\/iriparo.com\/fi\/wp-json\/wp\/v2\/pages"}],"about":[{"href":"https:\/\/iriparo.com\/fi\/wp-json\/wp\/v2\/types\/page"}],"author":[{"embeddable":true,"href":"https:\/\/iriparo.com\/fi\/wp-json\/wp\/v2\/users\/2"}],"replies":[{"embeddable":true,"href":"https:\/\/iriparo.com\/fi\/wp-json\/wp\/v2\/comments?post=32541"}],"version-history":[{"count":0,"href":"https:\/\/iriparo.com\/fi\/wp-json\/wp\/v2\/pages\/32541\/revisions"}],"wp:attachment":[{"href":"https:\/\/iriparo.com\/fi\/wp-json\/wp\/v2\/media?parent=32541"}],"curies":[{"name":"wp","href":"https:\/\/api.w.org\/{rel}","templated":true}]}}