{"id":32552,"date":"2017-09-14T15:23:14","date_gmt":"2017-09-14T13:23:14","guid":{"rendered":"https:\/\/iriparo.com\/?page_id=32552"},"modified":"2022-02-18T09:29:59","modified_gmt":"2022-02-18T08:29:59","slug":"yhteystiedot","status":"publish","type":"page","link":"https:\/\/iriparo.com\/fi\/yhteystiedot\/","title":{"rendered":"Yhteystiedot"},"content":{"rendered":"<section class=\"wpb-content-wrapper\"><p>[vc_row full_width=&#8221;stretch_row&#8221;][vc_column]\n\t\t\t<section class=\"imagebg parallax \" data-overlay=\"3\" >\n\t\t\t\t<div class=\"background-image-holder\"><img loading=\"lazy\" decoding=\"async\" width=\"1920\" height=\"700\" src=\"https:\/\/iriparo.com\/wp-content\/uploads\/2021\/09\/iriparo-contact-bg.jpg\" class=\"attachment-full size-full\" alt=\"\" srcset=\"https:\/\/iriparo.com\/wp-content\/uploads\/2021\/09\/iriparo-contact-bg.jpg 1920w, https:\/\/iriparo.com\/wp-content\/uploads\/2021\/09\/iriparo-contact-bg-500x182.jpg 500w, https:\/\/iriparo.com\/wp-content\/uploads\/2021\/09\/iriparo-contact-bg-700x255.jpg 700w, https:\/\/iriparo.com\/wp-content\/uploads\/2021\/09\/iriparo-contact-bg-300x109.jpg 300w, https:\/\/iriparo.com\/wp-content\/uploads\/2021\/09\/iriparo-contact-bg-1024x373.jpg 1024w, https:\/\/iriparo.com\/wp-content\/uploads\/2021\/09\/iriparo-contact-bg-768x280.jpg 768w, https:\/\/iriparo.com\/wp-content\/uploads\/2021\/09\/iriparo-contact-bg-1536x560.jpg 1536w\" sizes=\"(max-width: 1920px) 100vw, 1920px\" \/><\/div>\n\t\t\t\t<div class=\"container\">\n\t\t\t\t\t<div class=\"row\">\n\t\t\t\t\t\t<div class=\"col-sm-12\">\n\t\t\t\t\t\t\t<div class=\"cta\">\n\t\t\t\t\t\t\t\t[vc_column_text]<\/p>\n<h1 class=\"title-white\">Yhteystiedot<\/h1>\n<h3 class=\"title-white\">T\u00e4st\u00e4 l\u00f6yd\u00e4t kanavat joiden avulla voit ottaa meihin yhteytt\u00e4<\/h3>\n<p>[\/vc_column_text]\n\t\t\t\t\t\t\t<\/div>\n\t\t\t\t\t\t<\/div>\n\t\t\t\t\t<\/div><!--end of row-->\n\t\t\t\t<\/div><!--end of container-->\n\t\t\t\t\n\t\t\t<\/section>\n\t\t[\/vc_column][\/vc_row][vc_section css=&#8221;.vc_custom_1630921035281{padding-top: 96px !important;padding-bottom: 96px !important;}&#8221;][vc_row][vc_column][vc_column_text]<\/p>\n<h2 class=\"text-center\">Ota yhteytt\u00e4<\/h2>\n<p>[\/vc_column_text][vc_empty_space height=&#8221;8px&#8221;][vc_column_text]<\/p>\n<h4 class=\"text-center\">Tied\u00e4mme hyvin, miten t\u00e4rke\u00e4 laitteesi on. \u00c4l\u00e4 ep\u00e4r\u00f6i ottaa yhteytt\u00e4, vastaamme sinulle mahdollisimman nopeasti.<\/h4>\n<p>[\/vc_column_text][vc_empty_space height=&#8221;64px&#8221;][\/vc_column][\/vc_row][vc_row][vc_column width=&#8221;1\/2&#8243;][vc_column_text]\n<div class=\"wpcf7 no-js\" id=\"wpcf7-f32558-o1\" lang=\"it-IT\" dir=\"ltr\">\n<div class=\"screen-reader-response\"><p role=\"status\" aria-live=\"polite\" aria-atomic=\"true\"><\/p> <ul><\/ul><\/div>\n<form action=\"\/fi\/wp-json\/wp\/v2\/pages\/32552#wpcf7-f32558-o1\" method=\"post\" class=\"wpcf7-form init ir-contact-form wpcf7-acceptance-as-validation\" id=\"contatti-fi-cf\" aria-label=\"Modulo di contatto\" novalidate=\"novalidate\" data-status=\"init\">\n<div style=\"display: none;\">\n<input type=\"hidden\" name=\"_wpcf7\" value=\"32558\" \/>\n<input type=\"hidden\" name=\"_wpcf7_version\" value=\"5.9.3\" \/>\n<input type=\"hidden\" name=\"_wpcf7_locale\" value=\"it_IT\" \/>\n<input type=\"hidden\" name=\"_wpcf7_unit_tag\" value=\"wpcf7-f32558-o1\" \/>\n<input type=\"hidden\" name=\"_wpcf7_container_post\" value=\"0\" \/>\n<input type=\"hidden\" name=\"_wpcf7_posted_data_hash\" value=\"\" \/>\n<input type=\"hidden\" name=\"_wpcf7cf_hidden_group_fields\" value=\"[]\" \/>\n<input type=\"hidden\" name=\"_wpcf7cf_hidden_groups\" value=\"[]\" \/>\n<input type=\"hidden\" name=\"_wpcf7cf_visible_groups\" value=\"[]\" \/>\n<input type=\"hidden\" name=\"_wpcf7cf_repeaters\" value=\"[]\" \/>\n<input type=\"hidden\" name=\"_wpcf7cf_steps\" value=\"{}\" \/>\n<input type=\"hidden\" name=\"_wpcf7cf_options\" value=\"{&quot;form_id&quot;:32558,&quot;conditions&quot;:[],&quot;settings&quot;:{&quot;animation&quot;:&quot;yes&quot;,&quot;animation_intime&quot;:200,&quot;animation_outtime&quot;:200,&quot;conditions_ui&quot;:&quot;normal&quot;,&quot;notice_dismissed&quot;:false,&quot;notice_dismissed_update-cf7-5.7.7&quot;:true}}\" \/>\n<input type=\"hidden\" name=\"_wpcf7_recaptcha_response\" value=\"\" \/>\n<\/div>\n<div class=\"col-md-6\">\n\t<p><span>Etu- ja sukunimi:<\/span><br \/>\n<span class=\"wpcf7-form-control-wrap\" data-name=\"your-name\"><input size=\"40\" class=\"wpcf7-form-control wpcf7-text wpcf7-validates-as-required\" aria-required=\"true\" aria-invalid=\"false\" value=\"\" type=\"text\" name=\"your-name\" \/><\/span>\n\t<\/p>\n<\/div>\n<div class=\"col-md-6\">\n\t<p><span>S\u00e4hk\u00f6posti<\/span><br \/>\n<span class=\"wpcf7-form-control-wrap\" data-name=\"your-email\"><input size=\"40\" class=\"wpcf7-form-control wpcf7-email wpcf7-validates-as-required wpcf7-text wpcf7-validates-as-email\" aria-required=\"true\" aria-invalid=\"false\" value=\"\" type=\"email\" name=\"your-email\" \/><\/span>\n\t<\/p>\n<\/div>\n<div class=\"col-md-6\">\n\t<p><span>Postinumero<\/span><br \/>\n<span class=\"wpcf7-form-control-wrap\" data-name=\"your-zip\"><input size=\"40\" class=\"wpcf7-form-control wpcf7-text wpcf7-validates-as-required\" aria-required=\"true\" aria-invalid=\"false\" value=\"\" type=\"text\" name=\"your-zip\" \/><\/span>\n\t<\/p>\n<\/div>\n<div class=\"col-md-6\">\n\t<p><span>Aihe<\/span><br \/>\n<span class=\"wpcf7-form-control-wrap\" data-name=\"your-subject\"><input size=\"40\" class=\"wpcf7-form-control wpcf7-text wpcf7-validates-as-required\" aria-required=\"true\" aria-invalid=\"false\" value=\"\" type=\"text\" name=\"your-subject\" \/><\/span>\n\t<\/p>\n<\/div>\n<div class=\"col-md-12\">\n\t<p><span>Viesti<\/span><br \/>\n<span class=\"wpcf7-form-control-wrap\" data-name=\"your-message\"><textarea cols=\"40\" rows=\"10\" class=\"wpcf7-form-control wpcf7-textarea wpcf7-validates-as-required\" aria-required=\"true\" aria-invalid=\"false\" name=\"your-message\"><\/textarea><\/span>\n\t<\/p>\n<\/div>\n<div class=\"col-md-12 privacy-acceptance\">\n\t<p><span class=\"wpcf7-form-control-wrap\" data-name=\"acceptance-privacy\"><span class=\"wpcf7-form-control wpcf7-acceptance\"><span class=\"wpcf7-list-item input-checkbox\"><label><\/label><input type=\"checkbox\" name=\"acceptance-privacy\" value=\"1\" aria-invalid=\"false\" \/><\/span><\/span><\/span> Yksityisyyden ja henkil\u00f6tietojen suoja Takaamme ettei meille annettuja henkil\u00f6kohtaisia tietoja luovuteta kolmansille osapuolille. Henkil\u00f6tietoja k\u00e4sittelee vain iRiparo myym\u00e4l\u00e4 ja iRiparon p\u00e4\u00e4konttori, Via Emilia Ponente n.355, Castle Bolognese (RA) Italia. Takaamme GDPR 2016\/679- tietosuoja-asetuksen mukaisen henkil\u00f6tietojen k\u00e4sittelyn. Takaamme, ett\u00e4 henkil\u00f6tietojen k\u00e4sittelyss\u00e4 noudatetaan perusoikeuksia ja -vapauksia sek\u00e4 rekister\u00f6idyn ihmisarvoa, erityisesti luottamuksellisuutta, henkil\u00f6llisyytt\u00e4 ja oikeutta henkil\u00f6tietojen suojaan.<br \/>\nKlikkaamalla 'L\u00e4het\u00e4' -painiketta hyv\u00e4ksyt tietojen k\u00e4sittelyn, varastoinnin ja v\u00e4litt\u00e4misen lain m\u00e4\u00e4r\u00e4\u00e4m\u00e4ll\u00e4 tavalla. Voit peruuttaa hyv\u00e4ksynt\u00e4si milloin tahansa kirjoittamalla s\u00e4hk\u00f6postia osoitteeseen <a href='mailto:privacy@iriparo.com' target='_blank'>privacy@iriparo.com<\/a>.\n\t<\/p>\n<\/div>\n<div class=\"col-md-12\">\n\n<\/div>\n<div class=\"col-md-12\">\n\t<p><input class=\"wpcf7-form-control wpcf7-submit has-spinner btn btn--primary\" type=\"submit\" value=\"L\u00e4het\u00e4\" \/>\n\t<\/p>\n<\/div><input type='hidden' class='wpcf7-pum' value='{\"closepopup\":false,\"closedelay\":0,\"openpopup\":false,\"openpopup_id\":0}' \/><div class=\"wpcf7-response-output\" aria-hidden=\"true\"><\/div>\n<\/form>\n<\/div>\n[\/vc_column_text][\/vc_column][vc_column width=&#8221;1\/2&#8243;][vc_row_inner][vc_column_inner]<div class=\"map-container \" data-maps-api-key=\"AIzaSyCFuZUrhy1MWEEjj_VftaUmzqqBLlJYiI0\" data-address=\"Aleksanterinkatu 18, 15140 Lahti\" data-marker-title=\"Aleksanterinkatu 18, 15140 Lahti\" data-map-style=\"[{&quot;featureType&quot;:&quot;landscape&quot;,&quot;stylers&quot;:[{&quot;hue&quot;:&quot;#FFBB00&quot;},{&quot;saturation&quot;:43.400000000000006},{&quot;lightness&quot;:37.599999999999994},{&quot;gamma&quot;:1}]},{&quot;featureType&quot;:&quot;road.highway&quot;,&quot;stylers&quot;:[{&quot;hue&quot;:&quot;#FFC200&quot;},{&quot;saturation&quot;:-61.8},{&quot;lightness&quot;:45.599999999999994},{&quot;gamma&quot;:1}]},{&quot;featureType&quot;:&quot;road.arterial&quot;,&quot;stylers&quot;:[{&quot;hue&quot;:&quot;#FF0300&quot;},{&quot;saturation&quot;:-100},{&quot;lightness&quot;:51.19999999999999},{&quot;gamma&quot;:1}]},{&quot;featureType&quot;:&quot;road.local&quot;,&quot;stylers&quot;:[{&quot;hue&quot;:&quot;#FF0300&quot;},{&quot;saturation&quot;:-100},{&quot;lightness&quot;:52},{&quot;gamma&quot;:1}]},{&quot;featureType&quot;:&quot;water&quot;,&quot;stylers&quot;:[{&quot;hue&quot;:&quot;#0078FF&quot;},{&quot;saturation&quot;:-13.200000000000003},{&quot;lightness&quot;:2.4000000000000057},{&quot;gamma&quot;:1}]},{&quot;featureType&quot;:&quot;poi&quot;,&quot;stylers&quot;:[{&quot;hue&quot;:&quot;#00FF6A&quot;},{&quot;saturation&quot;:-1.0989010989011234},{&quot;lightness&quot;:11.200000000000017},{&quot;gamma&quot;:1}]}]\" data-map-zoom=\"7\"><\/div>[\/vc_column_inner][\/vc_row_inner][vc_empty_space][vc_row_inner][vc_column_inner width=&#8221;1\/2&#8243;]<div class=\"evc-icon-with-text evc-shortcode  evc-iwt-icon-left\">\n\t<div class=\"evc-iwt-icon-holder\">\n\t\t\t\n\t<span class=\"evc-iwt-icon fas fa-home\" style=\"color: #34b3e3\"><\/span>\n\t<\/div>\n\t<div class=\"evc-iwt-content\">\n\t\t\t<p class=\"evc-iwt-title\" >\n\t\t\t\t\tKauppakeskus Trio, Aleksanterinkatu 18, 15140 Lahti\t\t\t<\/p>\n\t<\/div>\n<\/div>\n[vc_empty_space height=&#8221;16px&#8221;]<div class=\"evc-icon-with-text evc-shortcode  evc-iwt-icon-left\">\n\t<div class=\"evc-iwt-icon-holder\">\n\t\t\t\n\t<span class=\"evc-iwt-icon fas fa-phone\" style=\"color: #34b3e3\"><\/span>\n\t<\/div>\n\t<div class=\"evc-iwt-content\">\n\t\t\t<p class=\"evc-iwt-title\" >\n\t\t\t\t\t<a class=\"evc-iwt-link\" href=\"tel:003580407399517\">\n\t\t\t\t\t0407399517\t\t\t\t\t<\/a>\n\t\t\t<\/p>\n\t<\/div>\n<\/div>\n[vc_empty_space height=&#8221;16px&#8221;][\/vc_column_inner][vc_column_inner width=&#8221;1\/2&#8243;]<div class=\"evc-icon-with-text evc-shortcode  evc-iwt-icon-left\">\n\t<div class=\"evc-iwt-icon-holder\">\n\t\t\t\n\t<span class=\"evc-iwt-icon fas fa-envelope\" style=\"color: #34b3e3\"><\/span>\n\t<\/div>\n\t<div class=\"evc-iwt-content\">\n\t\t\t<p class=\"evc-iwt-title\" >\n\t\t\t\t\t<a class=\"evc-iwt-link\" href=\"mailto:info@iriparo.fi\">\n\t\t\t\t\tinfo@iriparo.fi\t\t\t\t\t<\/a>\n\t\t\t<\/p>\n\t<\/div>\n<\/div>\n[vc_empty_space height=&#8221;16px&#8221;]<div class=\"evc-icon-with-text evc-shortcode  evc-iwt-icon-left\">\n\t<div class=\"evc-iwt-icon-holder\">\n\t\t\t\n\t<span class=\"evc-iwt-icon fab fa-whatsapp\" style=\"color: #34b3e3\"><\/span>\n\t<\/div>\n\t<div class=\"evc-iwt-content\">\n\t\t\t<p class=\"evc-iwt-title\" >\n\t\t\t\t\t0407399517 (Whatsapp)\t\t\t<\/p>\n\t<\/div>\n<\/div>\n[vc_empty_space height=&#8221;16px&#8221;][\/vc_column_inner][\/vc_row_inner][\/vc_column][\/vc_row][\/vc_section]<\/p>\n<\/section>","protected":false},"excerpt":{"rendered":"<p>[vc_row full_width=&#8221;stretch_row&#8221;][vc_column][\/vc_column][\/vc_row][vc_section css=&#8221;.vc_custom_1630921035281{padding-top: 96px !important;padding-bottom: 96px !important;}&#8221;][vc_row][vc_column][vc_column_text] Ota yhteytt\u00e4 [\/vc_column_text][vc_empty_space height=&#8221;8px&#8221;][vc_column_text] Tied\u00e4mme hyvin, miten t\u00e4rke\u00e4 laitteesi on. \u00c4l\u00e4 ep\u00e4r\u00f6i ottaa yhteytt\u00e4, vastaamme&#8230;<\/p>\n","protected":false},"author":2,"featured_media":0,"parent":0,"menu_order":0,"comment_status":"closed","ping_status":"closed","template":"","meta":{"footnotes":""},"_links":{"self":[{"href":"https:\/\/iriparo.com\/fi\/wp-json\/wp\/v2\/pages\/32552"}],"collection":[{"href":"https:\/\/iriparo.com\/fi\/wp-json\/wp\/v2\/pages"}],"about":[{"href":"https:\/\/iriparo.com\/fi\/wp-json\/wp\/v2\/types\/page"}],"author":[{"embeddable":true,"href":"https:\/\/iriparo.com\/fi\/wp-json\/wp\/v2\/users\/2"}],"replies":[{"embeddable":true,"href":"https:\/\/iriparo.com\/fi\/wp-json\/wp\/v2\/comments?post=32552"}],"version-history":[{"count":0,"href":"https:\/\/iriparo.com\/fi\/wp-json\/wp\/v2\/pages\/32552\/revisions"}],"wp:attachment":[{"href":"https:\/\/iriparo.com\/fi\/wp-json\/wp\/v2\/media?parent=32552"}],"curies":[{"name":"wp","href":"https:\/\/api.w.org\/{rel}","templated":true}]}}