{"id":32561,"date":"2018-05-29T15:28:24","date_gmt":"2018-05-29T13:28:24","guid":{"rendered":"https:\/\/iriparo.com\/?page_id=32561"},"modified":"2022-02-18T09:29:30","modified_gmt":"2022-02-18T08:29:30","slug":"varaosat","status":"publish","type":"page","link":"https:\/\/iriparo.com\/fi\/varaosat\/","title":{"rendered":"Varaosat"},"content":{"rendered":"<section class=\"wpb-content-wrapper\"><p>[vc_row full_width=&#8221;stretch_row&#8221; css=&#8221;.vc_custom_1631011994626{margin-bottom: 0px !important;}&#8221;][vc_column]\n\t\t\t<section class=\"imagebg image--light cover cover-blocks bg--secondary \" >\n\t\t\t\t<div class=\"background-image-holder\"><img loading=\"lazy\" decoding=\"async\" width=\"1920\" height=\"1100\" src=\"https:\/\/iriparo.com\/wp-content\/uploads\/2021\/09\/sfondo-ricambi.png\" class=\"attachment-full size-full\" alt=\"\" srcset=\"https:\/\/iriparo.com\/wp-content\/uploads\/2021\/09\/sfondo-ricambi.png 1920w, https:\/\/iriparo.com\/wp-content\/uploads\/2021\/09\/sfondo-ricambi-500x286.png 500w, https:\/\/iriparo.com\/wp-content\/uploads\/2021\/09\/sfondo-ricambi-700x401.png 700w, https:\/\/iriparo.com\/wp-content\/uploads\/2021\/09\/sfondo-ricambi-300x172.png 300w, https:\/\/iriparo.com\/wp-content\/uploads\/2021\/09\/sfondo-ricambi-1024x587.png 1024w, https:\/\/iriparo.com\/wp-content\/uploads\/2021\/09\/sfondo-ricambi-768x440.png 768w, https:\/\/iriparo.com\/wp-content\/uploads\/2021\/09\/sfondo-ricambi-1536x880.png 1536w\" sizes=\"(max-width: 1920px) 100vw, 1920px\" \/><\/div>\n\t\t\t\t<div class=\"container\">\n\t\t\t\t\t<div class=\"row\">\n\t\t\t\t\t\t<div class=\"col-sm-6 col-md-5\">\n\t\t\t\t\t\t\t<div>[vc_column_text]<\/p>\n<h1>Varaosat<\/h1>\n<p>[\/vc_column_text][vc_empty_space height=&#8221;8px&#8221;][vc_column_text]<\/p>\n<h4>iRiparo-myym\u00e4l\u00f6iss\u00e4 k\u00e4yt\u00e4mme erilaisia varaosatyyppej\u00e4 eli alkuper\u00e4isi\u00e4, vastaavia ja kierr\u00e4tettyj\u00e4 osia. T\u00e4ll\u00e4 vastaamme erilaisiin korjaustarpeisiin niin kustannusten kuin teknisten vaatimusten osalta. Asennuksissa k\u00e4ytt\u00e4m\u00e4mme vastaavat varaosat Apple-laitteille ovat tarkasti valittu ja testattu teknisen henkil\u00f6kuntamme toimesta.<\/h4>\n<p>[\/vc_column_text][vc_empty_space height=&#8221;16px&#8221;][vc_btn title=&#8221;Kysy myym\u00e4l\u00e4st\u00e4&#8221; style=&#8221;flat&#8221; color=&#8221;primary&#8221; link=&#8221;url:%2Ffi%2Fkauppamme%2F|title:Kysy%20myym%C3%A4l%C3%A4st%C3%A4&#8243;]<\/div>\n\t\t\t\t\t\t<\/div>\n\t\t\t\t\t<\/div><!--end of row-->\n\t\t\t\t<\/div><!--end of container-->\n\t\t\t\t\n\t\t\t<\/section>\n\t\t[\/vc_column][\/vc_row][vc_section full_width=&#8221;stretch_row&#8221; css=&#8221;.vc_custom_1631011525627{padding-top: 96px !important;padding-bottom: 96px !important;background-image: url(https:\/\/iriparo.com\/wp-content\/uploads\/2021\/09\/sfondo-cambi-riparazione.jpg?id=207710) !important;}&#8221;][vc_row][vc_column width=&#8221;1\/3&#8243;][vc_single_image image=&#8221;207720&#8243; img_size=&#8221;full&#8221; alignment=&#8221;center&#8221;][vc_empty_space][vc_column_text]<\/p>\n<h5 class=\"title-white text-center\">Vastaavat varaosat<\/h5>\n<p>[\/vc_column_text][vc_empty_space height=&#8221;16px&#8221;][vc_column_text]<\/p>\n<p class=\"text-center\" style=\"color: #b5b5b6;\">iRiparo myym\u00e4l\u00f6iss\u00e4 s\u00e4\u00e4st\u00e4t rahaa valitsemalla korjaukseen testatut ja taatut vastaavat osat.<\/p>\n<p>[\/vc_column_text][\/vc_column][vc_column width=&#8221;1\/3&#8243;][vc_single_image image=&#8221;207728&#8243; img_size=&#8221;full&#8221; alignment=&#8221;center&#8221;][vc_empty_space][vc_column_text]<\/p>\n<h5 class=\"title-white text-center\">Kunnostetut varaosat<\/h5>\n<p>[\/vc_column_text][vc_empty_space height=&#8221;16px&#8221;][vc_column_text]<\/p>\n<p class=\"text-center\" style=\"color: #b5b5b6;\">iRiparo ajattelee my\u00f6s luontoa ja k\u00e4ytt\u00e4\u00e4 alkuper\u00e4isi\u00e4 kunnostettuja ja testattuja varaosia.<\/p>\n<p>[\/vc_column_text][\/vc_column][vc_column width=&#8221;1\/3&#8243;][vc_single_image image=&#8221;207736&#8243; img_size=&#8221;full&#8221; alignment=&#8221;center&#8221;][vc_empty_space][vc_column_text]<\/p>\n<h5 class=\"title-white text-center\">Alkuper\u00e4iset varaosat<\/h5>\n<p>[\/vc_column_text][vc_empty_space height=&#8221;16px&#8221;][vc_column_text]<\/p>\n<p class=\"text-center\" style=\"color: #b5b5b6;\">Halutessasi saat meilt\u00e4 my\u00f6s alkuper\u00e4iset varaosat.<\/p>\n<p>[\/vc_column_text][\/vc_column][\/vc_row][\/vc_section][vc_section css=&#8221;.vc_custom_1631011698762{padding-top: 96px !important;padding-bottom: 96px !important;}&#8221;][vc_row][vc_column width=&#8221;1\/2&#8243;][vc_single_image image=&#8221;206483&#8243; img_size=&#8221;full&#8221; alignment=&#8221;center&#8221;][\/vc_column][vc_column width=&#8221;1\/2&#8243;][vc_column_text]<\/p>\n<h2>Etsi l\u00e4hin iRiparo-myym\u00e4l\u00e4<\/h2>\n<p>[\/vc_column_text][vc_empty_space height=&#8221;8px&#8221;][vc_column_text]<\/p>\n<h4>Klikkaamalla \u201dEtsi l\u00e4hin myym\u00e4l\u00e4\u201d-kohtaa l\u00f6yd\u00e4t l\u00e4himm\u00e4n iRiparo-myym\u00e4l\u00e4n. Voit vied\u00e4 mobiililaitteesi suoraan huoltoon tai soittaa myym\u00e4l\u00e4\u00e4n ja tiedustella sopivia varaosia sek\u00e4 korjausaikoja ja -hintoja.<\/h4>\n<p>[\/vc_column_text][vc_empty_space height=&#8221;16px&#8221;][vc_btn title=&#8221;Kysy myym\u00e4l\u00e4st\u00e4&#8221; style=&#8221;flat&#8221; color=&#8221;primary&#8221; link=&#8221;url:%2Ffi%2Fkauppamme%2F|title:Kysy%20myym%C3%A4l%C3%A4st%C3%A4&#8243;][\/vc_column][\/vc_row][\/vc_section]<\/p>\n<\/section>","protected":false},"excerpt":{"rendered":"<p>[vc_row full_width=&#8221;stretch_row&#8221; css=&#8221;.vc_custom_1631011994626{margin-bottom: 0px !important;}&#8221;][vc_column][\/vc_column][\/vc_row][vc_section full_width=&#8221;stretch_row&#8221; css=&#8221;.vc_custom_1631011525627{padding-top: 96px !important;padding-bottom: 96px !important;background-image: url(https:\/\/iriparo.com\/wp-content\/uploads\/2021\/09\/sfondo-cambi-riparazione.jpg?id=207710) !important;}&#8221;][vc_row][vc_column width=&#8221;1\/3&#8243;][vc_single_image image=&#8221;207720&#8243; img_size=&#8221;full&#8221; alignment=&#8221;center&#8221;][vc_empty_space][vc_column_text] Vastaavat varaosat [\/vc_column_text][vc_empty_space height=&#8221;16px&#8221;][vc_column_text] iRiparo&#8230;<\/p>\n","protected":false},"author":2,"featured_media":0,"parent":0,"menu_order":0,"comment_status":"closed","ping_status":"closed","template":"","meta":{"footnotes":""},"_links":{"self":[{"href":"https:\/\/iriparo.com\/fi\/wp-json\/wp\/v2\/pages\/32561"}],"collection":[{"href":"https:\/\/iriparo.com\/fi\/wp-json\/wp\/v2\/pages"}],"about":[{"href":"https:\/\/iriparo.com\/fi\/wp-json\/wp\/v2\/types\/page"}],"author":[{"embeddable":true,"href":"https:\/\/iriparo.com\/fi\/wp-json\/wp\/v2\/users\/2"}],"replies":[{"embeddable":true,"href":"https:\/\/iriparo.com\/fi\/wp-json\/wp\/v2\/comments?post=32561"}],"version-history":[{"count":0,"href":"https:\/\/iriparo.com\/fi\/wp-json\/wp\/v2\/pages\/32561\/revisions"}],"wp:attachment":[{"href":"https:\/\/iriparo.com\/fi\/wp-json\/wp\/v2\/media?parent=32561"}],"curies":[{"name":"wp","href":"https:\/\/api.w.org\/{rel}","templated":true}]}}