{"id":32567,"date":"2018-05-31T09:42:46","date_gmt":"2018-05-31T07:42:46","guid":{"rendered":"https:\/\/iriparo.com\/?page_id=32567"},"modified":"2022-02-18T09:30:47","modified_gmt":"2022-02-18T08:30:47","slug":"zagg-itsepalautuvat-suojakalvot","status":"publish","type":"page","link":"https:\/\/iriparo.com\/fi\/zagg-itsepalautuvat-suojakalvot\/","title":{"rendered":"ZAGG itsepalautuvat suojakalvot"},"content":{"rendered":"<section class=\"wpb-content-wrapper\"><p>[vc_row full_width=&#8221;stretch_row&#8221; row_type=&#8221;parallax&#8221; content_width=&#8221;grid&#8221; full_screen_section_height=&#8221;yes&#8221; vertically_align_content_in_middle=&#8221;yes&#8221; parallax_background_image=&#8221;13840&#8243;][vc_column]\n\t\t\t<section class=\"imagebg parallax \" data-overlay=\"3\" >\n\t\t\t\t<div class=\"background-image-holder\"><img loading=\"lazy\" decoding=\"async\" width=\"1920\" height=\"700\" src=\"https:\/\/iriparo.com\/wp-content\/uploads\/2021\/12\/img-ZAGG-2021-01.jpg\" class=\"attachment-full size-full\" alt=\"\" srcset=\"https:\/\/iriparo.com\/wp-content\/uploads\/2021\/12\/img-ZAGG-2021-01.jpg 1920w, https:\/\/iriparo.com\/wp-content\/uploads\/2021\/12\/img-ZAGG-2021-01-500x182.jpg 500w, https:\/\/iriparo.com\/wp-content\/uploads\/2021\/12\/img-ZAGG-2021-01-700x255.jpg 700w, https:\/\/iriparo.com\/wp-content\/uploads\/2021\/12\/img-ZAGG-2021-01-300x109.jpg 300w, https:\/\/iriparo.com\/wp-content\/uploads\/2021\/12\/img-ZAGG-2021-01-1024x373.jpg 1024w, https:\/\/iriparo.com\/wp-content\/uploads\/2021\/12\/img-ZAGG-2021-01-768x280.jpg 768w, https:\/\/iriparo.com\/wp-content\/uploads\/2021\/12\/img-ZAGG-2021-01-1536x560.jpg 1536w\" sizes=\"(max-width: 1920px) 100vw, 1920px\" \/><\/div>\n\t\t\t\t<div class=\"container\">\n\t\t\t\t\t<div class=\"row\">\n\t\t\t\t\t\t<div class=\"col-sm-12\">\n\t\t\t\t\t\t\t<div class=\"cta\">\n\t\t\t\t\t\t\t\t[vc_column_text]<\/p>\n<h1 class=\"title-white\">ZAGG itsepalautuvat suojakalvot<\/h1>\n<h3 class=\"title-white\">Suojaa puhelimen tai tabletin n\u00e4ytt\u00f6 Amerikan myydyimm\u00e4ll\u00e4 suojakalvolla #LiveFearlessly<\/h3>\n<p>[\/vc_column_text]\n\t\t\t\t\t\t\t<\/div>\n\t\t\t\t\t\t<\/div>\n\t\t\t\t\t<\/div><!--end of row-->\n\t\t\t\t<\/div><!--end of container-->\n\t\t\t\t\n\t\t\t<\/section>\n\t\t[\/vc_column][\/vc_row][vc_section full_width=&#8221;stretch_row&#8221; css=&#8221;.vc_custom_1642601079316{padding-top: 96px !important;padding-bottom: 96px !important;}&#8221;][vc_row content_width=&#8221;grid&#8221; content_aligment=&#8221;center&#8221; el_class=&#8221;custom-row-icons&#8221;][vc_column width=&#8221;1\/3&#8243;][vc_column_text]<\/p>\n<h3 style=\"text-align: center;\">ALKUPER\u00c4INEN<\/h3>\n<p>[\/vc_column_text][vc_empty_space][vc_single_image image=&#8221;206647&#8243; img_size=&#8221;full&#8221; alignment=&#8221;center&#8221;][vc_empty_space][vc_column_text]<\/p>\n<p class=\"text-center\">Vakiokalvo, joka suojaa naarmuilta ja iskuilta j\u00e4tt\u00e4m\u00e4tt\u00e4 kuplia.<\/p>\n<p class=\"text-center\">Saatavana \u00e4lypuhelimille ja tableteille alkaen \u20ac14,90<\/p>\n<p>[\/vc_column_text][vc_empty_space height=&#8221;48px&#8221;][\/vc_column][vc_column width=&#8221;1\/3&#8243;][vc_column_text]<\/p>\n<h3 style=\"text-align: center;\">HD<\/h3>\n<p>[\/vc_column_text][vc_empty_space][vc_single_image image=&#8221;206655&#8243; img_size=&#8221;full&#8221; alignment=&#8221;center&#8221;][vc_empty_space][vc_column_text]<\/p>\n<p class=\"text-center\">Suojaa naarmuilta ja iskuilta, kirkkaampi n\u00e4ytt\u00f6. Ei j\u00e4t\u00e4 sormenj\u00e4lki\u00e4 kalvon pintaan.<\/p>\n<p class=\"text-center\">Saatavana \u00e4lypuhelimille ja tableteille alkaen \u20ac19,90<\/p>\n<p class=\"text-center\">\u00c4lykelloille alkaen \u20ac9,90<\/p>\n<p>[\/vc_column_text][vc_empty_space height=&#8221;48px&#8221;][\/vc_column][vc_column width=&#8221;1\/3&#8243;][vc_column_text]<\/p>\n<h3 style=\"text-align: center;\">HD ULTRA<\/h3>\n<p>[\/vc_column_text][vc_empty_space][vc_single_image image=&#8221;206663&#8243; img_size=&#8221;full&#8221; alignment=&#8221;center&#8221;][vc_empty_space][vc_column_text]<\/p>\n<p class=\"text-center\">Kolme kertaa parempi suojaus verrattuna panssarilaseihin. Kirkkain ja tarkin n\u00e4ytt\u00f6.<\/p>\n<p class=\"text-center\">Saatavana \u00e4lypuhelimille hintaan \u20ac 24,90<\/p>\n<p>[\/vc_column_text][vc_empty_space height=&#8221;48px&#8221;][\/vc_column][\/vc_row][\/vc_section][vc_section full_width=&#8221;stretch_row&#8221; css=&#8221;.vc_custom_1642601154113{padding-top: 96px !important;padding-bottom: 96px !important;background-color: #f5f5f5 !important;}&#8221;][vc_row][vc_column][vc_video link=&#8221;https:\/\/youtu.be\/86mYazcuWls&#8221; align=&#8221;center&#8221;][\/vc_column][\/vc_row][\/vc_section][vc_section css=&#8221;.vc_custom_1642690914669{padding-top: 96px !important;padding-bottom: 96px !important;}&#8221;][vc_row][vc_column width=&#8221;1\/3&#8243;][vc_single_image image=&#8221;221113&#8243; img_size=&#8221;384&#215;394&#8243; alignment=&#8221;center&#8221; style=&#8221;vc_box_rounded&#8221;][vc_empty_space][vc_column_text]<\/p>\n<h3 class=\"text-center\">Suojaus suunniteltu \u00e4\u00e4rimm\u00e4iseen ymp\u00e4rist\u00f6\u00f6n<\/h3>\n<p>[\/vc_column_text][vc_empty_space height=&#8221;8px&#8221;][vc_column_text]<\/p>\n<p class=\"text-center\">InvisibleShield asettaa alan standardin n\u00e4yt\u00f6n suojaukselle. Aloitimme sotilask\u00e4ytt\u00f6\u00f6n tarkoitetuilla komponenteilla ja olemme luoneet oman tien kehitt\u00e4en uutta teknologiaa, patentoituja liimoja ja muuta.<\/p>\n<p>[\/vc_column_text][vc_empty_space height=&#8221;48px&#8221;][\/vc_column][vc_column width=&#8221;1\/3&#8243;][vc_single_image image=&#8221;221121&#8243; img_size=&#8221;384&#215;394&#8243; alignment=&#8221;center&#8221; style=&#8221;vc_box_rounded&#8221;][vc_empty_space][vc_column_text]<\/p>\n<h3 class=\"text-center\">Tehokas iskunsuoja<\/h3>\n<p>[\/vc_column_text][vc_empty_space height=&#8221;8px&#8221;][vc_column_text]<\/p>\n<p class=\"text-center\">InvisibleShield -tekniikka on suunniteltu vaimentamaan siihen kohdistuneet iskut pit\u00e4en n\u00e4yt\u00f6n ehj\u00e4n\u00e4 ja antaen sinulle vapauden el\u00e4\u00e4 pelottomasti.<\/p>\n<p>[\/vc_column_text][vc_empty_space height=&#8221;48px&#8221;][\/vc_column][vc_column width=&#8221;1\/3&#8243;][vc_single_image image=&#8221;221129&#8243; img_size=&#8221;384&#215;394&#8243; alignment=&#8221;center&#8221; style=&#8221;vc_box_rounded&#8221;][vc_empty_space][vc_column_text]<\/p>\n<h3 class=\"text-center\">Suoja naarmuuntumiselta jokap\u00e4iv\u00e4isess\u00e4 k\u00e4yt\u00f6ss\u00e4<\/h3>\n<p>[\/vc_column_text][vc_empty_space height=&#8221;8px&#8221;][vc_column_text]<\/p>\n<p class=\"text-center\">InvisibleShield suojaa n\u00e4ytt\u00f6si naarmuuntumiselta jokap\u00e4iv\u00e4isess\u00e4 k\u00e4yt\u00f6ss\u00e4. Vaikka puhelimesi kokisi kolhuja n\u00e4ytt\u00f6 pysyy hyv\u00e4ss\u00e4 kunnossa.<\/p>\n<p>[\/vc_column_text][vc_empty_space height=&#8221;48px&#8221;][\/vc_column][\/vc_row][\/vc_section][vc_section full_width=&#8221;stretch_row&#8221; css=&#8221;.vc_custom_1642691575837{padding-top: 96px !important;padding-bottom: 96px !important;background-color: #f5f5f5 !important;}&#8221; ebor_docs=&#8221;&#8221;][vc_row][vc_column][vc_column_text]<\/p>\n<h2 class=\"text-center\"><strong>Ilmainen ja nopea<\/strong> asennus myym\u00e4l\u00e4ss\u00e4!<\/h2>\n<p>[\/vc_column_text][vc_empty_space height=&#8221;16px&#8221;][vc_column_text]<\/p>\n<h4 class=\"text-center\">ZAGG itsepalautuvat suojakalvot ovat saatavilla seuraavista iRiparo myym\u00e4l\u00f6ist\u00e4:<\/h4>\n<p>[\/vc_column_text][vc_empty_space][vc_column_text]<\/p>\n<p class=\"text-center\"><a class=\"btn btn--primary type--uppercase inner-link\" title=\"L\u00f6yd\u00e4 l\u00e4hin myym\u00e4l\u00e4\" href=\"\/fi\/kauppamme\/\"><span class=\"btn__text\">L\u00f6yd\u00e4 l\u00e4hin myym\u00e4l\u00e4<\/span><\/a><\/p>\n<p>[\/vc_column_text][\/vc_column][\/vc_row][\/vc_section][vc_section][vc_row content_width=&#8221;grid&#8221; content_aligment=&#8221;center&#8221; el_class=&#8221;custom-row-icons&#8221;][vc_column width=&#8221;1\/3&#8243;][vc_single_image image=&#8221;206638&#8243; img_size=&#8221;full&#8221; alignment=&#8221;center&#8221;][vc_empty_space][vc_column_text]<\/p>\n<h3 class=\"text-center\">Itsekorjautuva teknologia<\/h3>\n<p>[\/vc_column_text][vc_empty_space height=&#8221;19px&#8221;][vc_column_text]<\/p>\n<p class=\"text-center\">Zagg-suojakalvo on korkealaatuista teknologiaa. Se korjaantuu naarmujen tai muiden j\u00e4lkien vuoksi itsest\u00e4\u00e4n ja muutamassa minuutissa kalvo on kuin uusi.<\/p>\n<p>[\/vc_column_text][vc_empty_space height=&#8221;48px&#8221;][\/vc_column][vc_column width=&#8221;1\/3&#8243;][vc_single_image image=&#8221;206630&#8243; img_size=&#8221;full&#8221; alignment=&#8221;center&#8221;][vc_empty_space][vc_column_text]<\/p>\n<h3 class=\"text-center\">Elinik\u00e4inen takuu<\/h3>\n<p>[\/vc_column_text][vc_empty_space height=&#8221;19px&#8221;][vc_column_text]<\/p>\n<p class=\"text-center\">Kaikille Zagg kalvoille my\u00f6nnet\u00e4\u00e4n ilmainen vaihtotakuu laitteen koko elini\u00e4ksi. Jos kalvo repeytyy, rikkoutuu tai vahingoittuu, voit pyyt\u00e4\u00e4 sen vaihtoa uuteen l\u00e4himm\u00e4st\u00e4 myym\u00e4l\u00e4st\u00e4.<\/p>\n<p>[\/vc_column_text][vc_empty_space height=&#8221;48px&#8221;][\/vc_column][vc_column width=&#8221;1\/3&#8243;][vc_single_image image=&#8221;206622&#8243; img_size=&#8221;70&#215;95&#8243; alignment=&#8221;center&#8221;][vc_empty_space][vc_column_text]<\/p>\n<h3 class=\"text-center\">Kiinnitys ilman kuplia<\/h3>\n<p>[\/vc_column_text][vc_empty_space height=&#8221;19px&#8221;][vc_column_text]<\/p>\n<p class=\"text-center\">iRiparo teknikkomme asentavat suojakalvon \u00e4lypuhelimeesi, tablettiisi tai \u00e4lykelloon ilman ik\u00e4vi\u00e4 ilmakuplia. Kalvo kiinnittyy t\u00e4ydellisesti n\u00e4yt\u00f6n pintaan ja se on miltei n\u00e4kym\u00e4t\u00f6n.<\/p>\n<p>[\/vc_column_text][vc_empty_space height=&#8221;48px&#8221;][\/vc_column][\/vc_row][\/vc_section]<\/p>\n<\/section>","protected":false},"excerpt":{"rendered":"<p>[vc_row full_width=&#8221;stretch_row&#8221; row_type=&#8221;parallax&#8221; content_width=&#8221;grid&#8221; full_screen_section_height=&#8221;yes&#8221; vertically_align_content_in_middle=&#8221;yes&#8221; parallax_background_image=&#8221;13840&#8243;][vc_column][\/vc_column][\/vc_row][vc_section full_width=&#8221;stretch_row&#8221; css=&#8221;.vc_custom_1642601079316{padding-top: 96px !important;padding-bottom: 96px !important;}&#8221;][vc_row content_width=&#8221;grid&#8221; content_aligment=&#8221;center&#8221; el_class=&#8221;custom-row-icons&#8221;][vc_column width=&#8221;1\/3&#8243;][vc_column_text] ALKUPER\u00c4INEN [\/vc_column_text][vc_empty_space][vc_single_image image=&#8221;206647&#8243; img_size=&#8221;full&#8221; alignment=&#8221;center&#8221;][vc_empty_space][vc_column_text]&#8230;<\/p>\n","protected":false},"author":2,"featured_media":0,"parent":0,"menu_order":0,"comment_status":"closed","ping_status":"closed","template":"","meta":{"footnotes":""},"_links":{"self":[{"href":"https:\/\/iriparo.com\/fi\/wp-json\/wp\/v2\/pages\/32567"}],"collection":[{"href":"https:\/\/iriparo.com\/fi\/wp-json\/wp\/v2\/pages"}],"about":[{"href":"https:\/\/iriparo.com\/fi\/wp-json\/wp\/v2\/types\/page"}],"author":[{"embeddable":true,"href":"https:\/\/iriparo.com\/fi\/wp-json\/wp\/v2\/users\/2"}],"replies":[{"embeddable":true,"href":"https:\/\/iriparo.com\/fi\/wp-json\/wp\/v2\/comments?post=32567"}],"version-history":[{"count":0,"href":"https:\/\/iriparo.com\/fi\/wp-json\/wp\/v2\/pages\/32567\/revisions"}],"wp:attachment":[{"href":"https:\/\/iriparo.com\/fi\/wp-json\/wp\/v2\/media?parent=32567"}],"curies":[{"name":"wp","href":"https:\/\/api.w.org\/{rel}","templated":true}]}}