{"id":32579,"date":"2017-09-13T11:44:36","date_gmt":"2017-09-13T09:44:36","guid":{"rendered":"https:\/\/iriparo.com\/?page_id=32579"},"modified":"2022-02-18T09:28:04","modified_gmt":"2022-02-18T08:28:04","slug":"takaamme-kaytetyt-tuottee","status":"publish","type":"page","link":"https:\/\/iriparo.com\/fi\/takaamme-kaytetyt-tuottee\/","title":{"rendered":"Tehdashuollettujen laitteiden takuu"},"content":{"rendered":"<section class=\"wpb-content-wrapper\"><p>[vc_row full_width=&#8221;stretch_row&#8221;][vc_column]\n\t\t\t<section class=\"imagebg image--light cover cover-blocks bg--secondary \" >\n\t\t\t\t<div class=\"background-image-holder\"><img loading=\"lazy\" decoding=\"async\" width=\"1920\" height=\"1100\" src=\"https:\/\/iriparo.com\/wp-content\/uploads\/2021\/08\/dispostivi-usati-garantiti-iriparo-sfondo.jpeg\" class=\"attachment-full size-full\" alt=\"\" srcset=\"https:\/\/iriparo.com\/wp-content\/uploads\/2021\/08\/dispostivi-usati-garantiti-iriparo-sfondo.jpeg 1920w, https:\/\/iriparo.com\/wp-content\/uploads\/2021\/08\/dispostivi-usati-garantiti-iriparo-sfondo-500x286.jpeg 500w, https:\/\/iriparo.com\/wp-content\/uploads\/2021\/08\/dispostivi-usati-garantiti-iriparo-sfondo-700x401.jpeg 700w, https:\/\/iriparo.com\/wp-content\/uploads\/2021\/08\/dispostivi-usati-garantiti-iriparo-sfondo-300x172.jpeg 300w, https:\/\/iriparo.com\/wp-content\/uploads\/2021\/08\/dispostivi-usati-garantiti-iriparo-sfondo-1024x587.jpeg 1024w, https:\/\/iriparo.com\/wp-content\/uploads\/2021\/08\/dispostivi-usati-garantiti-iriparo-sfondo-768x440.jpeg 768w, https:\/\/iriparo.com\/wp-content\/uploads\/2021\/08\/dispostivi-usati-garantiti-iriparo-sfondo-1536x880.jpeg 1536w\" sizes=\"(max-width: 1920px) 100vw, 1920px\" \/><\/div>\n\t\t\t\t<div class=\"container\">\n\t\t\t\t\t<div class=\"row\">\n\t\t\t\t\t\t<div class=\"col-sm-6 col-md-5\">\n\t\t\t\t\t\t\t<div>[vc_column_text]<\/p>\n<h1>Takuut k\u00e4ytetyille tuotteille<\/h1>\n<p>[\/vc_column_text][vc_empty_space height=&#8221;8px&#8221;][vc_column_text]iRiparo tarjoaa myyntiverkostonsa kautta laajan valikoiman viimeisen sukupolven kunnostettuja \u00e4lypuhelimia ja tabletteja. K\u00e4ytetyn puhelimen hankkiminen iRiparo myyntipisteest\u00e4 on kannattavaa, erityisesti mit\u00e4 uusimpiin iPhone ja \u00e4lypuhelimiin tulee. T\u00e4m\u00e4 ei koske kuitenkaan yksinomaan niiden hintoja, vaan my\u00f6s niille annettua takuuta ja suojaa, jotka ovat nykyp\u00e4iv\u00e4n\u00e4 entist\u00e4 tarpeellisimpia kun p\u00e4\u00e4t\u00e4t hankkia k\u00e4ytetyn puhelimen. K\u00e4ytetyn puhelimen hankkimien iRiparo-kaupasta vastaa t\u00e4ysin kunnostetun ja 12 kuukauden takuun saaneen puhelimen hankintaa.[\/vc_column_text][vc_row_inner css=&#8221;.vc_custom_1632475285269{margin-top: 0px !important;padding-top: 0px !important;}&#8221;][vc_column_inner][vc_btn title=&#8221;Etsi l\u00e4hin myym\u00e4l\u00e4&#8221; style=&#8221;flat&#8221; color=&#8221;primary&#8221; link=&#8221;url:%2Ffi%2Fkauppamme%2F&#8221; css=&#8221;.vc_custom_1633077855559{margin-top: 16px !important;margin-right: 16px !important;margin-bottom: 16px !important;}&#8221;][\/vc_column_inner][\/vc_row_inner]<\/div>\n\t\t\t\t\t\t<\/div>\n\t\t\t\t\t<\/div><!--end of row-->\n\t\t\t\t<\/div><!--end of container-->\n\t\t\t\t\n\t\t\t<\/section>\n\t\t[\/vc_column][\/vc_row][vc_section][vc_row content_width=&#8221;grid&#8221;][vc_column width=&#8221;1\/2&#8243; offset=&#8221;vc_col-md-6&#8243;][vc_column_text]<\/p>\n<h2>Tehdashuolletut puhelimet<\/h2>\n<p>[\/vc_column_text][vc_empty_space height=&#8221;16px&#8221;][vc_column_text]Tehdashuolletut puhelimet ovat k\u00e4yneet l\u00e4pi tarkat testit ennen kuin ne tulevat myyntiin. Testit suoritetaan kaikille laitteen osille kuten \u00e4\u00e4nitoiminnoille, navigoinnille, videotoistolle kameratoiminnoille ja varmistamme ettei puhelimessa ole verkkovikoja. Tarkistamme latauksen ja vaihdamme akun aina jos sen latauskapasiteetti on alle 80% alkuper\u00e4isest\u00e4. Myym\u00e4l\u00f6ist\u00e4mme l\u00f6yd\u00e4t erilaisia tehdashuollettuja \u00e4lypuhelinmalleja, jotka jaamme kuntoluokkiin A, B ja C.[\/vc_column_text][vc_empty_space height=&#8221;16px&#8221;][vc_btn title=&#8221;Etsi l\u00e4hin myym\u00e4l\u00e4&#8221; style=&#8221;flat&#8221; color=&#8221;primary&#8221; link=&#8221;url:%2Ffi%2Fkauppamme%2F&#8221; css=&#8221;.vc_custom_1633077855559{margin-top: 16px !important;margin-right: 16px !important;margin-bottom: 16px !important;}&#8221;][\/vc_column][vc_column width=&#8221;1\/2&#8243; offset=&#8221;vc_col-md-6&#8243;][vc_single_image image=&#8221;206429&#8243; img_size=&#8221;full&#8221;][\/vc_column][\/vc_row][\/vc_section][vc_section full_width=&#8221;stretch_row&#8221; css=&#8221;.vc_custom_1631016308516{padding-top: 96px !important;padding-bottom: 96px !important;background-image: url(https:\/\/iriparo.com\/wp-content\/uploads\/2021\/08\/smartphone-iphone-usati-bg.jpeg?id=206471) !important;}&#8221;][vc_row row_type=&#8221;parallax&#8221; content_width=&#8221;grid&#8221; content_aligment=&#8221;center&#8221; full_screen_section_height=&#8221;no&#8221; parallax_background_image=&#8221;14127&#8243; css=&#8221;.vc_custom_1631016274053{background-position: center !important;background-repeat: no-repeat !important;background-size: cover !important;}&#8221; el_class=&#8221;custom-row-icons&#8221;][vc_column width=&#8221;1\/3&#8243;][vc_single_image image=&#8221;206448&#8243; img_size=&#8221;full&#8221; alignment=&#8221;center&#8221;][vc_empty_space][vc_column_text]<\/p>\n<h3 class=\"title-white text-center\">Laiteluokka A<\/h3>\n<p>[\/vc_column_text][vc_empty_space height=&#8221;8px&#8221;][vc_column_text]<\/p>\n<p class=\"title-white text-center\">Ei merkkej\u00e4 aiemmasta k\u00e4yt\u00f6st\u00e4 eli ei kulumisj\u00e4lki\u00e4, lommoja tai n\u00e4kyvi\u00e4 naarmuja.<\/p>\n<p>[\/vc_column_text][vc_empty_space height=&#8221;48px&#8221;][\/vc_column][vc_column width=&#8221;1\/3&#8243;][vc_single_image image=&#8221;206456&#8243; img_size=&#8221;full&#8221; alignment=&#8221;center&#8221;][vc_empty_space][vc_column_text]<\/p>\n<h3 class=\"title-white text-center\">Laiteluokka B<\/h3>\n<p>[\/vc_column_text][vc_empty_space height=&#8221;8px&#8221;][vc_column_text]<\/p>\n<p class=\"title-white text-center\">Laitteessa pieni\u00e4 naarmuja, mitk\u00e4 eiv\u00e4t vaikuta laitteen toimintaan.<\/p>\n<p>[\/vc_column_text][vc_empty_space height=&#8221;48px&#8221;][\/vc_column][vc_column width=&#8221;1\/3&#8243;][vc_single_image image=&#8221;206464&#8243; img_size=&#8221;full&#8221; alignment=&#8221;center&#8221;][vc_empty_space][vc_column_text]<\/p>\n<h3 class=\"title-white text-center\">Laiteluokka C<\/h3>\n<p>[\/vc_column_text][vc_empty_space height=&#8221;8px&#8221;][vc_column_text]<\/p>\n<p class=\"title-white text-center\">Muutamia naarmuja, lommoja tai merkkej\u00e4 edellisest\u00e4 k\u00e4yt\u00f6st\u00e4.<\/p>\n<p>[\/vc_column_text][vc_empty_space height=&#8221;48px&#8221;][\/vc_column][\/vc_row][\/vc_section][vc_section css=&#8221;.vc_custom_1631016329014{padding-top: 96px !important;padding-bottom: 96px !important;}&#8221;][vc_row content_width=&#8221;grid&#8221; css=&#8221;.vc_custom_1631016355557{background-color: #ffffff !important;}&#8221;][vc_column width=&#8221;1\/2&#8243; offset=&#8221;vc_col-md-6&#8243;][vc_column_text]<\/p>\n<h2>L\u00f6yd\u00e4 iRiparo-kauppa<\/h2>\n<p>[\/vc_column_text][vc_empty_space height=&#8221;16px&#8221;][vc_column_text]Express-korjausverkkoomme kuuluu yli 280 iRiparo-myyntipistett\u00e4 Italiassa ja myyntipisteiden kasvu on huikeassa nousussa. Katso kauppaa koskeva tiedot tarkistaaksesi jos saatavana olevia k\u00e4ytettyj\u00e4 tuotteita on paikalla tai ota yhteytt\u00e4 suoraan kauppaan lis\u00e4tietoja varten.[\/vc_column_text][vc_empty_space][vc_btn title=&#8221;Etsi l\u00e4hin myym\u00e4l\u00e4&#8221; style=&#8221;flat&#8221; color=&#8221;primary&#8221; link=&#8221;url:%2Ffi%2Fkauppamme%2F&#8221; css=&#8221;.vc_custom_1633077855559{margin-top: 16px !important;margin-right: 16px !important;margin-bottom: 16px !important;}&#8221;][\/vc_column][vc_column width=&#8221;1\/2&#8243; offset=&#8221;vc_col-md-6&#8243;][vc_single_image image=&#8221;206483&#8243; img_size=&#8221;full&#8221;][\/vc_column][\/vc_row][\/vc_section]<\/p>\n<\/section>","protected":false},"excerpt":{"rendered":"<p>[vc_row full_width=&#8221;stretch_row&#8221;][vc_column][\/vc_column][\/vc_row][vc_section][vc_row content_width=&#8221;grid&#8221;][vc_column width=&#8221;1\/2&#8243; offset=&#8221;vc_col-md-6&#8243;][vc_column_text] Tehdashuolletut puhelimet [\/vc_column_text][vc_empty_space height=&#8221;16px&#8221;][vc_column_text]Tehdashuolletut puhelimet ovat k\u00e4yneet l\u00e4pi tarkat testit ennen kuin ne tulevat myyntiin. Testit suoritetaan&#8230;<\/p>\n","protected":false},"author":2,"featured_media":0,"parent":0,"menu_order":0,"comment_status":"closed","ping_status":"closed","template":"","meta":{"footnotes":""},"_links":{"self":[{"href":"https:\/\/iriparo.com\/fi\/wp-json\/wp\/v2\/pages\/32579"}],"collection":[{"href":"https:\/\/iriparo.com\/fi\/wp-json\/wp\/v2\/pages"}],"about":[{"href":"https:\/\/iriparo.com\/fi\/wp-json\/wp\/v2\/types\/page"}],"author":[{"embeddable":true,"href":"https:\/\/iriparo.com\/fi\/wp-json\/wp\/v2\/users\/2"}],"replies":[{"embeddable":true,"href":"https:\/\/iriparo.com\/fi\/wp-json\/wp\/v2\/comments?post=32579"}],"version-history":[{"count":0,"href":"https:\/\/iriparo.com\/fi\/wp-json\/wp\/v2\/pages\/32579\/revisions"}],"wp:attachment":[{"href":"https:\/\/iriparo.com\/fi\/wp-json\/wp\/v2\/media?parent=32579"}],"curies":[{"name":"wp","href":"https:\/\/api.w.org\/{rel}","templated":true}]}}