{"id":32621,"date":"2019-06-11T14:14:19","date_gmt":"2019-06-11T12:14:19","guid":{"rendered":"https:\/\/iriparo.com\/?page_id=32621"},"modified":"2022-02-18T09:26:29","modified_gmt":"2022-02-18T08:26:29","slug":"prink-patruunat-ja-variainekasetit","status":"publish","type":"page","link":"https:\/\/iriparo.com\/fi\/prink-patruunat-ja-variainekasetit\/","title":{"rendered":"Prink patruunat ja v\u00e4riainekasetit"},"content":{"rendered":"<section class=\"wpb-content-wrapper\"><p>[vc_row full_width=&#8221;stretch_row&#8221;][vc_column]\n\t\t\t<section class=\"imagebg image--light cover cover-blocks bg--secondary \" >\n\t\t\t\t<div class=\"background-image-holder\"><img loading=\"lazy\" decoding=\"async\" width=\"1920\" height=\"1100\" src=\"https:\/\/iriparo.com\/wp-content\/uploads\/2021\/09\/prodotti-prink-sfondo-parallax.jpg\" class=\"attachment-full size-full\" alt=\"\" srcset=\"https:\/\/iriparo.com\/wp-content\/uploads\/2021\/09\/prodotti-prink-sfondo-parallax.jpg 1920w, https:\/\/iriparo.com\/wp-content\/uploads\/2021\/09\/prodotti-prink-sfondo-parallax-500x286.jpg 500w, https:\/\/iriparo.com\/wp-content\/uploads\/2021\/09\/prodotti-prink-sfondo-parallax-700x401.jpg 700w, https:\/\/iriparo.com\/wp-content\/uploads\/2021\/09\/prodotti-prink-sfondo-parallax-300x172.jpg 300w, https:\/\/iriparo.com\/wp-content\/uploads\/2021\/09\/prodotti-prink-sfondo-parallax-1024x587.jpg 1024w, https:\/\/iriparo.com\/wp-content\/uploads\/2021\/09\/prodotti-prink-sfondo-parallax-768x440.jpg 768w, https:\/\/iriparo.com\/wp-content\/uploads\/2021\/09\/prodotti-prink-sfondo-parallax-1536x880.jpg 1536w\" sizes=\"(max-width: 1920px) 100vw, 1920px\" \/><\/div>\n\t\t\t\t<div class=\"container\">\n\t\t\t\t\t<div class=\"row\">\n\t\t\t\t\t\t<div class=\"col-sm-6 col-md-5\">\n\t\t\t\t\t\t\t<div>[vc_column_text]<\/p>\n<h1>Prink patruunat ja v\u00e4riainekasetit<\/h1>\n<h3>Myyntipisteest\u00e4mme iRiparo puhelimien ja palvelujen lis\u00e4ksi l\u00f6yd\u00e4t Prink tuotteiden palvelut ja tuotteet. iRiparo kuuluu Prink SpA ryhmittym\u00e4\u00e4n, joka on Italian ykk\u00f6syritys patruunoiden, v\u00e4riainekasettien, paperin ja tulostimien myynniss\u00e4<\/h3>\n<p>[\/vc_column_text][vc_empty_space][vc_btn title=&#8221;Tutustu tuotteisiin&#8221; style=&#8221;flat&#8221; color=&#8221;primary&#8221; link=&#8221;url:%23gamma|title:Gamma%20completa&#8221;]<\/div>\n\t\t\t\t\t\t<\/div>\n\t\t\t\t\t<\/div><!--end of row-->\n\t\t\t\t<\/div><!--end of container-->\n\t\t\t\t\n\t\t\t<\/section>\n\t\t[\/vc_column][\/vc_row][vc_section el_id=&#8221;gamma&#8221; css=&#8221;.vc_custom_1630595657425{padding-top: 0px !important;}&#8221;][vc_row][vc_column width=&#8221;1\/3&#8243;][vc_single_image image=&#8221;207353&#8243; img_size=&#8221;large&#8221; alignment=&#8221;center&#8221;][vc_empty_space][vc_column_text]<\/p>\n<h3 class=\"text-center\">Prink patruunat<\/h3>\n<p>[\/vc_column_text][vc_empty_space][vc_column_text]<\/p>\n<p class=\"text-center\">Prink mustepatruunat ovat saatavilla kaikille tulostimien merkeille ja ne ovat paras vaihtoehto alkuper\u00e4isille patruunoille, sill\u00e4 korkealaatuisen tulostuksen takaamisen lis\u00e4ksi, ne takaavat varman s\u00e4\u00e4st\u00f6n, joka saavuttaa joissakin tuotteissa jopa 60%.<\/p>\n<p>[\/vc_column_text][vc_empty_space][\/vc_column][vc_column width=&#8221;1\/3&#8243;][vc_single_image image=&#8221;207361&#8243; img_size=&#8221;large&#8221; alignment=&#8221;center&#8221;][vc_empty_space][vc_column_text]<\/p>\n<h3 class=\"text-center\">Prink v\u00e4riainekasetit<\/h3>\n<p>[\/vc_column_text][vc_empty_space][vc_column_text]<\/p>\n<p class=\"text-center\">Prink v\u00e4riainekasetteja on saatavana kaiken merkkisille yksiv\u00e4ri- ja v\u00e4ritulostimille, fakseille ja valokopiointilaitteille. Sallien merkitt\u00e4v\u00e4n, jopa 50 % s\u00e4\u00e4st\u00f6n kopion hinnalle ja yrityksen tulostusta koskevien kustannusten merkitt\u00e4v\u00e4n laskun.<\/p>\n<p>[\/vc_column_text][vc_empty_space][\/vc_column][vc_column width=&#8221;1\/3&#8243;][vc_single_image image=&#8221;207369&#8243; img_size=&#8221;large&#8221; alignment=&#8221;center&#8221;][vc_empty_space][vc_column_text]<\/p>\n<h3 class=\"text-center\">Tulostimet<\/h3>\n<p>[\/vc_column_text][vc_empty_space][vc_column_text]<\/p>\n<p class=\"text-center\">Kaupasta l\u00f6ytyy ensimm\u00e4inen toimisto-, koti-, kotitoimistoon tarkoitettu tulostinvalikoima ja \u201detsi tulostin\u201d -palvelun kautta voimme tilata sinun tulostustarpeisiisi sopivimman tulostimen eri mallien joukosta.<\/p>\n<p>[\/vc_column_text][vc_empty_space][\/vc_column][\/vc_row][\/vc_section][vc_section full_width=&#8221;stretch_row&#8221; css=&#8221;.vc_custom_1630596024702{padding-top: 96px !important;padding-bottom: 96px !important;background-color: #f5f5f5 !important;}&#8221;][vc_row][vc_column][vc_column_text]<\/p>\n<h2 class=\"text-center\">Prink-merkkisten tuotteiden lis\u00e4ksi kaupasta l\u00f6ytyy my\u00f6s alkuper\u00e4isi\u00e4 tuotteita.<\/h2>\n<p>[\/vc_column_text][vc_empty_space][vc_row_inner][vc_column_inner width=&#8221;1\/2&#8243;][vc_btn title=&#8221;Palaa kauppaan&#8221; style=&#8221;flat&#8221; color=&#8221;vista-blue&#8221; align=&#8221;right&#8221; link=&#8221;url:%23&#8243; el_class=&#8221;back-button&#8221;][\/vc_column_inner][vc_column_inner width=&#8221;1\/2&#8243;][vc_btn title=&#8221;Tutustu Prink-nmaailmaan&#8221; style=&#8221;flat&#8221; color=&#8221;primary&#8221; align=&#8221;left&#8221; link=&#8221;url:https%3A%2F%2Fprink.fi%2F|title:Prink|target:_blank&#8221;][\/vc_column_inner][\/vc_row_inner][\/vc_column][\/vc_row][\/vc_section][vc_row][vc_column][vc_raw_js]JTNDc2NyaXB0JTIwdHlwZSUzRCUyMnRleHQlMkZqYXZhc2NyaXB0JTIyJTNFJTBBalF1ZXJ5JTI4JTI3LmJhY2stYnV0dG9uJTI3JTI5LmNsaWNrJTI4ZnVuY3Rpb24lMjglMjklN0IlMEFoaXN0b3J5LmdvJTI4LTElMjklM0IlMjAlMEFldmVudC5wcmV2ZW50RGVmYXVsdCUyOCUyOSUzQiUwQSU3RCUyOSUzQiUwQWpRdWVyeSUyOGZ1bmN0aW9uJTI4JTI5JTdCJTBBJTIwJTIwalF1ZXJ5JTI4JTI3YSU1QmhyZWYlM0QlMjIlMjNnYW1tYSUyMiU1RCUyNyUyOS5jbGljayUyOGZ1bmN0aW9uJTI4ZSUyOSU3QiUwQSUyMCUyMCUyMCUyMGUucHJldmVudERlZmF1bHQlMjglMjklM0IlMEElMjAlMjAlMjAlMjBqUXVlcnklMjglMjdodG1sJTJDJTIwYm9keSUyNyUyOS5hbmltYXRlJTI4JTdCJTBBJTA5c2Nyb2xsVG9wJTNBJTIwalF1ZXJ5JTI4JTIyJTIzZ2FtbWElMjIlMjkub2Zmc2V0JTI4JTI5LnRvcC0xMCUwQSU3RCUyQyUyMDEwMDAlMjklM0IlMEElN0QlMjklM0IlMDklMEElN0QlMjklM0IlMEElM0MlMkZzY3JpcHQlM0U=[\/vc_raw_js][\/vc_column][\/vc_row]<\/p>\n<\/section>","protected":false},"excerpt":{"rendered":"<p>[vc_row full_width=&#8221;stretch_row&#8221;][vc_column][\/vc_column][\/vc_row][vc_section el_id=&#8221;gamma&#8221; css=&#8221;.vc_custom_1630595657425{padding-top: 0px !important;}&#8221;][vc_row][vc_column width=&#8221;1\/3&#8243;][vc_single_image image=&#8221;207353&#8243; img_size=&#8221;large&#8221; alignment=&#8221;center&#8221;][vc_empty_space][vc_column_text] Prink patruunat [\/vc_column_text][vc_empty_space][vc_column_text] Prink mustepatruunat ovat saatavilla kaikille tulostimien merkeille ja ne&#8230;<\/p>\n","protected":false},"author":2,"featured_media":0,"parent":0,"menu_order":0,"comment_status":"closed","ping_status":"closed","template":"","meta":{"footnotes":""},"_links":{"self":[{"href":"https:\/\/iriparo.com\/fi\/wp-json\/wp\/v2\/pages\/32621"}],"collection":[{"href":"https:\/\/iriparo.com\/fi\/wp-json\/wp\/v2\/pages"}],"about":[{"href":"https:\/\/iriparo.com\/fi\/wp-json\/wp\/v2\/types\/page"}],"author":[{"embeddable":true,"href":"https:\/\/iriparo.com\/fi\/wp-json\/wp\/v2\/users\/2"}],"replies":[{"embeddable":true,"href":"https:\/\/iriparo.com\/fi\/wp-json\/wp\/v2\/comments?post=32621"}],"version-history":[{"count":0,"href":"https:\/\/iriparo.com\/fi\/wp-json\/wp\/v2\/pages\/32621\/revisions"}],"wp:attachment":[{"href":"https:\/\/iriparo.com\/fi\/wp-json\/wp\/v2\/media?parent=32621"}],"curies":[{"name":"wp","href":"https:\/\/api.w.org\/{rel}","templated":true}]}}