{"id":11731,"date":"2017-09-11T15:46:57","date_gmt":"2017-09-11T13:46:57","guid":{"rendered":"https:\/\/staging.iriparo.com\/?page_id=11731"},"modified":"2022-02-01T16:44:59","modified_gmt":"2022-02-01T15:44:59","slug":"a-propos-de-nous","status":"publish","type":"page","link":"https:\/\/iriparo.com\/fr\/a-propos-de-nous\/","title":{"rendered":"A propos de nous"},"content":{"rendered":"<section class=\"wpb-content-wrapper\"><p>[vc_row full_width=\u00a0\u00bbstretch_row\u00a0\u00bb][vc_column]\n\t\t\t<section class=\"imagebg parallax \" data-overlay=\"3\" >\n\t\t\t\t<div class=\"background-image-holder\"><img loading=\"lazy\" decoding=\"async\" width=\"1290\" height=\"700\" src=\"https:\/\/iriparo.com\/wp-content\/uploads\/2021\/09\/chi-siamo-bg.jpg\" class=\"attachment-full size-full\" alt=\"\" srcset=\"https:\/\/iriparo.com\/wp-content\/uploads\/2021\/09\/chi-siamo-bg.jpg 1290w, https:\/\/iriparo.com\/wp-content\/uploads\/2021\/09\/chi-siamo-bg-500x271.jpg 500w, https:\/\/iriparo.com\/wp-content\/uploads\/2021\/09\/chi-siamo-bg-700x380.jpg 700w, https:\/\/iriparo.com\/wp-content\/uploads\/2021\/09\/chi-siamo-bg-300x163.jpg 300w, https:\/\/iriparo.com\/wp-content\/uploads\/2021\/09\/chi-siamo-bg-1024x556.jpg 1024w, https:\/\/iriparo.com\/wp-content\/uploads\/2021\/09\/chi-siamo-bg-768x417.jpg 768w\" sizes=\"(max-width: 1290px) 100vw, 1290px\" \/><\/div>\n\t\t\t\t<div class=\"container\">\n\t\t\t\t\t<div class=\"row\">\n\t\t\t\t\t\t<div class=\"col-sm-12\">\n\t\t\t\t\t\t\t<div class=\"cta\">\n\t\t\t\t\t\t\t\t[vc_column_text]<\/p>\n<h1 class=\"title-text\">A propos de nous<\/h1>\n<h3 class=\"title-text\">iRiparo est une entreprise jeune et dynamique en plein essor<\/h3>\n<p>[\/vc_column_text]\n\t\t\t\t\t\t\t<\/div>\n\t\t\t\t\t\t<\/div>\n\t\t\t\t\t<\/div><!--end of row-->\n\t\t\t\t<\/div><!--end of container-->\n\t\t\t\t\n\t\t\t<\/section>\n\t\t[\/vc_column][\/vc_row][vc_section][vc_row][vc_column width=\u00a0\u00bb1\/3&Prime;][vc_single_image image=\u00a0\u00bb207391&Prime; img_size=\u00a0\u00bb250&#215;250&Prime; alignment=\u00a0\u00bbcenter\u00a0\u00bb style=\u00a0\u00bbvc_box_circle\u00a0\u00bb][\/vc_column][vc_column width=\u00a0\u00bb2\/3&Prime;][vc_column_text]<\/p>\n<h3>iRiparo commence avec l\u2019e-commerce<\/h3>\n<p>[\/vc_column_text][vc_empty_space][vc_column_text]La soci\u00e9t\u00e9 IRiparo a \u00e9t\u00e9 fond\u00e9e en 2009 avec la cr\u00e9ation d\u2019un site Web et d\u2019une plateforme e-commerce pour fournir une assistance technique \u00e0 tous les utilisateurs rencontrant des probl\u00e8mes avec leurs appareils mobiles Apple.<\/p>\n<p>Initialement d\u00e9di\u00e9e aux mod\u00e8les iPhone, iPad et iPod, l\u2019\u00e9quipe iRiparo a \u00e9largi son expertise sur d\u2019autres marques.<\/p>\n<p>Aujourd\u2019hui, nous vous assistons sur la plupart des mod\u00e8les de smartphones et tablettes de toutes marques : Apple, Samsung, Huawei, Xiaomi, Honor, Oppo, Nokia, HTC, LG, Blackberry, Sony, WIKO, etc.[\/vc_column_text][\/vc_column][\/vc_row][\/vc_section][vc_section full_width=\u00a0\u00bbstretch_row\u00a0\u00bb css=\u00a0\u00bb.vc_custom_1630659105385{padding-top: 96px !important;padding-bottom: 96px !important;background-color: #f5f5f5 !important;}\u00a0\u00bb][vc_row][vc_column width=\u00a0\u00bb2\/3&Prime;][vc_column_text]<\/p>\n<h3>De l\u2019e-commerce au projet de d\u00e9veloppement d\u2019un r\u00e9seau expert du monde mobile<\/h3>\n<p>[\/vc_column_text][vc_empty_space][vc_column_text]A partir de 2012, iRiparo a \u00e9tendu ses services sur le territoire italien en d\u00e9veloppant son propre projet de magasin. Une communication tr\u00e8s percutante a conduit \u00e0 la naissance d\u2019un v\u00e9ritable r\u00e9seau qui compte aujourd\u2019hui plus de  points de vente en Europe (Italie, France, Belgique, Espagne, Allemagne).\u200b<\/p>\n<p>Notre objectif est de satisfaire toutes les exigences de nos clients et de devenir un point de r\u00e9f\u00e9rence pour eux, avec des collaborateurs qualifi\u00e9s sachant diagnostiquer et traiter tous les probl\u00e8mes.\u200b<\/p>\n<p>Dans chacun de nos points de vente, vous trouverez des techniciens hautement qualifi\u00e9s et certifi\u00e9s iRiparo. Gr\u00e2ce aux comp\u00e9tences de tous nos collaborateurs, la r\u00e9paration sp\u00e9cialis\u00e9e est, pour nos clients, une v\u00e9ritable source de satisfaction.\u200b[\/vc_column_text][\/vc_column][vc_column width=\u00a0\u00bb1\/3&Prime;][vc_single_image image=\u00a0\u00bb207400&Prime; img_size=\u00a0\u00bb250&#215;250&Prime; alignment=\u00a0\u00bbcenter\u00a0\u00bb style=\u00a0\u00bbvc_box_circle\u00a0\u00bb][\/vc_column][\/vc_row][\/vc_section][vc_section css=\u00a0\u00bb.vc_custom_1630658840029{padding-top: 96px !important;padding-bottom: 96px !important;}\u00a0\u00bb][vc_row][vc_column width=\u00a0\u00bb1\/3&Prime;][vc_single_image image=\u00a0\u00bb207408&Prime; img_size=\u00a0\u00bb250&#215;250&Prime; alignment=\u00a0\u00bbcenter\u00a0\u00bb style=\u00a0\u00bbvc_box_circle\u00a0\u00bb][\/vc_column][vc_column width=\u00a0\u00bb2\/3&Prime;][vc_column_text]<\/p>\n<h3>Le monde iRiparo: la structure et la qualit\u00e9 des services propos\u00e9s<\/h3>\n<p>[\/vc_column_text][vc_empty_space][vc_column_text]Le si\u00e8ge, compos\u00e9 d\u2019une \u00e9quipe hautement qualifi\u00e9e, fournit un appui et un soutien continu pour chaque question d\u2019ordre technique, marketing ou commercial. L\u2019assistance \u00e0 360\u00b0 est la priorit\u00e9 pour iRiparo.\u200b<\/p>\n<p>L\u2019entreprise a un laboratoire \u00e9quip\u00e9 d\u2019instruments de mesure d\u2019une grande fiabilit\u00e9 et contr\u00f4l\u00e9s par un logiciel de gestion industrielle qui permet un traitement imm\u00e9diat et automatique des demandes.<\/p>\n<p>Les pi\u00e8ces d\u00e9tach\u00e9es utilis\u00e9es ont un haut niveau de qualit\u00e9 et toutes les r\u00e9parations sont couvertes par la garantie iRiparo. Notre garantie nationale est valable dans tous nos points de vente.\u200b<\/p>\n<p>Pour devenir les experts du monde mobile, iRiparo a d\u00e9velopp\u00e9 de nombreux partenariats afin de vous proposer une large gamme d\u2019accessoires et de services compl\u00e9mentaires comme, par exemple, l\u2019achat ou la revente d\u2019appareils reconditionn\u00e9s, le transfert de donn\u00e9es Apple\/Android etc\u2026[\/vc_column_text][\/vc_column][\/vc_row][\/vc_section][vc_section full_width=\u00a0\u00bbstretch_row\u00a0\u00bb css=\u00a0\u00bb.vc_custom_1630659112836{padding-top: 96px !important;padding-bottom: 96px !important;background-color: #f5f5f5 !important;}\u00a0\u00bb][vc_row][vc_column width=\u00a0\u00bb2\/3&Prime;][vc_column_text]<\/p>\n<h3>iRiparo: 1er r\u00e9seau Europ\u00e9en de R\u00e9paration Express pour Smartphones et Tablettes\u200b\u200b<\/h3>\n<p>[\/vc_column_text][vc_empty_space][vc_column_text]IRiparo est le leader sur le march\u00e9 de la r\u00e9paration, le premier r\u00e9seau europ\u00e9en de service et d\u2019assistance express pour smartphones et tablettes, vente d\u2019appareils d\u2019occasion ou reconditionn\u00e9s et d\u2019accessoires.\u200b<\/p>\n<p>iRiparo est pr\u00e9sent avec plus de  centres sp\u00e9cialis\u00e9s.<\/p>\n<p>Dans les cinq prochaines ann\u00e9es, iRiparo souhaite se d\u00e9velopper sur toute l\u2019Europe.[\/vc_column_text][\/vc_column][vc_column width=\u00a0\u00bb1\/3&Prime;][vc_single_image image=\u00a0\u00bb207416&Prime; img_size=\u00a0\u00bb250&#215;250&Prime; alignment=\u00a0\u00bbcenter\u00a0\u00bb style=\u00a0\u00bbvc_box_circle\u00a0\u00bb][\/vc_column][\/vc_row][\/vc_section]<\/p>\n<\/section>","protected":false},"excerpt":{"rendered":"<p>[vc_row full_width=\u00a0\u00bbstretch_row\u00a0\u00bb][vc_column][\/vc_column][\/vc_row][vc_section][vc_row][vc_column width=\u00a0\u00bb1\/3&Prime;][vc_single_image image=\u00a0\u00bb207391&Prime; img_size=\u00a0\u00bb250&#215;250&Prime; alignment=\u00a0\u00bbcenter\u00a0\u00bb style=\u00a0\u00bbvc_box_circle\u00a0\u00bb][\/vc_column][vc_column width=\u00a0\u00bb2\/3&Prime;][vc_column_text] iRiparo commence avec l\u2019e-commerce [\/vc_column_text][vc_empty_space][vc_column_text]La soci\u00e9t\u00e9 IRiparo a \u00e9t\u00e9 fond\u00e9e en 2009 avec la&#8230;<\/p>\n","protected":false},"author":2,"featured_media":0,"parent":0,"menu_order":0,"comment_status":"closed","ping_status":"closed","template":"","meta":{"footnotes":""},"_links":{"self":[{"href":"https:\/\/iriparo.com\/fr\/wp-json\/wp\/v2\/pages\/11731"}],"collection":[{"href":"https:\/\/iriparo.com\/fr\/wp-json\/wp\/v2\/pages"}],"about":[{"href":"https:\/\/iriparo.com\/fr\/wp-json\/wp\/v2\/types\/page"}],"author":[{"embeddable":true,"href":"https:\/\/iriparo.com\/fr\/wp-json\/wp\/v2\/users\/2"}],"replies":[{"embeddable":true,"href":"https:\/\/iriparo.com\/fr\/wp-json\/wp\/v2\/comments?post=11731"}],"version-history":[{"count":0,"href":"https:\/\/iriparo.com\/fr\/wp-json\/wp\/v2\/pages\/11731\/revisions"}],"wp:attachment":[{"href":"https:\/\/iriparo.com\/fr\/wp-json\/wp\/v2\/media?parent=11731"}],"curies":[{"name":"wp","href":"https:\/\/api.w.org\/{rel}","templated":true}]}}