{"id":12061,"date":"2017-09-22T11:42:44","date_gmt":"2017-09-22T09:42:44","guid":{"rendered":"https:\/\/staging.iriparo.com\/?page_id=12061"},"modified":"2022-05-02T09:51:54","modified_gmt":"2022-05-02T07:51:54","slug":"aide-achats-en-magasin","status":"publish","type":"page","link":"https:\/\/iriparo.com\/fr\/aide\/aide-achats-en-magasin\/","title":{"rendered":"Aide pour vos achats en magasin"},"content":{"rendered":"<section class=\"wpb-content-wrapper\"><p>[vc_row full_width=\u00a0\u00bbstretch_row\u00a0\u00bb][vc_column]\n\t\t\t<section class=\"imagebg parallax \" data-overlay=\"3\" >\n\t\t\t\t<div class=\"background-image-holder\"><img loading=\"lazy\" decoding=\"async\" width=\"1920\" height=\"700\" src=\"https:\/\/iriparo.com\/wp-content\/uploads\/2021\/08\/iriparo-aiuto-negozio-bg.jpg\" class=\"attachment-full size-full\" alt=\"\" srcset=\"https:\/\/iriparo.com\/wp-content\/uploads\/2021\/08\/iriparo-aiuto-negozio-bg.jpg 1920w, https:\/\/iriparo.com\/wp-content\/uploads\/2021\/08\/iriparo-aiuto-negozio-bg-500x182.jpg 500w, https:\/\/iriparo.com\/wp-content\/uploads\/2021\/08\/iriparo-aiuto-negozio-bg-700x255.jpg 700w, https:\/\/iriparo.com\/wp-content\/uploads\/2021\/08\/iriparo-aiuto-negozio-bg-300x109.jpg 300w, https:\/\/iriparo.com\/wp-content\/uploads\/2021\/08\/iriparo-aiuto-negozio-bg-1024x373.jpg 1024w, https:\/\/iriparo.com\/wp-content\/uploads\/2021\/08\/iriparo-aiuto-negozio-bg-768x280.jpg 768w, https:\/\/iriparo.com\/wp-content\/uploads\/2021\/08\/iriparo-aiuto-negozio-bg-1536x560.jpg 1536w\" sizes=\"(max-width: 1920px) 100vw, 1920px\" \/><\/div>\n\t\t\t\t<div class=\"container\">\n\t\t\t\t\t<div class=\"row\">\n\t\t\t\t\t\t<div class=\"col-sm-12\">\n\t\t\t\t\t\t\t<div class=\"cta\">\n\t\t\t\t\t\t\t\t[vc_column_text]<\/p>\n<h1 class=\"title-white\">Aide pour vos achats en magasin<\/h1>\n<p>[\/vc_column_text]\n\t\t\t\t\t\t\t<\/div>\n\t\t\t\t\t\t<\/div>\n\t\t\t\t\t<\/div><!--end of row-->\n\t\t\t\t<\/div><!--end of container-->\n\t\t\t\t\n\t\t\t<\/section>\n\t\t[\/vc_column][\/vc_row][vc_section][vc_row content_width=\u00a0\u00bbgrid\u00a0\u00bb content_aligment=\u00a0\u00bbcenter\u00a0\u00bb css=\u00a0\u00bb.vc_custom_1630333865917{padding-bottom: 0px !important;}\u00a0\u00bb][vc_column][vc_column_text]<\/p>\n<h2>Questions fr\u00e9quentes<\/h2>\n<p>[\/vc_column_text][vc_empty_space][vc_tta_accordion style=\u00a0\u00bbmodern\u00a0\u00bb active_section=\u00a0\u00bb1&Prime;][vc_tta_section title=\u00a0\u00bbLe film de protection prot\u00e8ge-t-il vraiment l&rsquo;\u00e9cran? Le film de protection va-t-il changer mon utilisation avec l&rsquo;\u00e9cran tactile?\u00a0\u00bb tab_id=\u00a0\u00bb1630334130837-c54efc0a-77d3&Prime;][vc_column_text]<\/p>\n<p>Les \u00e9crans de smartphones sont con\u00e7us pour r\u00e9sister aux principales contraintes et rayures mais quand les mettez dans un sac ou dans les poches de jeans vous risquez de les endommager.<\/p>\n<p>Un film de protection peut contribuer \u00e0 renforcer la protection\u00a0contre les rayures. Une protection \u00ab\u00a0verre tremp\u00e9\u00a0\u00bb sera plus efficace contre les rayures ET les chocs. Bien s\u00fbr, la protection contre les chocs variera en fonction de la qualit\u00e9 du \u00ab\u00a0verre tremp\u00e9\u00a0\u00bb utilis\u00e9.<\/p>\n<p>L\u2019utilisation de l\u2019\u00e9cran tactile, si vous utilisez un film de protection ou un \u00ab\u00a0verre tremp\u00e9\u00a0\u00bb de qualit\u00e9, n\u2019est absolument pas modifi\u00e9e, ainsi que la luminosit\u00e9 de l\u2019\u00e9cran.<\/p>\n<p>[\/vc_column_text][\/vc_tta_section][vc_tta_section title=\u00a0\u00bbLes coques et les \u00e9crans de protection antichocs sont-ils vraiment efficaces?\u00a0\u00bb tab_id=\u00a0\u00bb1630334130879-b67fd7e1-cbb0&Prime;][vc_column_text]<\/p>\n<p>Comme souvent, cela d\u00e9pend vraiment de la qualit\u00e9 et de la technologie antichoc utilis\u00e9e. Malheureusement, beaucoup de coques se disent antichocs mais dans la r\u00e9alit\u00e9\u2026<\/p>\n<p>Chez iRiparo, nous vous proposons une large gamme avec notamment des coques utilisant la technologie D3O permettant d\u2019absorber l\u2019impact et des verres tremp\u00e9s hautement r\u00e9sistants couvrant toute la surface de l\u2019\u00e9cran.<\/p>\n<p>Mais tout d\u00e9pend de votre besoin et nos conseillers vous guideront vers l\u2019accessoire ad\u00e9quat.<\/p>\n<p>[\/vc_column_text][\/vc_tta_section][vc_tta_section title=\u00a0\u00bbJ&rsquo;ai cass\u00e9 la vitre, mais l&rsquo;\u00e9cran LCD fonctionne. Puis-je changer seulement la vitre?\u00a0\u00bb tab_id=\u00a0\u00bb1630334231717-0c718503-afcc\u00a0\u00bb][vc_column_text]<\/p>\n<p>Malheureusement, dans la plupart des cas, la vitre et l\u2019\u00e9cran LCD ne forment qu\u2019un seul bloc impliquant un changement complet de ce bloc \u00e9cran, m\u00eame si le LCD et le tactile fonctionnent encore. Il existe quelques rares mod\u00e8les ou le changement de vitre seul est possible. Pour le savoir, vous pouvez consulter notre site internet et si le mod\u00e8le de votre appareil le permet, le remplacement de vitre seul vous sera propos\u00e9 dans la liste des r\u00e9parations.<\/p>\n<p>Mais au-del\u00e0 de \u00e7a, nos techniciens iRiparo\u00a0peuvent vous proposer\u00a0 d\u2019utiliser un bloc \u00e9cran particulier moins cher et 100% conforme. Cette possibilit\u00e9 est soumise \u00e0 la disponibilit\u00e9 en stock de la boutique.<\/p>\n<p>[\/vc_column_text][\/vc_tta_section][vc_tta_section title=\u00a0\u00bbQuelle est la garantie iRiparo par rapport \u00e0 une garantie classique?\u00a0\u00bb tab_id=\u00a0\u00bb1630336907207-2b58efc8-2658&Prime;][vc_column_text]<\/p>\n<p>iRiparo garantit chaque r\u00e9paration.<\/p>\n<p>La garantie est valide au niveau national: cela signifie qu\u2019un smartphone r\u00e9par\u00e9 dans le nord de la France b\u00e9n\u00e9ficiera de la garantie et du support au Centre et au Sud de la France.<\/p>\n<p>La gestion centralis\u00e9e des garanties permettra \u00e9galement \u00e0 chaque technicien de trouver les informations et les commentaires pris au moment de la r\u00e9paration, afin qu\u2019il puisse r\u00e9pondre avec pr\u00e9cision \u00e0 vos besoins.<\/p>\n<p>[\/vc_column_text][\/vc_tta_section][vc_tta_section title=\u00a0\u00bbComment fonctionnent les batteries externes?\u00a0\u00bb tab_id=\u00a0\u00bb1630336946823-99a8dcba-3a37&Prime;][vc_column_text]<\/p>\n<p>Pour prolonger l\u2019autonomie de vos appareils en voyage ou loin d\u2019une prise de courant, vous pouvez recourir \u00e0 l\u2019aide de batteries externes.<\/p>\n<p>Les batteries externes sont des dispositifs qui, une fois charg\u00e9s, se connectent \u00e0 votre smartphone ou votre tablette\u00a0pour l\u2019alimenter ou le recharger sans prise de courant.<\/p>\n<p>Il y a aussi des coques avec la batterie externe int\u00e9gr\u00e9e: le smartphone est connect\u00e9 \u00e0 la batterie contenue dans la coque et, une fois \u00e9puis\u00e9e la charge interne, il utilise la batterie externe \u00e9vitant l\u2019arr\u00eat de l\u2019appareil.<\/p>\n<p>[\/vc_column_text][\/vc_tta_section][vc_tta_section title=\u00a0\u00bbJe viens de faire une r\u00e9paration, mais ma carte SIM me donne un signal d&rsquo;erreur, pourquoi?\u00a0\u00bb tab_id=\u00a0\u00bb1630337011415-5bbb1408-951b\u00a0\u00bb][vc_column_text]<\/p>\n<p>Apr\u00e8s une r\u00e9paration il peut arriver que l\u2019appareil, une fois la carte SIM ins\u00e9r\u00e9e et l\u2019appareil rallum\u00e9, ne donne pas la pr\u00e9sence d\u2019un signal de r\u00e9seau dans les endroits o\u00f9, avant la r\u00e9paration, le signal \u00e9tait tr\u00e8s pr\u00e9sent.<\/p>\n<p>Vous pouvez tout simplement aller dans la section param\u00e8tres du smartphone et mettre \u00e0 jour la date et l\u2019heure. De cette fa\u00e7on, la carte SIM sera synchronis\u00e9e \u00e0 nouveau et vous r\u00e9cup\u00e9rerez le signal du r\u00e9seau.<\/p>\n<p>[\/vc_column_text][\/vc_tta_section][vc_tta_section title=\u00a0\u00bbQuand je vends un t\u00e9l\u00e9phone comment dois-je faire pour ne pas laisser les donn\u00e9es au futur utilisateur?\u00a0\u00bb tab_id=\u00a0\u00bb1630337048308-61f3c8f4-9695&Prime;][vc_column_text]<\/p>\n<p>Pour \u00eatre s\u00fbr de ne pas laisser des traces de votre compte utilisateur sur votre ancien appareil il est n\u00e9cessaire de restaurer les param\u00e8tres d\u2019origine.<\/p>\n<p>Notre conseil est de faire au pr\u00e9alable une sauvegarde, de mani\u00e8re \u00e0 avoir une copie du t\u00e9l\u00e9phone lorsque vous passez sur un nouveau mod\u00e8le.<\/p>\n<p>Ensuite, tout simplement il faudra proc\u00e9der \u00e0 la r\u00e9cup\u00e9ration de votre sauvegarde.<\/p>\n<p>Nos conseillers vous donnerons toutes les informations n\u00e9cessaires en fonction de la marque et du mod\u00e8le de votre appareil. N\u2019h\u00e9sitez pas \u00e0 appeler ou \u00e0 vous d\u00e9placer en boutique.<\/p>\n<p>[\/vc_column_text][\/vc_tta_section][vc_tta_section title=\u00a0\u00bbAcheter un appareil d&rsquo;occasion est-il s\u00fbr?\u00a0\u00bb tab_id=\u00a0\u00bb1630337086390-8103ce44-c58a\u00a0\u00bb][vc_column_text]<\/p>\n<p>Si vous achetez votre appareil d\u2019occasion dans une boutique qui est capable de vous <strong>fournir une facture d\u2019achat et une garantie<\/strong>, cela signifie que les contr\u00f4les de bon fonctionnement de l\u2019appareil ont \u00e9t\u00e9 effectu\u00e9s et vous pouvez avoir confiance. Avec ces documents, vous pourrez agir en cas de probl\u00e8me.<\/p>\n<p>Si vous achetez votre appareil \u00e0 un particulier, cela comporte plus de risque et vous devez bien r\u00e9fl\u00e9chir car vous ne pouvez pas \u00eatre certain de la provenance de l\u2019appareil. Nous vous conseillons \u00e9galement de bien v\u00e9rifier que le service \u00ab\u00a0Find My Phone\u00a0\u00bb n\u2019est pas activ\u00e9 car vous risquez de voir votre appareil bloqu\u00e9 \u00e0 distance apr\u00e8s votre achat.<\/p>\n<p>[\/vc_column_text][\/vc_tta_section][vc_tta_section title=\u00a0\u00bbSi je fais une r\u00e9paration dans un magasin iRiparo, est-ce que je perds la garantie du fabricant?\u00a0\u00bb tab_id=\u00a0\u00bb1630337117931-1b0519e7-aa65&Prime;][vc_column_text]<\/p>\n<p>Si votre appareil est encore couvert par la garantie fabricant initiale, l\u2019intervention dans un magasin ind\u00e9pendant annulera automatiquement cette garantie fabricant.<\/p>\n<p>Par contre, nous vous rappelons que chez iRiparo, vous b\u00e9n\u00e9ficiez d\u2019une garantie nationale sur toutes nos interventions!<\/p>\n<p>[\/vc_column_text][\/vc_tta_section][vc_tta_section title=\u00a0\u00bbPour les r\u00e9parations utilisez-vous des pi\u00e8ces d\u00e9tach\u00e9es d&rsquo;origine?\u00a0\u00bb tab_id=\u00a0\u00bb1630337156901-86d7af4b-3f09&Prime;][vc_column_text]<\/p>\n<p>Selon la disponibilit\u00e9 et le type d\u2019appareil, nos techniciens utilisent des pi\u00e8ces d\u00e9tach\u00e9es d\u2019origine ou compatibles.<\/p>\n<p>Les pi\u00e8ces d\u00e9tach\u00e9es compatibles sont test\u00e9es et respectent les m\u00eames normes de qualit\u00e9 que les pi\u00e8ces d\u2019origine.<\/p>\n<p>En aucun cas vous ne pouvez trouver des pi\u00e8ces d\u00e9tach\u00e9es compatibles qui portent la marque du fabricant, ou alors cela est une contrefa\u00e7on.<\/p>\n<p>[\/vc_column_text][\/vc_tta_section][vc_tta_section title=\u00a0\u00bbPuis-je monter une batterie avec plus de puissance sur mon appareil pour lui permettre d&rsquo;avoir une autonomie plus longue?\u00a0\u00bb tab_id=\u00a0\u00bb1630337295903-ca807328-49e8&Prime;][vc_column_text]<\/p>\n<p>La pratique est fortement d\u00e9conseill\u00e9e car l\u2019amp\u00e9rage plus \u00e9lev\u00e9 que celui exig\u00e9 de l\u2019appareil, avec le temps, pourrait entra\u00eener des dommages permanents et irr\u00e9versibles.<\/p>\n<p>Attention : si vous achetez en boutique ou sur internet une batterie non certifi\u00e9e, vous courez un risque de non-conformit\u00e9 qui peut entrainer un r\u00e9el danger pour vous et votre appareil (exemple : batterie qui prend feu)<\/p>\n<p>Il est recommand\u00e9 d\u2019acheter uniquement des batteries aupr\u00e8s de fournisseurs certifi\u00e9s comme iRiparo.<\/p>\n<p>[\/vc_column_text][\/vc_tta_section][vc_tta_section title=\u00a0\u00bbSi je remplace le bouton Home, est-ce que je perds la fonctionnalit\u00e9 du \u00ab\u00a0Touch ID\u00ab\u00a0?\u00a0\u00bb tab_id=\u00a0\u00bb1630337332785-c3baf3ee-2e6e\u00a0\u00bb][vc_column_text]<\/p>\n<p>Pour ce qui concerne les appareils Apple ayant la fonction Touch ID, vous pouvez toujours remplacer le bouton Home pour tout dysfonctionnement ou en cas de casse.<\/p>\n<p>Mais la fonction Touch ID sera perdue. Pour maintenir la fonction de Touch ID il faut s\u2019adresser directement au fabricant.<\/p>\n<p>[\/vc_column_text][\/vc_tta_section][\/vc_tta_accordion][\/vc_column][\/vc_row][\/vc_section]<\/p>\n<\/section>","protected":false},"excerpt":{"rendered":"<p>[vc_row full_width=\u00a0\u00bbstretch_row\u00a0\u00bb][vc_column][\/vc_column][\/vc_row][vc_section][vc_row content_width=\u00a0\u00bbgrid\u00a0\u00bb content_aligment=\u00a0\u00bbcenter\u00a0\u00bb css=\u00a0\u00bb.vc_custom_1630333865917{padding-bottom: 0px !important;}\u00a0\u00bb][vc_column][vc_column_text] Questions fr\u00e9quentes [\/vc_column_text][vc_empty_space][vc_tta_accordion style=\u00a0\u00bbmodern\u00a0\u00bb active_section=\u00a0\u00bb1&Prime;][vc_tta_section title=\u00a0\u00bbLe film de protection prot\u00e8ge-t-il vraiment l&rsquo;\u00e9cran? Le film de&#8230;<\/p>\n","protected":false},"author":2,"featured_media":0,"parent":12041,"menu_order":0,"comment_status":"closed","ping_status":"closed","template":"","meta":{"footnotes":""},"_links":{"self":[{"href":"https:\/\/iriparo.com\/fr\/wp-json\/wp\/v2\/pages\/12061"}],"collection":[{"href":"https:\/\/iriparo.com\/fr\/wp-json\/wp\/v2\/pages"}],"about":[{"href":"https:\/\/iriparo.com\/fr\/wp-json\/wp\/v2\/types\/page"}],"author":[{"embeddable":true,"href":"https:\/\/iriparo.com\/fr\/wp-json\/wp\/v2\/users\/2"}],"replies":[{"embeddable":true,"href":"https:\/\/iriparo.com\/fr\/wp-json\/wp\/v2\/comments?post=12061"}],"version-history":[{"count":0,"href":"https:\/\/iriparo.com\/fr\/wp-json\/wp\/v2\/pages\/12061\/revisions"}],"up":[{"embeddable":true,"href":"https:\/\/iriparo.com\/fr\/wp-json\/wp\/v2\/pages\/12041"}],"wp:attachment":[{"href":"https:\/\/iriparo.com\/fr\/wp-json\/wp\/v2\/media?parent=12061"}],"curies":[{"name":"wp","href":"https:\/\/api.w.org\/{rel}","templated":true}]}}