{"id":14870,"date":"2018-05-29T15:28:24","date_gmt":"2018-05-29T13:28:24","guid":{"rendered":"https:\/\/iriparo.com\/?page_id=14870"},"modified":"2022-01-25T10:44:25","modified_gmt":"2022-01-25T09:44:25","slug":"pieces-de-rechange","status":"publish","type":"page","link":"https:\/\/iriparo.com\/fr\/pieces-de-rechange\/","title":{"rendered":"Pi\u00e8ces de rechange"},"content":{"rendered":"<section class=\"wpb-content-wrapper\"><p>[vc_row full_width=\u00a0\u00bbstretch_row\u00a0\u00bb css=\u00a0\u00bb.vc_custom_1631011994626{margin-bottom: 0px !important;}\u00a0\u00bb][vc_column]\n\t\t\t<section class=\"imagebg image--light cover cover-blocks bg--secondary \" >\n\t\t\t\t<div class=\"background-image-holder\"><img loading=\"lazy\" decoding=\"async\" width=\"1920\" height=\"1100\" src=\"https:\/\/iriparo.com\/wp-content\/uploads\/2021\/09\/sfondo-ricambi.png\" class=\"attachment-full size-full\" alt=\"\" srcset=\"https:\/\/iriparo.com\/wp-content\/uploads\/2021\/09\/sfondo-ricambi.png 1920w, https:\/\/iriparo.com\/wp-content\/uploads\/2021\/09\/sfondo-ricambi-500x286.png 500w, https:\/\/iriparo.com\/wp-content\/uploads\/2021\/09\/sfondo-ricambi-700x401.png 700w, https:\/\/iriparo.com\/wp-content\/uploads\/2021\/09\/sfondo-ricambi-300x172.png 300w, https:\/\/iriparo.com\/wp-content\/uploads\/2021\/09\/sfondo-ricambi-1024x587.png 1024w, https:\/\/iriparo.com\/wp-content\/uploads\/2021\/09\/sfondo-ricambi-768x440.png 768w, https:\/\/iriparo.com\/wp-content\/uploads\/2021\/09\/sfondo-ricambi-1536x880.png 1536w\" sizes=\"(max-width: 1920px) 100vw, 1920px\" \/><\/div>\n\t\t\t\t<div class=\"container\">\n\t\t\t\t\t<div class=\"row\">\n\t\t\t\t\t\t<div class=\"col-sm-6 col-md-5\">\n\t\t\t\t\t\t\t<div>[vc_column_text]<\/p>\n<h1>Pi\u00e8ces de rechange<\/h1>\n<p>[\/vc_column_text][vc_empty_space height=\u00a0\u00bb8px\u00a0\u00bb][vc_column_text]<\/p>\n<h4>Les centres iRiparo utilisent diff\u00e9rentes typologies de pi\u00e8ces de rechange : des pi\u00e8ces originales, des pi\u00e8ces reconditionn\u00e9es \u00e0 neuf ou des pi\u00e8ces certifi\u00e9es 100% compatibles. Ainsi, c\u2019est vous qui choisissez le niveau de qualit\u00e9 et le prix de la r\u00e9paration. Toutes les pi\u00e8ces que nous utilisons sont rigoureusement s\u00e9lectionn\u00e9es et soigneusement test\u00e9es par nos experts iRiparo.<\/h4>\n<p>[\/vc_column_text][vc_empty_space height=\u00a0\u00bb16px\u00a0\u00bb][vc_btn title=\u00a0\u00bbDEMANDER EN MAGASIN\u00a0\u00bb style=\u00a0\u00bbflat\u00a0\u00bb color=\u00a0\u00bbprimary\u00a0\u00bb link=\u00a0\u00bburl:%2Ffr%2Fnos-points-de-vente%2F|title:DEMANDER%20EN%20MAGASIN\u00a0\u00bb]<\/div>\n\t\t\t\t\t\t<\/div>\n\t\t\t\t\t<\/div><!--end of row-->\n\t\t\t\t<\/div><!--end of container-->\n\t\t\t\t\n\t\t\t<\/section>\n\t\t[\/vc_column][\/vc_row][vc_section full_width=\u00a0\u00bbstretch_row\u00a0\u00bb css=\u00a0\u00bb.vc_custom_1631011525627{padding-top: 96px !important;padding-bottom: 96px !important;background-image: url(https:\/\/iriparo.com\/wp-content\/uploads\/2021\/09\/sfondo-cambi-riparazione.jpg?id=207710) !important;}\u00a0\u00bb][vc_row][vc_column width=\u00a0\u00bb1\/3&Prime;][vc_single_image image=\u00a0\u00bb207721&Prime; img_size=\u00a0\u00bbfull\u00a0\u00bb alignment=\u00a0\u00bbcenter\u00a0\u00bb][vc_empty_space][vc_column_text]<\/p>\n<h5 class=\"title-white text-center\">Pi\u00e8ces de rechange compatibles<\/h5>\n<p>[\/vc_column_text][vc_empty_space height=\u00a0\u00bb16px\u00a0\u00bb][vc_column_text]<\/p>\n<p class=\"text-center\" style=\"color: #b5b5b6;\">Avec iRiparo vous pouvez effectuer des \u00e9conomies gr\u00e2ce \u00e0 l\u2019utilisation de pi\u00e8ces de rechange compatibles, c\u2019est-\u00e0-dire, de nouveaux produits en mesure de remplacer les originaux.<\/p>\n<p>[\/vc_column_text][\/vc_column][vc_column width=\u00a0\u00bb1\/3&Prime;][vc_single_image image=\u00a0\u00bb207729&Prime; img_size=\u00a0\u00bbfull\u00a0\u00bb alignment=\u00a0\u00bbcenter\u00a0\u00bb][vc_empty_space][vc_column_text]<\/p>\n<h5 class=\"title-white text-center\">Pi\u00e8ces de rechange r\u00e9g\u00e9n\u00e9r\u00e9es<\/h5>\n<p>[\/vc_column_text][vc_empty_space height=\u00a0\u00bb16px\u00a0\u00bb][vc_column_text]<\/p>\n<p class=\"text-center\" style=\"color: #b5b5b6;\">iRiparo pense aussi \u00e0 l\u2019environnement ! En effet, vous pouvez choisir des pi\u00e8ces de rechange r\u00e9g\u00e9n\u00e9r\u00e9es, c\u2019est-\u00e0-dire, des produits originaux pr\u00e9c\u00e9demment r\u00e9par\u00e9s.<\/p>\n<p>[\/vc_column_text][\/vc_column][vc_column width=\u00a0\u00bb1\/3&Prime;][vc_single_image image=\u00a0\u00bb207737&Prime; img_size=\u00a0\u00bbfull\u00a0\u00bb alignment=\u00a0\u00bbcenter\u00a0\u00bb][vc_empty_space][vc_column_text]<\/p>\n<h5 class=\"title-white text-center\">Pi\u00e8ces de rechange originales<\/h5>\n<p>[\/vc_column_text][vc_empty_space height=\u00a0\u00bb16px\u00a0\u00bb][vc_column_text]<\/p>\n<p class=\"text-center\" style=\"color: #b5b5b6;\">Nous offrons la plus grande s\u00e9lection de pi\u00e8ces de rechanges originales neuves pour les smartphones comme pour les tablettes pour ceux qui ne veulent pas renoncer \u00e0 la qualit\u00e9.<\/p>\n<p>[\/vc_column_text][\/vc_column][\/vc_row][\/vc_section][vc_section css=\u00a0\u00bb.vc_custom_1631011698762{padding-top: 96px !important;padding-bottom: 96px !important;}\u00a0\u00bb][vc_row][vc_column width=\u00a0\u00bb1\/2&Prime;][vc_single_image image=\u00a0\u00bb206484&Prime; img_size=\u00a0\u00bbfull\u00a0\u00bb alignment=\u00a0\u00bbcenter\u00a0\u00bb][\/vc_column][vc_column width=\u00a0\u00bb1\/2&Prime;][vc_column_text]<\/p>\n<h2>Demander \u00e0 un magasin iRiparo<\/h2>\n<p>[\/vc_column_text][vc_empty_space height=\u00a0\u00bb8px\u00a0\u00bb][vc_column_text]<\/p>\n<h4>En cliquant sur le menu \u00ab magasin \u00bb vous trouverez le point de vente IRiparo le plus proche et vous pourrez d\u00e9cider de vous rendre directement en magasin ou de t\u00e9l\u00e9phoner, pour vous informer sur la typologie des pi\u00e8ces de rechange existantes pour votre dispositif mobile et pour recevoir une premi\u00e8re indication sur les d\u00e9lais de r\u00e9paration et sur les couts.<\/h4>\n<p>[\/vc_column_text][vc_empty_space height=\u00a0\u00bb16px\u00a0\u00bb][vc_btn title=\u00a0\u00bbDEMANDER EN MAGASIN\u00a0\u00bb style=\u00a0\u00bbflat\u00a0\u00bb color=\u00a0\u00bbprimary\u00a0\u00bb link=\u00a0\u00bburl:%2Ffr%2Fnos-points-de-vente%2F|title:DEMANDER%20EN%20MAGASIN\u00a0\u00bb][\/vc_column][\/vc_row][\/vc_section]<\/p>\n<\/section>","protected":false},"excerpt":{"rendered":"<p>[vc_row full_width=\u00a0\u00bbstretch_row\u00a0\u00bb css=\u00a0\u00bb.vc_custom_1631011994626{margin-bottom: 0px !important;}\u00a0\u00bb][vc_column][\/vc_column][\/vc_row][vc_section full_width=\u00a0\u00bbstretch_row\u00a0\u00bb css=\u00a0\u00bb.vc_custom_1631011525627{padding-top: 96px !important;padding-bottom: 96px !important;background-image: url(https:\/\/iriparo.com\/wp-content\/uploads\/2021\/09\/sfondo-cambi-riparazione.jpg?id=207710) !important;}\u00a0\u00bb][vc_row][vc_column width=\u00a0\u00bb1\/3&Prime;][vc_single_image image=\u00a0\u00bb207721&Prime; img_size=\u00a0\u00bbfull\u00a0\u00bb alignment=\u00a0\u00bbcenter\u00a0\u00bb][vc_empty_space][vc_column_text] Pi\u00e8ces de rechange compatibles [\/vc_column_text][vc_empty_space&#8230;<\/p>\n","protected":false},"author":2,"featured_media":0,"parent":0,"menu_order":0,"comment_status":"closed","ping_status":"closed","template":"","meta":{"footnotes":""},"_links":{"self":[{"href":"https:\/\/iriparo.com\/fr\/wp-json\/wp\/v2\/pages\/14870"}],"collection":[{"href":"https:\/\/iriparo.com\/fr\/wp-json\/wp\/v2\/pages"}],"about":[{"href":"https:\/\/iriparo.com\/fr\/wp-json\/wp\/v2\/types\/page"}],"author":[{"embeddable":true,"href":"https:\/\/iriparo.com\/fr\/wp-json\/wp\/v2\/users\/2"}],"replies":[{"embeddable":true,"href":"https:\/\/iriparo.com\/fr\/wp-json\/wp\/v2\/comments?post=14870"}],"version-history":[{"count":0,"href":"https:\/\/iriparo.com\/fr\/wp-json\/wp\/v2\/pages\/14870\/revisions"}],"wp:attachment":[{"href":"https:\/\/iriparo.com\/fr\/wp-json\/wp\/v2\/media?parent=14870"}],"curies":[{"name":"wp","href":"https:\/\/api.w.org\/{rel}","templated":true}]}}