{"id":14929,"date":"2018-05-31T09:42:46","date_gmt":"2018-05-31T07:42:46","guid":{"rendered":"https:\/\/iriparo.com\/?page_id=14929"},"modified":"2022-10-31T10:12:28","modified_gmt":"2022-10-31T09:12:28","slug":"protections-auto-regenerantes-zagg","status":"publish","type":"page","link":"https:\/\/iriparo.com\/fr\/protections-auto-regenerantes-zagg\/","title":{"rendered":"Protections auto r\u00e9g\u00e9n\u00e9rantes ZAGG"},"content":{"rendered":"<section class=\"wpb-content-wrapper\"><p>[vc_row full_width=\u00a0\u00bbstretch_row\u00a0\u00bb row_type=\u00a0\u00bbparallax\u00a0\u00bb content_width=\u00a0\u00bbgrid\u00a0\u00bb full_screen_section_height=\u00a0\u00bbyes\u00a0\u00bb vertically_align_content_in_middle=\u00a0\u00bbyes\u00a0\u00bb parallax_background_image=\u00a0\u00bb13840&Prime;][vc_column]\n\t\t\t<section class=\"imagebg parallax \" data-overlay=\"3\" >\n\t\t\t\t<div class=\"background-image-holder\"><img loading=\"lazy\" decoding=\"async\" width=\"1920\" height=\"700\" src=\"https:\/\/iriparo.com\/wp-content\/uploads\/2021\/12\/img-ZAGG-2021-01.jpg\" class=\"attachment-full size-full\" alt=\"\" srcset=\"https:\/\/iriparo.com\/wp-content\/uploads\/2021\/12\/img-ZAGG-2021-01.jpg 1920w, https:\/\/iriparo.com\/wp-content\/uploads\/2021\/12\/img-ZAGG-2021-01-500x182.jpg 500w, https:\/\/iriparo.com\/wp-content\/uploads\/2021\/12\/img-ZAGG-2021-01-700x255.jpg 700w, https:\/\/iriparo.com\/wp-content\/uploads\/2021\/12\/img-ZAGG-2021-01-300x109.jpg 300w, https:\/\/iriparo.com\/wp-content\/uploads\/2021\/12\/img-ZAGG-2021-01-1024x373.jpg 1024w, https:\/\/iriparo.com\/wp-content\/uploads\/2021\/12\/img-ZAGG-2021-01-768x280.jpg 768w, https:\/\/iriparo.com\/wp-content\/uploads\/2021\/12\/img-ZAGG-2021-01-1536x560.jpg 1536w\" sizes=\"(max-width: 1920px) 100vw, 1920px\" \/><\/div>\n\t\t\t\t<div class=\"container\">\n\t\t\t\t\t<div class=\"row\">\n\t\t\t\t\t\t<div class=\"col-sm-12\">\n\t\t\t\t\t\t\t<div class=\"cta\">\n\t\t\t\t\t\t\t\t[vc_column_text]<\/p>\n<h1 class=\"title-white\">Films de protection \u00e9cran ZAGG<\/h1>\n<h2 class=\"title-white\">Prot\u00e9gez votre t\u00e9l\u00e9phone et votre tablette avec le film de protection num\u00e9ro 1 dans la protection des \u00e9crans au niveau mondial #LiveFearlessly<\/h2>\n<p>[\/vc_column_text]\n\t\t\t\t\t\t\t<\/div>\n\t\t\t\t\t\t<\/div>\n\t\t\t\t\t<\/div><!--end of row-->\n\t\t\t\t<\/div><!--end of container-->\n\t\t\t\t\n\t\t\t<\/section>\n\t\t[\/vc_column][\/vc_row][vc_section css=\u00a0\u00bb.vc_custom_1639407449717{padding-top: 96px !important;padding-bottom: 96px !important;}\u00a0\u00bb][vc_row content_width=\u00a0\u00bbgrid\u00a0\u00bb content_aligment=\u00a0\u00bbcenter\u00a0\u00bb el_class=\u00a0\u00bbcustom-row-icons\u00a0\u00bb][vc_column width=\u00a0\u00bb1\/3&Prime;][vc_column_text]<\/p>\n<h3 class=\"text-center\">ORIGINAL<\/h3>\n<p>[\/vc_column_text][vc_empty_space height=\u00a0\u00bb30px\u00a0\u00bb][vc_single_image image=\u00a0\u00bb206648&Prime; img_size=\u00a0\u00bbfull\u00a0\u00bb alignment=\u00a0\u00bbcenter\u00a0\u00bb][vc_empty_space][vc_column_text]<\/p>\n<p class=\"text-center\">La protection standard pr\u00e9serve des rayures et des chocs sans laisser aucune trace de bulle.<\/p>\n<p class=\"text-center\">Disponible pour <strong>Smartphones et Tablettes \u00e0 partir de \u20ac14,90<\/strong><\/p>\n<p>[\/vc_column_text][vc_empty_space height=\u00a0\u00bb48px\u00a0\u00bb][\/vc_column][vc_column width=\u00a0\u00bb1\/3&Prime;][vc_column_text]<\/p>\n<h3 class=\"text-center\">HD<\/h3>\n<p>[\/vc_column_text][vc_empty_space height=\u00a0\u00bb30px\u00a0\u00bb][vc_single_image image=\u00a0\u00bb206656&Prime; img_size=\u00a0\u00bbfull\u00a0\u00bb alignment=\u00a0\u00bbcenter\u00a0\u00bb][vc_empty_space][vc_column_text]<\/p>\n<p class=\"text-center\">La protection HD pr\u00e9serve des rayures et des chocs avec une transparence visuelle sup\u00e9rieure. Elle ne laisse aucune trace de doigt.<\/p>\n<p class=\"text-center\">Disponible pour <strong>Smartphone et Tablettes \u00e0 partir de \u20ac19,90<\/strong><br \/>\n<strong>Pour Smart Watch \u00e0 partir de \u20ac9,90<\/strong><\/p>\n<p>[\/vc_column_text][vc_empty_space height=\u00a0\u00bb48px\u00a0\u00bb][\/vc_column][vc_column width=\u00a0\u00bb1\/3&Prime;][vc_column_text]<\/p>\n<h3 class=\"text-center\">HD ULTRA<\/h3>\n<p>[\/vc_column_text][vc_empty_space height=\u00a0\u00bb30px\u00a0\u00bb][vc_single_image image=\u00a0\u00bb206664&Prime; img_size=\u00a0\u00bbfull\u00a0\u00bb alignment=\u00a0\u00bbcenter\u00a0\u00bb][vc_empty_space][vc_column_text]<\/p>\n<p class=\"text-center\">3 FOIS plus efficace contre les chocs que les protections classiques en verre tremp\u00e9. La nettet\u00e9 visuelle est sup\u00e9rieure \u00e0 celle de la HD.<\/p>\n<p class=\"text-center\">Disponible pour <strong>Smartphones et Tablettes \u00e0 partir de \u20ac29,90<\/strong><\/p>\n<p>[\/vc_column_text][vc_empty_space height=\u00a0\u00bb48px\u00a0\u00bb][\/vc_column][\/vc_row][\/vc_section][vc_section css=\u00a0\u00bb.vc_custom_1663321133533{background-color: #282b2e !important;}\u00a0\u00bb][vc_row][vc_column][vc_empty_space height=\u00a0\u00bb96px\u00a0\u00bb][vc_column_text]<\/p>\n<h3 style=\"text-align: center;\"><span style=\"color: #ffffff;\">Ora puoi avere le pellicole ZAGG con garanzia a vita inclusa!<\/span><\/h3>\n<p>[\/vc_column_text][vc_empty_space height=\u00a0\u00bb16px\u00a0\u00bb][vc_btn title=\u00a0\u00bbSCOPRI IL SERVIZIO ZAGG LIFE\u00a0\u00bb color=\u00a0\u00bbwarning\u00a0\u00bb align=\u00a0\u00bbcenter\u00a0\u00bb i_align=\u00a0\u00bbright\u00a0\u00bb i_icon_fontawesome=\u00a0\u00bbfas fa-angle-right\u00a0\u00bb css_animation=\u00a0\u00bbnone\u00a0\u00bb add_icon=\u00a0\u00bbtrue\u00a0\u00bb link=\u00a0\u00bburl:https%3A%2F%2Firiparo.com%2Fpellicola-protettiva-garantita-a-vita%2F|title:Pellicola%20protettiva%20garantita%20a%20vita\u00a0\u00bb][\/vc_column][\/vc_row][\/vc_section][vc_section full_width=\u00a0\u00bbstretch_row\u00a0\u00bb css=\u00a0\u00bb.vc_custom_1638438520099{padding-top: 96px !important;padding-bottom: 96px !important;background-color: #f5f5f5 !important;}\u00a0\u00bb][vc_row][vc_column][vc_video link=\u00a0\u00bbhttps:\/\/youtu.be\/86mYazcuWls\u00a0\u00bb align=\u00a0\u00bbcenter\u00a0\u00bb][\/vc_column][\/vc_row][\/vc_section][vc_section full_width=\u00a0\u00bbstretch_row\u00a0\u00bb css=\u00a0\u00bb.vc_custom_1639407475817{padding-top: 96px !important;padding-bottom: 96px !important;background-color: #f5f5f5 !important;}\u00a0\u00bb][vc_row][vc_column][vc_video link=\u00a0\u00bbhttps:\/\/youtu.be\/86mYazcuWls\u00a0\u00bb align=\u00a0\u00bbcenter\u00a0\u00bb][\/vc_column][\/vc_row][\/vc_section][vc_section][vc_row][vc_column width=\u00a0\u00bb1\/3&Prime;][vc_single_image image=\u00a0\u00bb221114&Prime; img_size=\u00a0\u00bb384&#215;394&Prime; alignment=\u00a0\u00bbcenter\u00a0\u00bb style=\u00a0\u00bbvc_box_rounded\u00a0\u00bb][vc_empty_space][vc_column_text]<\/p>\n<h3 class=\"text-center\">Protection con\u00e7ue pour des environnements extr\u00eames<\/h3>\n<p>[\/vc_column_text][vc_empty_space height=\u00a0\u00bb8px\u00a0\u00bb][vc_column_text]<\/p>\n<p class=\"text-center\">InvisibleShield est en train de d\u00e9finir le standard du secteur pour la protection d\u2019\u00e9cran. Nous avons commenc\u00e9 avec des composants de niveau militaire et nous avons cr\u00e9\u00e9 notre parcours en d\u00e9veloppant de nouvelles technologies, des adh\u00e9sifs de propri\u00e9t\u00e9 et d&rsquo;autres encore.<\/p>\n<p>[\/vc_column_text][vc_empty_space height=\u00a0\u00bb8px\u00a0\u00bb][\/vc_column][vc_column width=\u00a0\u00bb1\/3&Prime;][vc_single_image image=\u00a0\u00bb221122&Prime; img_size=\u00a0\u00bb384&#215;394&Prime; alignment=\u00a0\u00bbcenter\u00a0\u00bb style=\u00a0\u00bbvc_box_rounded\u00a0\u00bb][vc_empty_space][vc_column_text]<\/p>\n<h3 class=\"text-center\">La meilleure protection aux impacts<\/h3>\n<p>[\/vc_column_text][vc_empty_space height=\u00a0\u00bb8px\u00a0\u00bb][vc_column_text]<\/p>\n<p class=\"text-center\">La technologie InvisibleShield a \u00e9t\u00e9 con\u00e7ue pour absorber et distribuer le choc d\u2019un impact, maintenant intact votre \u00e9cran, vous donnant ainsi la libert\u00e9 de vivre sans la crainte de l\u2019endommager.<\/p>\n<p>[\/vc_column_text][vc_empty_space height=\u00a0\u00bb8px\u00a0\u00bb][\/vc_column][vc_column width=\u00a0\u00bb1\/3&Prime;][vc_single_image image=\u00a0\u00bb221130&Prime; img_size=\u00a0\u00bb384&#215;394&Prime; alignment=\u00a0\u00bbcenter\u00a0\u00bb style=\u00a0\u00bbvc_box_rounded\u00a0\u00bb][vc_empty_space][vc_column_text]<\/p>\n<h3 class=\"text-center\">Prot\u00e8ge des \u00e9raflures pour votre usage quotidien<\/h3>\n<p>[\/vc_column_text][vc_empty_space height=\u00a0\u00bb8px\u00a0\u00bb][vc_column_text]<\/p>\n<p class=\"text-center\">InvisibleShield pr\u00e9serve votre \u00e9cran des \u00e9raflures qui peuvent appara\u00eetre dans son utilisation de tous les jours. M\u00eame si votre bouclier venait \u00e0 prendre un coup dur, l\u2019\u00e9cran de votre t\u00e9l\u00e9phone restera lisse et propre comme au moment de l&rsquo;achat de votre t\u00e9l\u00e9phone.<\/p>\n<p>[\/vc_column_text][vc_empty_space height=\u00a0\u00bb8px\u00a0\u00bb][\/vc_column][\/vc_row][\/vc_section][vc_section full_width=\u00a0\u00bbstretch_row\u00a0\u00bb css=\u00a0\u00bb.vc_custom_1639409051017{padding-top: 96px !important;padding-bottom: 96px !important;background-color: #f5f5f5 !important;}\u00a0\u00bb][vc_row][vc_column][vc_column_text]<\/p>\n<h2 class=\"text-center\">Pose du film <strong>gratuite et imm\u00e9diate<\/strong> en magasin !<\/h2>\n<p>[\/vc_column_text][vc_empty_space height=\u00a0\u00bb16px\u00a0\u00bb][vc_column_text]<\/p>\n<h4 class=\"text-center\">Les films de protection auto-r\u00e9g\u00e9n\u00e9rants ZAGG sont disponibles dans les points de vente iRiparo :<\/h4>\n<p>[\/vc_column_text][vc_empty_space][vc_column_text]<\/p>\n<p class=\"text-center\"><a class=\"btn btn--primary type--uppercase inner-link\" href=\"\/fr\/nos-points-de-vente\/\"><span class=\"btn__text\">Trouvez une boutique<\/span><\/a><\/p>\n<p>[\/vc_column_text][\/vc_column][\/vc_row][\/vc_section][vc_section][vc_row content_width=\u00a0\u00bbgrid\u00a0\u00bb content_aligment=\u00a0\u00bbcenter\u00a0\u00bb el_class=\u00a0\u00bbcustom-row-icons\u00a0\u00bb][vc_column width=\u00a0\u00bb1\/3&Prime;][vc_single_image image=\u00a0\u00bb206631&Prime; img_size=\u00a0\u00bbfull\u00a0\u00bb alignment=\u00a0\u00bbcenter\u00a0\u00bb][vc_empty_space][vc_column_text]<\/p>\n<h3 class=\"text-center\">Technologie auto r\u00e9g\u00e9n\u00e9rante<\/h3>\n<p>[\/vc_column_text][vc_empty_space height=\u00a0\u00bb16px\u00a0\u00bb][vc_column_text]<\/p>\n<p class=\"text-center\">Prot\u00e9gez imm\u00e9diatement tous vos appareils avec les protections anti-choc auto r\u00e9g\u00e9n\u00e9rantes ZAGG. Ce proc\u00e9d\u00e9 de haute technologie se r\u00e9g\u00e9n\u00e8re automatiquement en quelques minutes faisant quasiment dispara\u00eetre les marques et rayures. Une machine sp\u00e9ciale d\u00e9coupe sur mesure la protection dont vous avez besoin.<\/p>\n<p>[\/vc_column_text][vc_empty_space height=\u00a0\u00bb48px\u00a0\u00bb][\/vc_column][vc_column width=\u00a0\u00bb1\/3&Prime;][vc_single_image image=\u00a0\u00bb206639&Prime; img_size=\u00a0\u00bbfull\u00a0\u00bb alignment=\u00a0\u00bbcenter\u00a0\u00bb][vc_empty_space][vc_column_text]<\/p>\n<h3 class=\"text-center\">Trois formats diff\u00e9rents<\/h3>\n<p>[\/vc_column_text][vc_empty_space height=\u00a0\u00bb16px\u00a0\u00bb][vc_column_text]<\/p>\n<p class=\"text-center\">Tous les films de protection ZAGG prot\u00e8gent des chocs et \u00e9raflures. Cette technologie est particuli\u00e8rement adapt\u00e9e aux \u00e9crans incurv\u00e9s.<br \/>\nPour une transparence optimale, la protection HD s\u2019av\u00e9rera l\u2019id\u00e9ale. En revanche, si vous d\u00e9sirez une protection ultra r\u00e9sistante, choisissez le film ultra HD.<\/p>\n<p>[\/vc_column_text][vc_empty_space height=\u00a0\u00bb48px\u00a0\u00bb][\/vc_column][vc_column width=\u00a0\u00bb1\/3&Prime;][vc_single_image image=\u00a0\u00bb206623&Prime; img_size=\u00a0\u00bb70&#215;95&Prime; alignment=\u00a0\u00bbcenter\u00a0\u00bb][vc_empty_space][vc_column_text]<\/p>\n<h3 class=\"text-center\">Application sans bulle<\/h3>\n<p>[\/vc_column_text][vc_empty_space height=\u00a0\u00bb16px\u00a0\u00bb][vc_column_text]<\/p>\n<p class=\"text-center\">La pose directement en boutique par notre sp\u00e9cialiste ne prendra que quelques instants et vous \u00eates assur\u00e9 de ne trouver aucune bulle d\u2019air inesth\u00e9tique sous la protection. Cette derni\u00e8re aura une parfaite adh\u00e9rence pour un r\u00e9sultat pratiquement invisible. C\u2019est la solution id\u00e9ale pour prot\u00e9ger l\u2019\u00e9cran ou la face arri\u00e8re de votre smartphone, tablette, smart watch ou pc portable.<\/p>\n<p>[\/vc_column_text][vc_empty_space height=\u00a0\u00bb48px\u00a0\u00bb][\/vc_column][\/vc_row][\/vc_section]<\/p>\n<\/section>","protected":false},"excerpt":{"rendered":"<p>[vc_row full_width=\u00a0\u00bbstretch_row\u00a0\u00bb row_type=\u00a0\u00bbparallax\u00a0\u00bb content_width=\u00a0\u00bbgrid\u00a0\u00bb full_screen_section_height=\u00a0\u00bbyes\u00a0\u00bb vertically_align_content_in_middle=\u00a0\u00bbyes\u00a0\u00bb parallax_background_image=\u00a0\u00bb13840&Prime;][vc_column][\/vc_column][\/vc_row][vc_section css=\u00a0\u00bb.vc_custom_1639407449717{padding-top: 96px !important;padding-bottom: 96px !important;}\u00a0\u00bb][vc_row content_width=\u00a0\u00bbgrid\u00a0\u00bb content_aligment=\u00a0\u00bbcenter\u00a0\u00bb el_class=\u00a0\u00bbcustom-row-icons\u00a0\u00bb][vc_column width=\u00a0\u00bb1\/3&Prime;][vc_column_text] ORIGINAL [\/vc_column_text][vc_empty_space height=\u00a0\u00bb30px\u00a0\u00bb][vc_single_image image=\u00a0\u00bb206648&Prime; img_size=\u00a0\u00bbfull\u00a0\u00bb alignment=\u00a0\u00bbcenter\u00a0\u00bb][vc_empty_space][vc_column_text]&#8230;<\/p>\n","protected":false},"author":2,"featured_media":0,"parent":0,"menu_order":0,"comment_status":"closed","ping_status":"closed","template":"","meta":{"footnotes":""},"_links":{"self":[{"href":"https:\/\/iriparo.com\/fr\/wp-json\/wp\/v2\/pages\/14929"}],"collection":[{"href":"https:\/\/iriparo.com\/fr\/wp-json\/wp\/v2\/pages"}],"about":[{"href":"https:\/\/iriparo.com\/fr\/wp-json\/wp\/v2\/types\/page"}],"author":[{"embeddable":true,"href":"https:\/\/iriparo.com\/fr\/wp-json\/wp\/v2\/users\/2"}],"replies":[{"embeddable":true,"href":"https:\/\/iriparo.com\/fr\/wp-json\/wp\/v2\/comments?post=14929"}],"version-history":[{"count":0,"href":"https:\/\/iriparo.com\/fr\/wp-json\/wp\/v2\/pages\/14929\/revisions"}],"wp:attachment":[{"href":"https:\/\/iriparo.com\/fr\/wp-json\/wp\/v2\/media?parent=14929"}],"curies":[{"name":"wp","href":"https:\/\/api.w.org\/{rel}","templated":true}]}}