{"id":240632,"date":"2019-02-04T10:43:59","date_gmt":"2019-02-04T09:43:59","guid":{"rendered":"https:\/\/iriparo.com\/assistenza-configurazione-telefono-in-negozio\/"},"modified":"2022-01-20T15:29:43","modified_gmt":"2022-01-20T14:29:43","slug":"assistance-et-configuration-du-telephone-en-magasin","status":"publish","type":"page","link":"https:\/\/iriparo.com\/fr\/assistance-et-configuration-du-telephone-en-magasin\/","title":{"rendered":"Assistance et configuration du t\u00e9l\u00e9phone en magasin"},"content":{"rendered":"<section class=\"wpb-content-wrapper\"><p>[vc_row full_width=\u00a0\u00bbstretch_row\u00a0\u00bb][vc_column]\n\t\t\t<section class=\"imagebg parallax \" data-overlay=\"3\" >\n\t\t\t\t<div class=\"background-image-holder\"><img loading=\"lazy\" decoding=\"async\" width=\"1920\" height=\"700\" src=\"https:\/\/iriparo.com\/wp-content\/uploads\/2021\/09\/servizi-software-background-header-1.jpg\" class=\"attachment-full size-full\" alt=\"\" srcset=\"https:\/\/iriparo.com\/wp-content\/uploads\/2021\/09\/servizi-software-background-header-1.jpg 1920w, https:\/\/iriparo.com\/wp-content\/uploads\/2021\/09\/servizi-software-background-header-1-500x182.jpg 500w, https:\/\/iriparo.com\/wp-content\/uploads\/2021\/09\/servizi-software-background-header-1-700x255.jpg 700w, https:\/\/iriparo.com\/wp-content\/uploads\/2021\/09\/servizi-software-background-header-1-300x109.jpg 300w, https:\/\/iriparo.com\/wp-content\/uploads\/2021\/09\/servizi-software-background-header-1-1024x373.jpg 1024w, https:\/\/iriparo.com\/wp-content\/uploads\/2021\/09\/servizi-software-background-header-1-768x280.jpg 768w, https:\/\/iriparo.com\/wp-content\/uploads\/2021\/09\/servizi-software-background-header-1-1536x560.jpg 1536w\" sizes=\"(max-width: 1920px) 100vw, 1920px\" \/><\/div>\n\t\t\t\t<div class=\"container\">\n\t\t\t\t\t<div class=\"row\">\n\t\t\t\t\t\t<div class=\"col-sm-12\">\n\t\t\t\t\t\t\t<div class=\"cta\">\n\t\t\t\t\t\t\t\t[vc_column_text]<\/p>\n<h1 class=\"title-white\">Assistance et configuration du t\u00e9l\u00e9phone en magasin<\/h1>\n<h3 class=\"title-white\">Pour un appareil toujours mis \u00e0 jour<\/h3>\n<p>[\/vc_column_text]\n\t\t\t\t\t\t\t<\/div>\n\t\t\t\t\t\t<\/div>\n\t\t\t\t\t<\/div><!--end of row-->\n\t\t\t\t<\/div><!--end of container-->\n\t\t\t\t\n\t\t\t<\/section>\n\t\t[\/vc_column][\/vc_row][vc_section][vc_row][vc_column][vc_column_text]<\/p>\n<h2 class=\"text-center\">Gr\u00e2ce aux interventions des techniciens iRiparo, m\u00eame les utilisateurs-trices les moins experts-es peuvent donner de la valeur \u00e0 leur propre smartphone ou tablette<\/h2>\n<p>[\/vc_column_text][vc_empty_space height=\u00a0\u00bb64px\u00a0\u00bb][vc_row_inner][vc_column_inner width=\u00a0\u00bb1\/3&Prime;][vc_hoverbox image=\u00a0\u00bb207842&Prime; primary_title=\u00a0\u00bb\u00a0\u00bb hover_title=\u00a0\u00bb\u00a0\u00bb]Transfert des contacts du r\u00e9pertoire d\u2019un appareil \u00e0 un autre pour ne pas perdre les num\u00e9ros enregistr\u00e9s.[\/vc_hoverbox][vc_column_text]<\/p>\n<h3 class=\"text-center\">Transfert contacts du r\u00e9pertoire<\/h3>\n<p class=\"price\">9.90\u20ac<\/p>\n<p>[\/vc_column_text][\/vc_column_inner][vc_column_inner width=\u00a0\u00bb1\/3&Prime;][vc_hoverbox image=\u00a0\u00bb207850&Prime; primary_title=\u00a0\u00bb\u00a0\u00bb hover_title=\u00a0\u00bb\u00a0\u00bb]Sauvegarde des donn\u00e9es pr\u00e9sentes dans l\u2019appareil ou transfert de donn\u00e9es d\u2019un appareil \u00e0 un autre. Petite jusqu\u2019\u00e0 2Gb, Moyenne jusqu\u2019\u00e0 5Gb, Grande, jusqu\u2019\u00e0 10Gb et enfin XL, au-del\u00e0 de 10Gb.[\/vc_hoverbox][vc_column_text]<\/p>\n<h3 class=\"text-center\">Sauvegarde et transfert de donn\u00e9es<\/h3>\n<p class=\"price\">A partir de 19.90\u20ac<\/p>\n<p>[\/vc_column_text][\/vc_column_inner][vc_column_inner width=\u00a0\u00bb1\/3&Prime;][vc_hoverbox image=\u00a0\u00bb207858&Prime; primary_title=\u00a0\u00bb\u00a0\u00bb hover_title=\u00a0\u00bb\u00a0\u00bb]L\u2019appareil vient \u00e0 \u00eatre r\u00e9initialis\u00e9 et restaur\u00e9 aux donn\u00e9es de fabrication. La r\u00e9initialisation ne pr\u00e9voit pas de sauvegarde des donn\u00e9es pr\u00e9sentes dans l\u2019appareil.[\/vc_hoverbox][vc_column_text]<\/p>\n<h3 class=\"text-center\">Restauration sans donn\u00e9es<\/h3>\n<p class=\"price\">9.90\u20ac<\/p>\n<p>[\/vc_column_text][\/vc_column_inner][\/vc_row_inner][vc_empty_space][vc_row_inner][vc_column_inner width=\u00a0\u00bb1\/3&Prime;][vc_hoverbox image=\u00a0\u00bb207869&Prime; primary_title=\u00a0\u00bb\u00a0\u00bb hover_title=\u00a0\u00bb\u00a0\u00bb]T\u00e9l\u00e9chargement de l&rsquo;app relative, configuration et mise \u00e0 jour \u00e9ventuelle.[\/vc_hoverbox][vc_column_text]<\/p>\n<h3 class=\"text-center\">T\u00e9l\u00e9chargement, configuration et mise \u00e0 jour App<\/h3>\n<p class=\"price\">4.90\u20ac par App<\/p>\n<p>[\/vc_column_text][\/vc_column_inner][vc_column_inner width=\u00a0\u00bb1\/3&Prime;][vc_hoverbox image=\u00a0\u00bb207877&Prime; primary_title=\u00a0\u00bb\u00a0\u00bb hover_title=\u00a0\u00bb\u00a0\u00bb]Mise \u00e0 jour du syst\u00e8me d&rsquo;exploitation \u00e0 la derni\u00e8re version disponible pour l&rsquo;appareil.[\/vc_hoverbox][vc_column_text]<\/p>\n<h3 class=\"text-center\">Mise \u00e0 jour logiciel<\/h3>\n<p class=\"price\">9.90\u20ac<\/p>\n<p>[\/vc_column_text][\/vc_column_inner][vc_column_inner width=\u00a0\u00bb1\/3&Prime;][vc_hoverbox image=\u00a0\u00bb207885&Prime; primary_title=\u00a0\u00bb\u00a0\u00bb hover_title=\u00a0\u00bb\u00a0\u00bb]En cas de perte ou d\u2019oubli de votre mot de passe de l\u2019appareil, nous r\u00e9cup\u00e9rons et\/ou modifions le mot de passe.[\/vc_hoverbox][vc_column_text]<\/p>\n<h3 class=\"text-center\">R\u00e9cup\u00e9ration mot de passe<\/h3>\n<p class=\"price\">19.90\u20ac<\/p>\n<p>[\/vc_column_text][\/vc_column_inner][\/vc_row_inner][vc_empty_space][vc_row_inner][vc_column_inner width=\u00a0\u00bb1\/3&Prime;][vc_hoverbox image=\u00a0\u00bb207894&Prime; primary_title=\u00a0\u00bb\u00a0\u00bb hover_title=\u00a0\u00bb\u00a0\u00bb]Premier d\u00e9marrage de l\u2019appareil avec les premi\u00e8res configurations et param\u00e8tres pour pouvoir l\u2019utiliser.[\/vc_hoverbox][vc_column_text]<\/p>\n<h3 class=\"text-center\">Activation appareil<\/h3>\n<p class=\"price\">19.90\u20ac<\/p>\n<p>[\/vc_column_text][\/vc_column_inner][vc_column_inner width=\u00a0\u00bb1\/3&Prime;][vc_hoverbox image=\u00a0\u00bb207902&Prime; primary_title=\u00a0\u00bb\u00a0\u00bb hover_title=\u00a0\u00bb\u00a0\u00bb]Contr\u00f4le et insertion des param\u00e8tres pour utiliser votre bo\u00eete mail et synchroniser votre compte avec l\u2019appareil.[\/vc_hoverbox][vc_column_text]<\/p>\n<h3 class=\"text-center\">Configuration Mail et Compte<\/h3>\n<p class=\"price\">9.90\u20ac<\/p>\n<p>[\/vc_column_text][\/vc_column_inner][vc_column_inner width=\u00a0\u00bb1\/3&Prime;][vc_hoverbox image=\u00a0\u00bb207910&Prime; primary_title=\u00a0\u00bb\u00a0\u00bb hover_title=\u00a0\u00bb\u00a0\u00bb]Le sp\u00e9cialiste iRiparo fournira une session de conseil pour approfondir vos connaissances sur le monde des smartphones et tablettes.[\/vc_hoverbox][vc_column_text]<\/p>\n<h3 class=\"text-center\">Consultation (session \u00e0 partir de 10 minutes)<\/h3>\n<p class=\"price\">9.90\u20ac<\/p>\n<p>[\/vc_column_text][\/vc_column_inner][\/vc_row_inner][\/vc_column][\/vc_row][\/vc_section][vc_section full_width=\u00a0\u00bbstretch_row\u00a0\u00bb css=\u00a0\u00bb.vc_custom_1631806995727{padding-top: 96px !important;padding-bottom: 96px !important;background-color: #f5f5f5 !important;}\u00a0\u00bb][vc_row][vc_column width=\u00a0\u00bb1\/2&Prime;][vc_column_text]<\/p>\n<h2>Trouvez un magasin iRiparo<\/h2>\n<p>[\/vc_column_text][vc_empty_space height=\u00a0\u00bb16px\u00a0\u00bb][vc_column_text]Notre r\u00e9seau de r\u00e9parations express compte aujourd\u2019hui plus  points de vente iRiparo en Europe.[\/vc_column_text][vc_empty_space height=\u00a0\u00bb16px\u00a0\u00bb][vc_btn title=\u00a0\u00bbTrouvez un magasin\u00a0\u00bb style=\u00a0\u00bbflat\u00a0\u00bb color=\u00a0\u00bbprimary\u00a0\u00bb link=\u00a0\u00bburl:%2Ffr%2Fnos-points-de-vente%2F|title:Trouvez%20un%20magasin\u00a0\u00bb][\/vc_column][vc_column width=\u00a0\u00bb1\/2&Prime;][vc_single_image image=\u00a0\u00bb206484&Prime; img_size=\u00a0\u00bbfull\u00a0\u00bb alignment=\u00a0\u00bbcenter\u00a0\u00bb][\/vc_column][\/vc_row][\/vc_section]<\/p>\n<\/section>","protected":false},"excerpt":{"rendered":"<p>[vc_row full_width=\u00a0\u00bbstretch_row\u00a0\u00bb][vc_column][\/vc_column][\/vc_row][vc_section][vc_row][vc_column][vc_column_text] Gr\u00e2ce aux interventions des techniciens iRiparo, m\u00eame les utilisateurs-trices les moins experts-es peuvent donner de la valeur \u00e0 leur propre&#8230;<\/p>\n","protected":false},"author":2,"featured_media":0,"parent":0,"menu_order":0,"comment_status":"closed","ping_status":"closed","template":"","meta":{"footnotes":""},"_links":{"self":[{"href":"https:\/\/iriparo.com\/fr\/wp-json\/wp\/v2\/pages\/240632"}],"collection":[{"href":"https:\/\/iriparo.com\/fr\/wp-json\/wp\/v2\/pages"}],"about":[{"href":"https:\/\/iriparo.com\/fr\/wp-json\/wp\/v2\/types\/page"}],"author":[{"embeddable":true,"href":"https:\/\/iriparo.com\/fr\/wp-json\/wp\/v2\/users\/2"}],"replies":[{"embeddable":true,"href":"https:\/\/iriparo.com\/fr\/wp-json\/wp\/v2\/comments?post=240632"}],"version-history":[{"count":0,"href":"https:\/\/iriparo.com\/fr\/wp-json\/wp\/v2\/pages\/240632\/revisions"}],"wp:attachment":[{"href":"https:\/\/iriparo.com\/fr\/wp-json\/wp\/v2\/media?parent=240632"}],"curies":[{"name":"wp","href":"https:\/\/api.w.org\/{rel}","templated":true}]}}