{"id":240708,"date":"2021-02-08T12:35:25","date_gmt":"2021-02-08T11:35:25","guid":{"rendered":"https:\/\/iriparo.com\/prenota-un-appuntamento\/"},"modified":"2022-01-20T15:53:51","modified_gmt":"2022-01-20T14:53:51","slug":"fixer-un-rendez-vous-en-ligne","status":"publish","type":"page","link":"https:\/\/iriparo.com\/fr\/fixer-un-rendez-vous-en-ligne\/","title":{"rendered":"Fixer un rendez-vous en ligne"},"content":{"rendered":"<section class=\"wpb-content-wrapper\"><p>[vc_row full_width=\u00a0\u00bbstretch_row\u00a0\u00bb][vc_column]\n\t\t\t<section class=\"imagebg parallax \" data-overlay=\"3\" >\n\t\t\t\t<div class=\"background-image-holder\"><img loading=\"lazy\" decoding=\"async\" width=\"1920\" height=\"1100\" src=\"https:\/\/iriparo.com\/wp-content\/uploads\/2021\/09\/prenota-appuntamento-online-serivizi-prodotti-iriparo-header-2.jpg\" class=\"attachment-full size-full\" alt=\"\" srcset=\"https:\/\/iriparo.com\/wp-content\/uploads\/2021\/09\/prenota-appuntamento-online-serivizi-prodotti-iriparo-header-2.jpg 1920w, https:\/\/iriparo.com\/wp-content\/uploads\/2021\/09\/prenota-appuntamento-online-serivizi-prodotti-iriparo-header-2-500x286.jpg 500w, https:\/\/iriparo.com\/wp-content\/uploads\/2021\/09\/prenota-appuntamento-online-serivizi-prodotti-iriparo-header-2-700x401.jpg 700w, https:\/\/iriparo.com\/wp-content\/uploads\/2021\/09\/prenota-appuntamento-online-serivizi-prodotti-iriparo-header-2-300x172.jpg 300w, https:\/\/iriparo.com\/wp-content\/uploads\/2021\/09\/prenota-appuntamento-online-serivizi-prodotti-iriparo-header-2-1024x587.jpg 1024w, https:\/\/iriparo.com\/wp-content\/uploads\/2021\/09\/prenota-appuntamento-online-serivizi-prodotti-iriparo-header-2-768x440.jpg 768w, https:\/\/iriparo.com\/wp-content\/uploads\/2021\/09\/prenota-appuntamento-online-serivizi-prodotti-iriparo-header-2-1536x880.jpg 1536w\" sizes=\"(max-width: 1920px) 100vw, 1920px\" \/><\/div>\n\t\t\t\t<div class=\"container\">\n\t\t\t\t\t<div class=\"row\">\n\t\t\t\t\t\t<div class=\"col-sm-12\">\n\t\t\t\t\t\t\t<div class=\"cta\">\n\t\t\t\t\t\t\t\t[vc_column_text]<\/p>\n<h1 class=\"title-white\">Fixer un rendez-vous en ligne<\/h1>\n<h3 class=\"title-white\">S\u00e9lectionnez le magasin iRiparo le plus proche de chez vous<\/h3>\n<p>[\/vc_column_text]\n\t\t\t\t\t\t\t<\/div>\n\t\t\t\t\t\t<\/div>\n\t\t\t\t\t<\/div><!--end of row-->\n\t\t\t\t<\/div><!--end of container-->\n\t\t\t\t\n\t\t\t<\/section>\n\t\t[\/vc_column][\/vc_row][vc_section][vc_row][vc_column][vc_column_text]<\/p>\n<h2 class=\"text-center\">Fixer un rendez-vous en ligne en s\u00e9lectionnant le jour et l\u2019heure pour vous rendre dans le magasin iRiparo le plus proche de chez vous.<\/h2>\n<p>[\/vc_column_text][vc_empty_space height=\u00a0\u00bb8px\u00a0\u00bb][vc_column_text]<\/p>\n<h4 class=\"text-center\">B\u00e9n\u00e9ficiez de tous les services disponibles en magasin : r\u00e9parations smartphones, accessoires, iPhone reconditionn\u00e9s et services software.<\/h4>\n<p>[\/vc_column_text][\/vc_column][\/vc_row][\/vc_section][vc_section full_width=\u00a0\u00bbstretch_row\u00a0\u00bb css=\u00a0\u00bb.vc_custom_1631007512770{padding-top: 96px !important;padding-bottom: 96px !important;background-color: #f5f5f5 !important;}\u00a0\u00bb][vc_row][vc_column][vc_column_text]<\/p>\n<h2 class=\"text-center\">Trouvez le magasin le plus proche de chez vous<\/h2>\n<p>[\/vc_column_text][vc_empty_space height=\u00a0\u00bb16px\u00a0\u00bb][\/vc_column][\/vc_row][vc_row][vc_column width=\u00a0\u00bb1\/4&Prime;][\/vc_column][vc_column width=\u00a0\u00bb1\/2&Prime;][vc_raw_html]JTNDcCUyMHN0eWxlJTNEJTIydGV4dC1hbGlnbiUzQWNlbnRlciUzQiUyMiUzRUlucyVDMyVBOXJleiUyMHZvdHJlJTIwYWRyZXNzZSUyMGNvbXBvcnRhbnQlMjAlM0NzdHJvbmclM0VydWUlM0MlMkZzdHJvbmclM0UlMkMlMjAlM0NzdHJvbmclM0VudW0lQzMlQTlybyUzQyUyRnN0cm9uZyUzRSUyMGV0JTIwJTNDc3Ryb25nJTNFdmlsbGUlM0MlMkZzdHJvbmclM0UlM0ElM0MlMkZwJTNFJTIwJTNDaW5wdXQlMjBjbGFzcyUzRCUyMndwY2Y3LWZvcm0tY29udHJvbCUyMHdwY2Y3LXRleHQlMjIlMjBpZCUzRCUyMmJoLXNsLXl1b3VyLXBvc2l0aW9uLWFwcG9pbnRtZW50JTIyJTIwYXV0b2NvbXBsZXRlJTNEJTIyb2ZmJTIyJTNFJTBBJTNDZGl2JTIwaWQlM0QlMjJzdG9yZXMtbGlzdC1jb250YWluZXIlMjIlM0UlMEElM0NkaXYlMjBjbGFzcyUzRCUyMnRleHQtY2VudGVyJTIwaGlkZGVuJTIwbG9hZGluZyUyMiUzRSUwQSUzQ3AlM0UlM0NpJTIwY2xhc3MlM0QlMjJmYSUyMGZhLXNwaW5uZXIlMjBmYS1wdWxzZSUyMGZhLTN4JTIwZmEtZnclMjIlM0UlM0MlMkZpJTNFJTNDJTJGcCUzRSUwQSUzQyUyRmRpdiUzRSUwQSUzQ2RpdiUyMGNsYXNzJTNEJTIybGlzdCUyMGhpZGRlbiUyMiUzRSUwQSUzQ2RpdiUyMGNsYXNzJTNEJTIyc3RvcmVzJTIyJTNFJTNDJTJGZGl2JTNFJTBBJTNDcCUyMGNsYXNzJTNEJTIyZ2VuZXJhbC1pbmZvcyUyMiUzRVZvdXMlMjBuJUUyJTgwJTk5YXZleiUyMHBhcyUyMHRyb3V2JUMzJUE5JTIwZGUlMjBtYWdhc2luJTIwJTNGJTIwUGFzJTIwZGUlMjBwcm9ibCVDMyVBOG1lJTIwJTIxJTIwU3VyJTIwJTNDYSUyMGhyZWYlM0QlMjIlMkZmciUyRm5vcy1wb2ludHMtZGUtdmVudGUlMkYlMjIlMjB0aXRsZSUzRCUyMlBvaW50cyUyMGRlJTIwdmVudGUlMjBpUmlwYXJvJTIyJTNFJTIwY2V0dGUlMjBwYWdlLWNpJTNDJTJGYSUzRSUyQyUyMHZvdXMlMjB0cm91dmVyZXolMjB0b3VzJTIwbm9zJTIwY2VudHJlcyUyMGlSaXBhcm8lMjAlMjElMjBDb250YWN0ZXolMjBjZWx1aSUyMHNlJTIwdHJvdXZhbnQlMjBsZSUyMHBsdXMlMjBwcm9jaGUlMjBkZSUyMGNoZXolMjB2b3VzJTIwJTIxJTBBJTNDJTJGcCUzRSUwQSUzQyUyRmRpdiUzRSUwQSUzQyUyRmRpdiUzRQ==[\/vc_raw_html][\/vc_column][vc_column width=\u00a0\u00bb1\/4&Prime;][\/vc_column][\/vc_row][\/vc_section][vc_section css=\u00a0\u00bb.vc_custom_1631007608885{padding-top: 96px !important;padding-bottom: 96px !important;}\u00a0\u00bb][vc_row][vc_column][vc_column_text]<\/p>\n<h2 class=\"text-center\">Prenez rendez-vous pour :<\/h2>\n<p>[\/vc_column_text][vc_empty_space][\/vc_column][\/vc_row][vc_row][vc_column width=\u00a0\u00bb1\/3&Prime;][vc_column_text]<\/p>\n<h3>R\u00e9parations<\/h3>\n<p>[\/vc_column_text][vc_empty_space height=\u00a0\u00bb8px\u00a0\u00bb]<div class=\"evc-icon-list evc-shortcode \">\n\t<div class=\"evc-il-item  \" >\n\t<div class=\"evc-ili-inner\">\n\t\t\t<span class=\"evc-ili-icon-wrapper\" style=\"color: #34b3e3\">\n\t\t<span class=\"evc-ili-icon fas fa-check\"><\/span>\n\t<\/span>\n\t\t\t<span class=\"evc-ili-text\" >Vitre et LCD<\/span>\n\t\t\t<\/div>\n<\/div>\n<div class=\"evc-il-item  \" >\n\t<div class=\"evc-ili-inner\">\n\t\t\t<span class=\"evc-ili-icon-wrapper\" style=\"color: #34b3e3\">\n\t\t<span class=\"evc-ili-icon fas fa-check\"><\/span>\n\t<\/span>\n\t\t\t<span class=\"evc-ili-text\" >Batterie<\/span>\n\t\t\t<\/div>\n<\/div>\n<div class=\"evc-il-item  \" >\n\t<div class=\"evc-ili-inner\">\n\t\t\t<span class=\"evc-ili-icon-wrapper\" style=\"color: #34b3e3\">\n\t\t<span class=\"evc-ili-icon fas fa-check\"><\/span>\n\t<\/span>\n\t\t\t<span class=\"evc-ili-text\" >Connecteur de charge<\/span>\n\t\t\t<\/div>\n<\/div>\n<div class=\"evc-il-item  \" >\n\t<div class=\"evc-ili-inner\">\n\t\t\t<span class=\"evc-ili-icon-wrapper\" style=\"color: #34b3e3\">\n\t\t<span class=\"evc-ili-icon fas fa-check\"><\/span>\n\t<\/span>\n\t\t\t<span class=\"evc-ili-text\" >Appareil photo-cam\u00e9ra<\/span>\n\t\t\t<\/div>\n<\/div>\n<div class=\"evc-il-item  \" >\n\t<div class=\"evc-ili-inner\">\n\t\t\t<span class=\"evc-ili-icon-wrapper\" style=\"color: #34b3e3\">\n\t\t<span class=\"evc-ili-icon fas fa-check\"><\/span>\n\t<\/span>\n\t\t\t<span class=\"evc-ili-text\" >Microphone et audio<\/span>\n\t\t\t<\/div>\n<\/div>\n<div class=\"evc-il-item  \" >\n\t<div class=\"evc-ili-inner\">\n\t\t\t<span class=\"evc-ili-icon-wrapper\" style=\"color: #34b3e3\">\n\t\t<span class=\"evc-ili-icon fas fa-check\"><\/span>\n\t<\/span>\n\t\t\t<span class=\"evc-ili-text\" >Lecteur Sim<\/span>\n\t\t\t<\/div>\n<\/div>\n<div class=\"evc-il-item  \" >\n\t<div class=\"evc-ili-inner\">\n\t\t\t<span class=\"evc-ili-icon-wrapper\" style=\"color: #34b3e3\">\n\t\t<span class=\"evc-ili-icon fas fa-check\"><\/span>\n\t<\/span>\n\t\t\t<span class=\"evc-ili-text\" >Boutons d\u00e9marrage, home et volume<\/span>\n\t\t\t<\/div>\n<\/div>\n<\/div>\n[\/vc_column][vc_column width=\u00a0\u00bb1\/3&Prime;][vc_column_text]<\/p>\n<h3>Services<\/h3>\n<p>[\/vc_column_text][vc_empty_space height=\u00a0\u00bb8px\u00a0\u00bb]<div class=\"evc-icon-list evc-shortcode \">\n\t<div class=\"evc-il-item  \" >\n\t<div class=\"evc-ili-inner\">\n\t\t\t<span class=\"evc-ili-icon-wrapper\" style=\"color: #34b3e3\">\n\t\t<span class=\"evc-ili-icon fas fa-check\"><\/span>\n\t<\/span>\n\t\t\t<span class=\"evc-ili-text\" >Garantie dommages accidentels<\/span>\n\t\t\t<\/div>\n<\/div>\n<div class=\"evc-il-item  \" >\n\t<div class=\"evc-ili-inner\">\n\t\t\t<span class=\"evc-ili-icon-wrapper\" style=\"color: #34b3e3\">\n\t\t<span class=\"evc-ili-icon fas fa-check\"><\/span>\n\t<\/span>\n\t\t\t<span class=\"evc-ili-text\" >Paiement par tranche<\/span>\n\t\t\t<\/div>\n<\/div>\n<div class=\"evc-il-item  \" >\n\t<div class=\"evc-ili-inner\">\n\t\t\t<span class=\"evc-ili-icon-wrapper\" style=\"color: #34b3e3\">\n\t\t<span class=\"evc-ili-icon fas fa-check\"><\/span>\n\t<\/span>\n\t\t\t<span class=\"evc-ili-text\" >Contr\u00f4le batterie<\/span>\n\t\t\t<\/div>\n<\/div>\n<div class=\"evc-il-item  \" >\n\t<div class=\"evc-ili-inner\">\n\t\t\t<span class=\"evc-ili-icon-wrapper\" style=\"color: #34b3e3\">\n\t\t<span class=\"evc-ili-icon fas fa-check\"><\/span>\n\t<\/span>\n\t\t\t<span class=\"evc-ili-text\" >Transfert de donn\u00e9es<\/span>\n\t\t\t<\/div>\n<\/div>\n<div class=\"evc-il-item  \" >\n\t<div class=\"evc-ili-inner\">\n\t\t\t<span class=\"evc-ili-icon-wrapper\" style=\"color: #34b3e3\">\n\t\t<span class=\"evc-ili-icon fas fa-check\"><\/span>\n\t<\/span>\n\t\t\t<span class=\"evc-ili-text\" >Mise \u00e0 jour du smartphone<\/span>\n\t\t\t<\/div>\n<\/div>\n<div class=\"evc-il-item  \" >\n\t<div class=\"evc-ili-inner\">\n\t\t\t<span class=\"evc-ili-icon-wrapper\" style=\"color: #34b3e3\">\n\t\t<span class=\"evc-ili-icon fas fa-check\"><\/span>\n\t<\/span>\n\t\t\t<span class=\"evc-ili-text\" >R\u00e9cup\u00e9ration des donn\u00e9es<\/span>\n\t\t\t<\/div>\n<\/div>\n<\/div>\n[\/vc_column][vc_column width=\u00a0\u00bb1\/3&Prime;][vc_column_text]<\/p>\n<h3>Produits et accessoires<\/h3>\n<p>[\/vc_column_text][vc_empty_space height=\u00a0\u00bb8px\u00a0\u00bb]<div class=\"evc-icon-list evc-shortcode \">\n\t<div class=\"evc-il-item  \" >\n\t<div class=\"evc-ili-inner\">\n\t\t\t<span class=\"evc-ili-icon-wrapper\" style=\"color: #34b3e3\">\n\t\t<span class=\"evc-ili-icon fas fa-check\"><\/span>\n\t<\/span>\n\t\t\t<span class=\"evc-ili-text\" >Films de protection<\/span>\n\t\t\t<\/div>\n<\/div>\n<div class=\"evc-il-item  \" >\n\t<div class=\"evc-ili-inner\">\n\t\t\t<span class=\"evc-ili-icon-wrapper\" style=\"color: #34b3e3\">\n\t\t<span class=\"evc-ili-icon fas fa-check\"><\/span>\n\t<\/span>\n\t\t\t<span class=\"evc-ili-text\" > iPhone reconditionn\u00e9s<\/span>\n\t\t\t<\/div>\n<\/div>\n<div class=\"evc-il-item  \" >\n\t<div class=\"evc-ili-inner\">\n\t\t\t<span class=\"evc-ili-icon-wrapper\" style=\"color: #34b3e3\">\n\t\t<span class=\"evc-ili-icon fas fa-check\"><\/span>\n\t<\/span>\n\t\t\t<span class=\"evc-ili-text\" >Etui et coque<\/span>\n\t\t\t<\/div>\n<\/div>\n<div class=\"evc-il-item  \" >\n\t<div class=\"evc-ili-inner\">\n\t\t\t<span class=\"evc-ili-icon-wrapper\" style=\"color: #34b3e3\">\n\t\t<span class=\"evc-ili-icon fas fa-check\"><\/span>\n\t<\/span>\n\t\t\t<span class=\"evc-ili-text\" >Powerbank<\/span>\n\t\t\t<\/div>\n<\/div>\n<div class=\"evc-il-item  \" >\n\t<div class=\"evc-ili-inner\">\n\t\t\t<span class=\"evc-ili-icon-wrapper\" style=\"color: #34b3e3\">\n\t\t<span class=\"evc-ili-icon fas fa-check\"><\/span>\n\t<\/span>\n\t\t\t<span class=\"evc-ili-text\" >\u00c9couteurs<\/span>\n\t\t\t<\/div>\n<\/div>\n<div class=\"evc-il-item  \" >\n\t<div class=\"evc-ili-inner\">\n\t\t\t<span class=\"evc-ili-icon-wrapper\" style=\"color: #34b3e3\">\n\t\t<span class=\"evc-ili-icon fas fa-check\"><\/span>\n\t<\/span>\n\t\t\t<span class=\"evc-ili-text\" >C\u00e2bles et prises<\/span>\n\t\t\t<\/div>\n<\/div>\n<\/div>\n[\/vc_column][\/vc_row][\/vc_section]<\/p>\n<\/section>","protected":false},"excerpt":{"rendered":"<p>[vc_row full_width=\u00a0\u00bbstretch_row\u00a0\u00bb][vc_column][\/vc_column][\/vc_row][vc_section][vc_row][vc_column][vc_column_text] Fixer un rendez-vous en ligne en s\u00e9lectionnant le jour et l\u2019heure pour vous rendre dans le magasin iRiparo le plus&#8230;<\/p>\n","protected":false},"author":2,"featured_media":0,"parent":0,"menu_order":0,"comment_status":"closed","ping_status":"closed","template":"","meta":{"footnotes":""},"_links":{"self":[{"href":"https:\/\/iriparo.com\/fr\/wp-json\/wp\/v2\/pages\/240708"}],"collection":[{"href":"https:\/\/iriparo.com\/fr\/wp-json\/wp\/v2\/pages"}],"about":[{"href":"https:\/\/iriparo.com\/fr\/wp-json\/wp\/v2\/types\/page"}],"author":[{"embeddable":true,"href":"https:\/\/iriparo.com\/fr\/wp-json\/wp\/v2\/users\/2"}],"replies":[{"embeddable":true,"href":"https:\/\/iriparo.com\/fr\/wp-json\/wp\/v2\/comments?post=240708"}],"version-history":[{"count":0,"href":"https:\/\/iriparo.com\/fr\/wp-json\/wp\/v2\/pages\/240708\/revisions"}],"wp:attachment":[{"href":"https:\/\/iriparo.com\/fr\/wp-json\/wp\/v2\/media?parent=240708"}],"curies":[{"name":"wp","href":"https:\/\/api.w.org\/{rel}","templated":true}]}}