{"id":240779,"date":"2019-09-13T14:55:26","date_gmt":"2019-09-13T12:55:26","guid":{"rendered":"https:\/\/iriparo.com\/trasferimento-dati-recupero-backup-telefono-iphone-samsung\/"},"modified":"2022-02-01T15:52:57","modified_gmt":"2022-02-01T14:52:57","slug":"transfert-donnees-recuperation-sauvegarde-telephone-iphone-samsung","status":"publish","type":"page","link":"https:\/\/iriparo.com\/fr\/transfert-donnees-recuperation-sauvegarde-telephone-iphone-samsung\/","title":{"rendered":"Transfert, sauvegarde et r\u00e9cup\u00e9ration des donn\u00e9es"},"content":{"rendered":"<section class=\"wpb-content-wrapper\"><p>[vc_row full_width=\u00a0\u00bbstretch_row\u00a0\u00bb][vc_column]\n\t\t\t<section class=\"imagebg parallax \" data-overlay=\"3\" >\n\t\t\t\t<div class=\"background-image-holder\"><img loading=\"lazy\" decoding=\"async\" width=\"1920\" height=\"700\" src=\"https:\/\/iriparo.com\/wp-content\/uploads\/2021\/09\/header-trasferimento-dati-3.jpg\" class=\"attachment-full size-full\" alt=\"\" srcset=\"https:\/\/iriparo.com\/wp-content\/uploads\/2021\/09\/header-trasferimento-dati-3.jpg 1920w, https:\/\/iriparo.com\/wp-content\/uploads\/2021\/09\/header-trasferimento-dati-3-500x182.jpg 500w, https:\/\/iriparo.com\/wp-content\/uploads\/2021\/09\/header-trasferimento-dati-3-700x255.jpg 700w, https:\/\/iriparo.com\/wp-content\/uploads\/2021\/09\/header-trasferimento-dati-3-300x109.jpg 300w, https:\/\/iriparo.com\/wp-content\/uploads\/2021\/09\/header-trasferimento-dati-3-1024x373.jpg 1024w, https:\/\/iriparo.com\/wp-content\/uploads\/2021\/09\/header-trasferimento-dati-3-768x280.jpg 768w, https:\/\/iriparo.com\/wp-content\/uploads\/2021\/09\/header-trasferimento-dati-3-1536x560.jpg 1536w\" sizes=\"(max-width: 1920px) 100vw, 1920px\" \/><\/div>\n\t\t\t\t<div class=\"container\">\n\t\t\t\t\t<div class=\"row\">\n\t\t\t\t\t\t<div class=\"col-sm-12\">\n\t\t\t\t\t\t\t<div class=\"cta\">\n\t\t\t\t\t\t\t\t[vc_column_text]<\/p>\n<h1 class=\"title-white\">Transfert, sauvegarde et r\u00e9cup\u00e9ration des donn\u00e9es<\/h1>\n<h3 class=\"title-white\">d&rsquo;iPhone vers Samsung ou de n&rsquo;importe quel Android vers iOS et viceversa<\/h3>\n<p>[\/vc_column_text]\n\t\t\t\t\t\t\t<\/div>\n\t\t\t\t\t\t<\/div>\n\t\t\t\t\t<\/div><!--end of row-->\n\t\t\t\t<\/div><!--end of container-->\n\t\t\t\t\n\t\t\t<\/section>\n\t\t[\/vc_column][\/vc_row][vc_section][vc_row][vc_column width=\u00a0\u00bb1\/2&Prime;][vc_empty_space][vc_column_text]<\/p>\n<h2>Le transfert de donn\u00e9es n&rsquo;a jamais \u00e9t\u00e9 aussi simple !<\/h2>\n<p>[\/vc_column_text][vc_empty_space height=\u00a0\u00bb16px\u00a0\u00bb][vc_column_text]Gr\u00e2ce \u00e0 iRiparo Transfer, il est d\u00e9sormais possible de g\u00e9rer le passage des donn\u00e9es entre smartphones de syst\u00e8mes d\u2019exploitations diff\u00e9rents. Ce software permettra de <strong>transf\u00e9rer les donn\u00e9es entre iOS et Android dans le respect total de votre privacy<\/strong>.<br \/>\nCe service garantit le transfert int\u00e9gral de photos, contacts, chat et autres choses sans aucune perte de donn\u00e9es entre syst\u00e8mes d\u2019exploitations similaires ou diff\u00e9rents.<br \/>\nLa sauvegarde peut \u00eatre effectu\u00e9e sur des supports diff\u00e9rents comme une cl\u00e9 USB par exemple.<br \/>\nSi vous rencontrez des probl\u00e8mes avec iCloud ou Samsung Smart Switch, passez nous voir en magasin.[\/vc_column_text][vc_empty_space][\/vc_column][vc_column width=\u00a0\u00bb1\/2&Prime;][vc_single_image image=\u00a0\u00bb207931&Prime; img_size=\u00a0\u00bbfull\u00a0\u00bb alignment=\u00a0\u00bbcenter\u00a0\u00bb][\/vc_column][\/vc_row][\/vc_section][vc_section full_width=\u00a0\u00bbstretch_row\u00a0\u00bb css=\u00a0\u00bb.vc_custom_1631874497688{padding-top: 96px !important;padding-bottom: 96px !important;background-color: #f5f5f5 !important;}\u00a0\u00bb][vc_row][vc_column width=\u00a0\u00bb1\/3&Prime;][vc_single_image image=\u00a0\u00bb207939&Prime; img_size=\u00a0\u00bbfull\u00a0\u00bb alignment=\u00a0\u00bbcenter\u00a0\u00bb el_class=\u00a0\u00bbtransfer-icone\u00a0\u00bb][vc_empty_space][vc_column_text]<\/p>\n<h3 class=\"text-center\">Transfert de donn\u00e9es<\/h3>\n<p>[\/vc_column_text][vc_empty_space height=\u00a0\u00bb16px\u00a0\u00bb][vc_column_text]<\/p>\n<p class=\"text-center\">iRiparo Transfer es un software qui garantit le <strong>transfert de donn\u00e9es entre smartphones<\/strong>, <strong> m\u00eame ayant des syst\u00e8mes d\u2019exploitations diff\u00e9rents<\/strong>, sans le risque de perte de contacts, photos, chat et autres types de donn\u00e9es.<\/p>\n<p>[\/vc_column_text][\/vc_column][vc_column width=\u00a0\u00bb1\/3&Prime;][vc_single_image image=\u00a0\u00bb207947&Prime; img_size=\u00a0\u00bbfull\u00a0\u00bb alignment=\u00a0\u00bbcenter\u00a0\u00bb el_class=\u00a0\u00bbtransfer-icone\u00a0\u00bb][vc_empty_space][vc_column_text]<\/p>\n<h3 class=\"text-center\">Privacy<\/h3>\n<p>[\/vc_column_text][vc_empty_space height=\u00a0\u00bb16px\u00a0\u00bb][vc_column_text]<\/p>\n<p class=\"text-center\">Nous prot\u00e9geons la privacy de nos clients : le passage de toutes les donn\u00e9es est <strong>effectu\u00e9 de mani\u00e8re crypt\u00e9e <strong>sur le pc <\/strong>.<\/strong><\/p>\n<p>[\/vc_column_text][\/vc_column][vc_column width=\u00a0\u00bb1\/3&Prime;][vc_single_image image=\u00a0\u00bb207955&Prime; img_size=\u00a0\u00bblarge\u00a0\u00bb alignment=\u00a0\u00bbcenter\u00a0\u00bb el_class=\u00a0\u00bbtransfer-icone\u00a0\u00bb][vc_empty_space][vc_column_text]<\/p>\n<h3 class=\"text-center\">Check up et diagnostic<\/h3>\n<p>[\/vc_column_text][vc_empty_space height=\u00a0\u00bb16px\u00a0\u00bb][vc_column_text]<\/p>\n<p class=\"text-center\">En plus des transferts, iRiparo Transfert offre \u00e9galement la possibilit\u00e9 de faire un <strong>contr\u00f4le complet au niveau du software du smartphone<\/strong>, en mettant en \u00e9vidence les \u00e9ventuels probl\u00e8mes avec un diagnostic pr\u00e9cis.<\/p>\n<p>[\/vc_column_text][\/vc_column][\/vc_row][\/vc_section][vc_section css=\u00a0\u00bb.vc_custom_1631875107712{padding-top: 96px !important;padding-bottom: 96px !important;}\u00a0\u00bb][vc_row][vc_column][vc_column_text]<\/p>\n<h2 class=\"text-center\"><a title=\"Assistance et configuration du t\u00e9l\u00e9phone en magasin\" href=\"\/fr\/assistance-et-configuration-du-telephone-en-magasin\/\">D\u00e9couvrez la liste des services iRiparo<\/a> ou <a title=\"Nos points de vente\" href=\"\/fr\/nos-points-de-vente\/\">Demandez en magasin<\/a><\/h2>\n<p>[\/vc_column_text][\/vc_column][\/vc_row][\/vc_section]<\/p>\n<\/section>","protected":false},"excerpt":{"rendered":"<p>[vc_row full_width=\u00a0\u00bbstretch_row\u00a0\u00bb][vc_column][\/vc_column][\/vc_row][vc_section][vc_row][vc_column width=\u00a0\u00bb1\/2&Prime;][vc_empty_space][vc_column_text] Le transfert de donn\u00e9es n&rsquo;a jamais \u00e9t\u00e9 aussi simple ! [\/vc_column_text][vc_empty_space height=\u00a0\u00bb16px\u00a0\u00bb][vc_column_text]Gr\u00e2ce \u00e0 iRiparo Transfer, il est d\u00e9sormais possible&#8230;<\/p>\n","protected":false},"author":2,"featured_media":0,"parent":0,"menu_order":0,"comment_status":"closed","ping_status":"closed","template":"","meta":{"footnotes":""},"_links":{"self":[{"href":"https:\/\/iriparo.com\/fr\/wp-json\/wp\/v2\/pages\/240779"}],"collection":[{"href":"https:\/\/iriparo.com\/fr\/wp-json\/wp\/v2\/pages"}],"about":[{"href":"https:\/\/iriparo.com\/fr\/wp-json\/wp\/v2\/types\/page"}],"author":[{"embeddable":true,"href":"https:\/\/iriparo.com\/fr\/wp-json\/wp\/v2\/users\/2"}],"replies":[{"embeddable":true,"href":"https:\/\/iriparo.com\/fr\/wp-json\/wp\/v2\/comments?post=240779"}],"version-history":[{"count":0,"href":"https:\/\/iriparo.com\/fr\/wp-json\/wp\/v2\/pages\/240779\/revisions"}],"wp:attachment":[{"href":"https:\/\/iriparo.com\/fr\/wp-json\/wp\/v2\/media?parent=240779"}],"curies":[{"name":"wp","href":"https:\/\/api.w.org\/{rel}","templated":true}]}}