{"id":278552,"date":"2022-10-12T16:02:17","date_gmt":"2022-10-12T14:02:17","guid":{"rendered":"https:\/\/iriparo.com\/?page_id=278552"},"modified":"2022-10-12T16:29:23","modified_gmt":"2022-10-12T14:29:23","slug":"film-protection-garantie-a-vie","status":"publish","type":"page","link":"https:\/\/iriparo.com\/fr\/film-protection-garantie-a-vie\/","title":{"rendered":"Film protection garantie \u00e0 vie"},"content":{"rendered":"<section class=\"wpb-content-wrapper\"><p>[vc_row full_width=\u00a0\u00bbstretch_row\u00a0\u00bb][vc_column]\n\t\t\t<section class=\" imagebg videobg height-60 text-center\" data-overlay=\"4\">\n\t\t\t\t\n\t\t\t\t<video autoplay loop muted playsinline>\n\t\t\t\t\t<source src=\"\" type=\"video\/webm\">\n\t\t\t\t\t<source src=\"https:\/\/iriparo.com\/wp-content\/uploads\/2022\/09\/promo-16x9-IT_Trim.mp4\" type=\"video\/mp4\">\n\t\t\t\t<\/video>\n\t\t\t\t\t\n\t\t\t\t<div class=\"background-image-holder\">\n\t\t\t\t\t\n\t\t\t\t<\/div>\n\t\t\t\t\n\t\t\t\t<div class=\"container pos-vertical-center\">\n\t\t\t\t\t<div class=\"row\">\n\t\t\t\t\t\t<div class=\"col-sm-12\">[vc_column_text]<\/p>\n<h1 style=\"text-align: center;\">Vous souhaitez avoir un t\u00e9l\u00e9phone prot\u00e9g\u00e9 pour toujours ?<\/h1>\n<p>[\/vc_column_text]<\/div>\n\t\t\t\t\t<\/div>\n\t\t\t\t<\/div>\n\t\t<\/section>[vc_empty_space height=\u00a0\u00bb64px\u00a0\u00bb][\/vc_column][\/vc_row][vc_row][vc_column][vc_column_text]<\/p>\n<h2 style=\"text-align: center;\">D\u00e8s \u00e0 pr\u00e9sent, votre <strong>film de protection ZAGG est garanti \u00e0 vie :<\/strong> si celui-ci se casse ou vient \u00e0 \u00eatre \u00e9gratign\u00e9, <strong>le nouveau film est gratuit !<\/strong><\/h2>\n<p>[\/vc_column_text][vc_empty_space height=\u00a0\u00bb64px\u00a0\u00bb]\n\t\t<div class=\"modal-instance text-center\">\n\t\t\t<a class=\"btn  modal-trigger\" href=\"#\">Termes et conditions du service<\/a>\n\t\t\t<div class=\"modal-container\"   >\n\t\t\t\t\n\t\t\t<div class=\"modal-content\">\n\t\t\t\t<div class=\"boxed boxed--lg\">\n\t\t\t\t\t[vc_column_text]<\/p>\n<ol>\n<li>GARANZIA A VITA ZAGG, a fronte del pagamento di \u20ac 5,00 oltre al prezzo della pellicola, consente di usufruire della sostituzione della stessa <strong>per l\u2019intero arco di vita del dispositivo.<\/strong><\/li>\n<li>Il servizio \u201cGARANZIA A VITA ZAGG\u201d \u00e8 attivabile su tutti i modelli di smartphone per i quali sono disponibili le pellicole ZAGG incluse nel progetto;<\/li>\n<li>La garanzia a vita \u00e8 valida per le seguenti tipologie di pellicole: ORIGINAL, CLEAR PROTECT, ULTRA CLEAR +;<\/li>\n<li>Sono esclusi dall\u2019attivazione del servizio i tablet, gli smartwatch e altri dispositivi diversi dagli smartphone;<\/li>\n<li>Una volta acquistato il servizio, il cliente, per ogni cambio pellicola, dovr\u00e0 corrispondere <strong>\u20ac 6,90 per il montaggio e nessun costo sar\u00e0 dovuto per la pellicola sostituita;<\/strong><\/li>\n<li>La sostituzione della pellicola avverr\u00e0 sullo stesso dispositivo e a fronte della presentazione della prova di acquisto del servizio \u201cGARANZIA A VITA ZAGG\u201d (scontrino, fattura, etc);<\/li>\n<li>Per avvalersi del servizio di sostituzione di una nuova pellicola, questa dovr\u00e0 essere correttamente applicata sul dispositivo, anche se danneggiata o usurata. Non verranno effettuate montaggi di nuove pellicole in assenza di pellicola precedentemente acquistata e\/o montata dal punto vendita che ha venduto e erogato il servizio;<\/li>\n<li>Al momento della sottoscrizione del servizio \u201cGARANZIA A VITA ZAGG\u201d verranno registrati i seguenti dati del dispositivo del cliente sul quale verr\u00e0 attivato il servizio: marca, modello, codice IMEI;<\/li>\n<li>Il servizio \u00e8 attivabile ed esigibile solo nei punti vendita Iriparo del territorio italiano che hanno aderito al progetto (elenco pubblicato sul sito <a href=\"https:\/\/iriparo.com\/\">https:\/\/iriparo.com\/<\/a><\/li>\n<li>La sostituzione della pellicola potr\u00e0 avvenire solo ed esclusivamente nel punto vendita nel quale \u00e8 stato attivato il servizio \u201cGARANZIA A VITA ZAGG\u201d;<\/li>\n<li>La\/e pellicola\/e sostituita\/e dovranno essere della medesima gamma di quella applicata la prima volta e per la quale si \u00e8 attivato il servizio.<\/li>\n<li>Il servizio \u201cGARANZIA A VITA ZAGG\u201d sar\u00e0 attivabile presso i punto vendita aderenti a partire dal 15 settembre 2022 e fino al 15 settembre 2023.<\/li>\n<\/ol>\n<p>[\/vc_column_text]\n\t\t\t\t<\/div>\n\t\t\t<\/div>\n\t\t\n\t\t\t<\/div>\n\t\t<\/div><!--end of modal instance-->\n\t[vc_empty_space height=\u00a0\u00bb64px\u00a0\u00bb][\/vc_column][\/vc_row][vc_row][vc_column][vc_column_text]<\/p>\n<h3 style=\"text-align: center;\">Les films de protection ZAGG sont toujours disponibles pour tous les mod\u00e8les de t\u00e9l\u00e9phone, m\u00eame les plus r\u00e9cents. Choisissez celui le plus adapt\u00e9 \u00e0 vos besoins :<\/h3>\n<p>[\/vc_column_text][vc_empty_space][vc_row_inner][vc_column_inner width=\u00a0\u00bb1\/3&Prime;][vc_hoverbox image=\u00a0\u00bb278257&Prime; primary_title=\u00a0\u00bb\u00a0\u00bb hover_title=\u00a0\u00bbFilm de protection ZAGG Original\u00a0\u00bb hover_title_font_container=\u00a0\u00bbfont_size:24px\u00a0\u00bb hover_title_google_fonts=\u00a0\u00bbfont_family:Raleway%3A100%2C200%2C300%2Cregular%2C500%2C600%2C700%2C800%2C900|font_style:400%20regular%3A400%3Anormal\u00a0\u00bb hover_background_color=\u00a0\u00bbwhite\u00a0\u00bb el_width=\u00a0\u00bb80&Prime; use_custom_fonts_hover_title=\u00a0\u00bbtrue\u00a0\u00bb]<\/p>\n<p style=\"text-align: center;\">Le film de protection standard qui prot\u00e8ge des \u00e9raflures et chocs sans laisser de traces de bulles.<\/p>\n<p style=\"text-align: center;\"><span style=\"color: #18b4e9;\"><strong>Disponible avec garantie \u00e0 vie au prix conseill\u00e9 de 19,90\u20ac<\/strong><\/span><\/p>\n<p>[\/vc_hoverbox][vc_empty_space height=\u00a0\u00bb16px\u00a0\u00bb][\/vc_column_inner][vc_column_inner width=\u00a0\u00bb1\/3&Prime;][vc_hoverbox image=\u00a0\u00bb278249&Prime; primary_title=\u00a0\u00bb\u00a0\u00bb hover_title=\u00a0\u00bbFilm de protection ZAGG Clear Protect\u00a0\u00bb hover_title_font_container=\u00a0\u00bbfont_size:24px\u00a0\u00bb hover_title_google_fonts=\u00a0\u00bbfont_family:Raleway%3A100%2C200%2C300%2Cregular%2C500%2C600%2C700%2C800%2C900|font_style:400%20regular%3A400%3Anormal\u00a0\u00bb hover_background_color=\u00a0\u00bbwhite\u00a0\u00bb el_width=\u00a0\u00bb80&Prime; use_custom_fonts_hover_title=\u00a0\u00bbtrue\u00a0\u00bb]<\/p>\n<p style=\"text-align: center;\">Protection des \u00e9raflures et chocs avec une nettet\u00e9 visuelle accrue. Ne laisse pas de traces de doigts sur le film.<\/p>\n<p style=\"text-align: center;\"><span style=\"color: #18b4e9;\"><strong>Disponible avec garantie \u00e0 vie au prix conseill\u00e9 de 24,90\u20ac<\/strong><\/span><\/p>\n<p>[\/vc_hoverbox][vc_empty_space height=\u00a0\u00bb16px\u00a0\u00bb][\/vc_column_inner][vc_column_inner width=\u00a0\u00bb1\/3&Prime;][vc_hoverbox image=\u00a0\u00bb278265&Prime; primary_title=\u00a0\u00bb\u00a0\u00bb hover_title=\u00a0\u00bbFilm de protection ZAGG ULTRA CLEAR +\u00a0\u00bb hover_title_font_container=\u00a0\u00bbfont_size:24px\u00a0\u00bb hover_title_google_fonts=\u00a0\u00bbfont_family:Raleway%3A100%2C200%2C300%2Cregular%2C500%2C600%2C700%2C800%2C900|font_style:400%20regular%3A400%3Anormal\u00a0\u00bb hover_background_color=\u00a0\u00bbwhite\u00a0\u00bb el_width=\u00a0\u00bb80&Prime; use_custom_fonts_hover_title=\u00a0\u00bbtrue\u00a0\u00bb]<\/p>\n<p style=\"text-align: center;\">Protection trois fois plus importante par rapport aux protections en verre tremp\u00e9. La meilleure nettet\u00e9 de l\u2019ensemble de la gamme.<\/p>\n<p style=\"text-align: center;\"><span style=\"color: #18b4e9;\"><strong>Disponible avec garantie \u00e0 vie au prix conseill\u00e9 de 29,90\u20ac<\/strong><\/span><\/p>\n<p>[\/vc_hoverbox][vc_empty_space height=\u00a0\u00bb16px\u00a0\u00bb][\/vc_column_inner][\/vc_row_inner][\/vc_column][\/vc_row][vc_row][vc_column][vc_column_text]<br \/>\n[\/vc_column_text][vc_empty_space][vc_column_text]<\/p>\n<p style=\"text-align: center;\">Il servizio di garanzia a vita sulle pellicole ZAGG \u00e8 disponibile nei negozi iRiparo di<\/p>\n<p>[\/vc_column_text][vc_empty_space][vc_column_text]\n        <div class=\"qodef-section-inner-margin clearfix qodef-content-aligment-left\">\n            <div class=\"wpb_column vc_column_container vc_col-sm-4\">\n                <div class=\"vc_column-inner\">\n                    <div class=\"wpb_wrapper\">\n    \n            <div class=\"wpb_text_column wpb_content_element\">\n                <div class=\"wpb_wrapper\">\n                    <p class=\"single-store-link\">\n                        <a href=\"https:\/\/cannes.iriparo.com\" target=\"_blank\">\n                            <i class=\"fa fa-map-marker\"><\/i> iRiparo Cannes\n                        <\/a>\n                    <\/p>\n                <\/div>\n            <\/div>\n        \n            <div class=\"wpb_text_column wpb_content_element\">\n                <div class=\"wpb_wrapper\">\n                    <p class=\"single-store-link\">\n                        <a href=\"https:\/\/lyongambetta.iriparo.com\" target=\"_blank\">\n                            <i class=\"fa fa-map-marker\"><\/i> iRiparo Lyon Gambetta\n                        <\/a>\n                    <\/p>\n                <\/div>\n            <\/div>\n        \n                        <\/div>\n                    <\/div>\n                <\/div>\n                <div class=\"wpb_column vc_column_container vc_col-sm-4\">\n                    <div class=\"vc_column-inner\">\n                        <div class=\"wpb_wrapper\">\n            \n            <div class=\"wpb_text_column wpb_content_element\">\n                <div class=\"wpb_wrapper\">\n                    <p class=\"single-store-link\">\n                        <a href=\"https:\/\/lyonsaxe.iriparo.com\" target=\"_blank\">\n                            <i class=\"fa fa-map-marker\"><\/i> iRiparo Lyon Saxe\n                        <\/a>\n                    <\/p>\n                <\/div>\n            <\/div>\n        \n            <div class=\"wpb_text_column wpb_content_element\">\n                <div class=\"wpb_wrapper\">\n                    <p class=\"single-store-link\">\n                        <a href=\"https:\/\/saintraphael.iriparo.com\" target=\"_blank\">\n                            <i class=\"fa fa-map-marker\"><\/i> iRiparo Saint Rapha?l\n                        <\/a>\n                    <\/p>\n                <\/div>\n            <\/div>\n        \n                        <\/div>\n                    <\/div>\n                <\/div>\n                <div class=\"wpb_column vc_column_container vc_col-sm-4\">\n                    <div class=\"vc_column-inner\">\n                        <div class=\"wpb_wrapper\">\n            \n                    <\/div>\n                <\/div>\n            <\/div>\n        <\/div>\n    [\/vc_column_text][vc_empty_space][\/vc_column][\/vc_row]<\/p>\n<\/section>","protected":false},"excerpt":{"rendered":"<p>[vc_row full_width=\u00a0\u00bbstretch_row\u00a0\u00bb][vc_column][vc_empty_space height=\u00a0\u00bb64px\u00a0\u00bb][\/vc_column][\/vc_row][vc_row][vc_column][vc_column_text] D\u00e8s \u00e0 pr\u00e9sent, votre film de protection ZAGG est garanti \u00e0 vie : si celui-ci se casse ou vient&#8230;<\/p>\n","protected":false},"author":2,"featured_media":0,"parent":0,"menu_order":0,"comment_status":"closed","ping_status":"closed","template":"","meta":{"footnotes":""},"_links":{"self":[{"href":"https:\/\/iriparo.com\/fr\/wp-json\/wp\/v2\/pages\/278552"}],"collection":[{"href":"https:\/\/iriparo.com\/fr\/wp-json\/wp\/v2\/pages"}],"about":[{"href":"https:\/\/iriparo.com\/fr\/wp-json\/wp\/v2\/types\/page"}],"author":[{"embeddable":true,"href":"https:\/\/iriparo.com\/fr\/wp-json\/wp\/v2\/users\/2"}],"replies":[{"embeddable":true,"href":"https:\/\/iriparo.com\/fr\/wp-json\/wp\/v2\/comments?post=278552"}],"version-history":[{"count":0,"href":"https:\/\/iriparo.com\/fr\/wp-json\/wp\/v2\/pages\/278552\/revisions"}],"wp:attachment":[{"href":"https:\/\/iriparo.com\/fr\/wp-json\/wp\/v2\/media?parent=278552"}],"curies":[{"name":"wp","href":"https:\/\/api.w.org\/{rel}","templated":true}]}}