{"id":283793,"date":"2022-10-17T20:37:11","date_gmt":"2022-10-17T18:37:11","guid":{"rendered":"https:\/\/iriparo.com\/non%20class\u00e9\/remplacement-ecran-casse-apple-ipad-4-2012\/"},"modified":"2022-10-17T20:37:21","modified_gmt":"2022-10-17T18:37:21","slug":"remplacement-ecran-casse-apple-ipad-4-2012","status":"publish","type":"product","link":"https:\/\/iriparo.com\/fr\/assistance-reparations-apple-ipad-4-2012\/remplacement-ecran-casse-apple-ipad-4-2012\/","title":{"rendered":"Remplacement LCD"},"content":{"rendered":"<p>L\u2019un des services les plus demand\u00e9s \u00e0 nos techniciens sp\u00e9cialis\u00e9s, selon une statistique interne de nos magasins, est le remplacement des \u00e9crans LCD cass\u00e9s d\u2019un Apple iPad 4 (2012). Les accidents qui provoquent la rupture de l\u2019\u00e9cran d\u2019un portable sont tr\u00e8s fr\u00e9quents, vous n\u2019\u00eates pas malchanceux. Concentrez-vous sur la solution qui, par chance, est \u00e0 port\u00e9e de main : il vous suffit d\u2019emmener votre Apple iPad 4 (2012) \u00e0 l\u2019\u00e9cran cass\u00e9 dans l\u2019un de nos magasins iRiparo.<\/p>\n<p><strong>Nous remplacerons l\u2019\u00e9cran de votre t\u00e9l\u00e9phone portable par un \u00e9cran de haute qualit\u00e9 Apple ou par un \u00e9cran compatible, en vous garantissant un service de qualit\u00e9 \u00e0 un prix imbattable.<\/strong><\/p>\n<p>Notre personnel est continuellement form\u00e9 afin de vous offrir la meilleure assistance pour r\u00e9parer l\u2019\u00e9cran de votre Apple iPad 4 (2012).<\/strong><\/p>\n<p>De plus, nous compl\u00e9terons le service de r\u00e9paration d&rsquo;\u00e9cran Apple iPad 4 (2012) par une garantie certifi\u00e9e de 12 mesi . Lorsque votre Apple iPad 4 (2012) tombe et que l\u2019\u00e9cran se brise en mille morceaux, ne pensez pas au probl\u00e8me : iRiparo est la solution.<\/p>\n","protected":false},"excerpt":{"rendered":"<p>L\u2019un des services les plus demand\u00e9s \u00e0 nos techniciens sp\u00e9cialis\u00e9s, selon une statistique interne de nos magasins, est le remplacement des \u00e9crans&#8230;<\/p>\n","protected":false},"featured_media":0,"comment_status":"closed","ping_status":"open","template":"","meta":[],"product_cat":[92423,91529,91490],"product_tag":[],"_links":{"self":[{"href":"https:\/\/iriparo.com\/fr\/wp-json\/wp\/v2\/product\/283793"}],"collection":[{"href":"https:\/\/iriparo.com\/fr\/wp-json\/wp\/v2\/product"}],"about":[{"href":"https:\/\/iriparo.com\/fr\/wp-json\/wp\/v2\/types\/product"}],"replies":[{"embeddable":true,"href":"https:\/\/iriparo.com\/fr\/wp-json\/wp\/v2\/comments?post=283793"}],"wp:attachment":[{"href":"https:\/\/iriparo.com\/fr\/wp-json\/wp\/v2\/media?parent=283793"}],"wp:term":[{"taxonomy":"product_cat","embeddable":true,"href":"https:\/\/iriparo.com\/fr\/wp-json\/wp\/v2\/product_cat?post=283793"},{"taxonomy":"product_tag","embeddable":true,"href":"https:\/\/iriparo.com\/fr\/wp-json\/wp\/v2\/product_tag?post=283793"}],"curies":[{"name":"wp","href":"https:\/\/api.w.org\/{rel}","templated":true}]}}