{"id":283971,"date":"2022-10-17T20:48:15","date_gmt":"2022-10-17T18:48:15","guid":{"rendered":"https:\/\/iriparo.com\/non%20class\u00e9\/remplacement-prise-jack-noire-apple-ipad-pro-129-2015\/"},"modified":"2022-10-17T20:48:17","modified_gmt":"2022-10-17T18:48:17","slug":"remplacement-prise-jack-noire-apple-ipad-pro-129-2015","status":"publish","type":"product","link":"https:\/\/iriparo.com\/fr\/assistance-reparations-apple-ipad-pro-129-2015\/remplacement-prise-jack-noire-apple-ipad-pro-129-2015\/","title":{"rendered":"Remplacement Prise Jack -Noire"},"content":{"rendered":"<p>Avez-vous besoin de faire une <strong>Remplacement Prise Jack -Noire<\/strong> par <strong>Apple iPad Pro 12.9 (2015)<\/strong> ? iRiparo est la solution id\u00e9ale pour votre appareil. Sur votre iPad Pro 12.9 (2015) sera fait la Remplacement Prise Jack -Noire par nos techniciens sp\u00e9cialis\u00e9s qui vous garantiront une r\u00e9paration rapide et de qualit\u00e9.<\/p>\n<p>Notre cha\u00eene de franchises de r\u00e9parations express compte \u00e0 ce jour plus de <strong> points de vente<\/strong> actifs et nous avons une exp\u00e9rience de plus de 829000 r\u00e9parations. Ce n\u2019est pas tout ! En outre, toutes nos r\u00e9parations disposent d\u2019une garantie certifi\u00e9e de 12 mesi valable dans tout le pays. Ne pensez pas aux probl\u00e8mes, iRiparo est la solution.<\/p>\n","protected":false},"excerpt":{"rendered":"<p>Avez-vous besoin de faire une Remplacement Prise Jack -Noire par Apple iPad Pro 12.9 (2015) ? iRiparo est la solution id\u00e9ale pour&#8230;<\/p>\n","protected":false},"featured_media":0,"comment_status":"closed","ping_status":"closed","template":"","meta":[],"product_cat":[91529,92468,91490],"product_tag":[],"_links":{"self":[{"href":"https:\/\/iriparo.com\/fr\/wp-json\/wp\/v2\/product\/283971"}],"collection":[{"href":"https:\/\/iriparo.com\/fr\/wp-json\/wp\/v2\/product"}],"about":[{"href":"https:\/\/iriparo.com\/fr\/wp-json\/wp\/v2\/types\/product"}],"replies":[{"embeddable":true,"href":"https:\/\/iriparo.com\/fr\/wp-json\/wp\/v2\/comments?post=283971"}],"wp:attachment":[{"href":"https:\/\/iriparo.com\/fr\/wp-json\/wp\/v2\/media?parent=283971"}],"wp:term":[{"taxonomy":"product_cat","embeddable":true,"href":"https:\/\/iriparo.com\/fr\/wp-json\/wp\/v2\/product_cat?post=283971"},{"taxonomy":"product_tag","embeddable":true,"href":"https:\/\/iriparo.com\/fr\/wp-json\/wp\/v2\/product_tag?post=283971"}],"curies":[{"name":"wp","href":"https:\/\/api.w.org\/{rel}","templated":true}]}}