{"id":284253,"date":"2022-10-17T21:06:03","date_gmt":"2022-10-17T19:06:03","guid":{"rendered":"https:\/\/iriparo.com\/non%20class\u00e9\/reparation-gps-apple-iphone-6\/"},"modified":"2022-10-17T21:06:14","modified_gmt":"2022-10-17T19:06:14","slug":"reparation-gps-apple-iphone-6","status":"publish","type":"product","link":"https:\/\/iriparo.com\/fr\/assistance-reparations-apple-iphone-6\/reparation-gps-apple-iphone-6\/","title":{"rendered":"R\u00e9paration GPS"},"content":{"rendered":"<p>Avez-vous besoin de faire une <strong>R\u00e9paration GPS<\/strong> par <strong>Apple iPhone 6<\/strong> ? iRiparo est la solution id\u00e9ale pour votre appareil. Sur votre iPhone 6 sera fait la R\u00e9paration GPS par nos techniciens sp\u00e9cialis\u00e9s qui vous garantiront une r\u00e9paration rapide et de qualit\u00e9.<\/p>\n<p>Notre cha\u00eene de franchises de r\u00e9parations express compte \u00e0 ce jour plus de <strong> points de vente<\/strong> actifs et nous avons une exp\u00e9rience de plus de 829000 r\u00e9parations. Ce n\u2019est pas tout ! En outre, toutes nos r\u00e9parations disposent d\u2019une garantie certifi\u00e9e de 12 mesi valable dans tout le pays. Ne pensez pas aux probl\u00e8mes, iRiparo est la solution.<\/p>\n","protected":false},"excerpt":{"rendered":"<p>Avez-vous besoin de faire une R\u00e9paration GPS par Apple iPhone 6 ? iRiparo est la solution id\u00e9ale pour votre appareil. Sur votre&#8230;<\/p>\n","protected":false},"featured_media":0,"comment_status":"closed","ping_status":"closed","template":"","meta":[],"product_cat":[91493,92443,91489],"product_tag":[],"_links":{"self":[{"href":"https:\/\/iriparo.com\/fr\/wp-json\/wp\/v2\/product\/284253"}],"collection":[{"href":"https:\/\/iriparo.com\/fr\/wp-json\/wp\/v2\/product"}],"about":[{"href":"https:\/\/iriparo.com\/fr\/wp-json\/wp\/v2\/types\/product"}],"replies":[{"embeddable":true,"href":"https:\/\/iriparo.com\/fr\/wp-json\/wp\/v2\/comments?post=284253"}],"wp:attachment":[{"href":"https:\/\/iriparo.com\/fr\/wp-json\/wp\/v2\/media?parent=284253"}],"wp:term":[{"taxonomy":"product_cat","embeddable":true,"href":"https:\/\/iriparo.com\/fr\/wp-json\/wp\/v2\/product_cat?post=284253"},{"taxonomy":"product_tag","embeddable":true,"href":"https:\/\/iriparo.com\/fr\/wp-json\/wp\/v2\/product_tag?post=284253"}],"curies":[{"name":"wp","href":"https:\/\/api.w.org\/{rel}","templated":true}]}}