{"id":284434,"date":"2022-10-17T21:22:04","date_gmt":"2022-10-17T19:22:04","guid":{"rendered":"https:\/\/iriparo.com\/non%20class\u00e9\/remplacement-coque-posterieure-avec-pieces-detachees-sans-logos-apple-iphone-8-plus\/"},"modified":"2022-10-17T21:22:18","modified_gmt":"2022-10-17T19:22:18","slug":"remplacement-coque-posterieure-avec-pieces-detachees-sans-logos-apple-iphone-8-plus","status":"publish","type":"product","link":"https:\/\/iriparo.com\/fr\/assistance-reparations-apple-iphone-8-plus\/remplacement-coque-posterieure-avec-pieces-detachees-sans-logos-apple-iphone-8-plus\/","title":{"rendered":"Remplacement Coque post\u00e9rieure avec pi\u00e8ces d\u00e9tach\u00e9es (sans logos)"},"content":{"rendered":"<p>Avez-vous besoin de faire une <strong>Remplacement Coque post\u00e9rieure avec pi\u00e8ces d\u00e9tach\u00e9es (sans logos)<\/strong> par <strong>Apple iPhone 8 Plus<\/strong> ? iRiparo est la solution id\u00e9ale pour votre appareil. Sur votre iPhone 8 Plus sera fait la Remplacement Coque post\u00e9rieure avec pi\u00e8ces d\u00e9tach\u00e9es (sans logos) par nos techniciens sp\u00e9cialis\u00e9s qui vous garantiront une r\u00e9paration rapide et de qualit\u00e9.<\/p>\n<p>Notre cha\u00eene de franchises de r\u00e9parations express compte \u00e0 ce jour plus de <strong> points de vente<\/strong> actifs et nous avons une exp\u00e9rience de plus de 829000 r\u00e9parations. Ce n\u2019est pas tout ! En outre, toutes nos r\u00e9parations disposent d\u2019une garantie certifi\u00e9e de 12 mesi valable dans tout le pays. Ne pensez pas aux probl\u00e8mes, iRiparo est la solution.<\/p>\n","protected":false},"excerpt":{"rendered":"<p>Avez-vous besoin de faire une Remplacement Coque post\u00e9rieure avec pi\u00e8ces d\u00e9tach\u00e9es (sans logos) par Apple iPhone 8 Plus ? iRiparo est la&#8230;<\/p>\n","protected":false},"featured_media":0,"comment_status":"closed","ping_status":"open","template":"","meta":[],"product_cat":[92424,91493,91489],"product_tag":[],"_links":{"self":[{"href":"https:\/\/iriparo.com\/fr\/wp-json\/wp\/v2\/product\/284434"}],"collection":[{"href":"https:\/\/iriparo.com\/fr\/wp-json\/wp\/v2\/product"}],"about":[{"href":"https:\/\/iriparo.com\/fr\/wp-json\/wp\/v2\/types\/product"}],"replies":[{"embeddable":true,"href":"https:\/\/iriparo.com\/fr\/wp-json\/wp\/v2\/comments?post=284434"}],"wp:attachment":[{"href":"https:\/\/iriparo.com\/fr\/wp-json\/wp\/v2\/media?parent=284434"}],"wp:term":[{"taxonomy":"product_cat","embeddable":true,"href":"https:\/\/iriparo.com\/fr\/wp-json\/wp\/v2\/product_cat?post=284434"},{"taxonomy":"product_tag","embeddable":true,"href":"https:\/\/iriparo.com\/fr\/wp-json\/wp\/v2\/product_tag?post=284434"}],"curies":[{"name":"wp","href":"https:\/\/api.w.org\/{rel}","templated":true}]}}