{"id":284781,"date":"2022-10-17T21:44:05","date_gmt":"2022-10-17T19:44:05","guid":{"rendered":"https:\/\/iriparo.com\/non%20class\u00e9\/remplacement-camera-avant-google-pixel-4\/"},"modified":"2022-10-17T21:44:16","modified_gmt":"2022-10-17T19:44:16","slug":"remplacement-camera-avant-google-pixel-4","status":"publish","type":"product","link":"https:\/\/iriparo.com\/fr\/assistance-reparations-google-pixel-4\/remplacement-camera-avant-google-pixel-4\/","title":{"rendered":"Remplacement Cam\u00e9ra Avant"},"content":{"rendered":"<p>Avez-vous besoin de faire une <strong>Remplacement Cam\u00e9ra Avant<\/strong> par <strong>Google Pixel 4<\/strong> ? iRiparo est la solution id\u00e9ale pour votre appareil. Sur votre Pixel 4 sera fait la Remplacement Cam\u00e9ra Avant par nos techniciens sp\u00e9cialis\u00e9s qui vous garantiront une r\u00e9paration rapide et de qualit\u00e9.<\/p>\n<p>Notre cha\u00eene de franchises de r\u00e9parations express compte \u00e0 ce jour plus de <strong> points de vente<\/strong> actifs et nous avons une exp\u00e9rience de plus de 829000 r\u00e9parations. Ce n\u2019est pas tout ! En outre, toutes nos r\u00e9parations disposent d\u2019une garantie certifi\u00e9e de 12 mesi valable dans tout le pays. Ne pensez pas aux probl\u00e8mes, iRiparo est la solution.<\/p>\n","protected":false},"excerpt":{"rendered":"<p>Avez-vous besoin de faire une Remplacement Cam\u00e9ra Avant par Google Pixel 4 ? iRiparo est la solution id\u00e9ale pour votre appareil. Sur&#8230;<\/p>\n","protected":false},"featured_media":0,"comment_status":"closed","ping_status":"closed","template":"","meta":[],"product_cat":[91506,92551,91489],"product_tag":[],"_links":{"self":[{"href":"https:\/\/iriparo.com\/fr\/wp-json\/wp\/v2\/product\/284781"}],"collection":[{"href":"https:\/\/iriparo.com\/fr\/wp-json\/wp\/v2\/product"}],"about":[{"href":"https:\/\/iriparo.com\/fr\/wp-json\/wp\/v2\/types\/product"}],"replies":[{"embeddable":true,"href":"https:\/\/iriparo.com\/fr\/wp-json\/wp\/v2\/comments?post=284781"}],"wp:attachment":[{"href":"https:\/\/iriparo.com\/fr\/wp-json\/wp\/v2\/media?parent=284781"}],"wp:term":[{"taxonomy":"product_cat","embeddable":true,"href":"https:\/\/iriparo.com\/fr\/wp-json\/wp\/v2\/product_cat?post=284781"},{"taxonomy":"product_tag","embeddable":true,"href":"https:\/\/iriparo.com\/fr\/wp-json\/wp\/v2\/product_tag?post=284781"}],"curies":[{"name":"wp","href":"https:\/\/api.w.org\/{rel}","templated":true}]}}