{"id":285320,"date":"2022-10-17T22:18:57","date_gmt":"2022-10-17T20:18:57","guid":{"rendered":"https:\/\/iriparo.com\/non%20class\u00e9\/reparation-camera-arriere-48mp-huawei-p40-lite-e\/"},"modified":"2022-10-17T22:19:11","modified_gmt":"2022-10-17T20:19:11","slug":"reparation-camera-arriere-48mp-huawei-p40-lite-e","status":"publish","type":"product","link":"https:\/\/iriparo.com\/fr\/assistance-reparations-huawei-p40-lite-e\/reparation-camera-arriere-48mp-huawei-p40-lite-e\/","title":{"rendered":"R\u00e9paration Cam\u00e9ra arri\u00e8re 48MP"},"content":{"rendered":"<p>Avez-vous besoin de faire une <strong>R\u00e9paration Cam\u00e9ra arri\u00e8re 48MP<\/strong> par <strong>Huawei P40 lite E<\/strong> ? iRiparo est la solution id\u00e9ale pour votre appareil. Sur votre P40 lite E sera fait la R\u00e9paration Cam\u00e9ra arri\u00e8re 48MP par nos techniciens sp\u00e9cialis\u00e9s qui vous garantiront une r\u00e9paration rapide et de qualit\u00e9.<\/p>\n<p>Notre cha\u00eene de franchises de r\u00e9parations express compte \u00e0 ce jour plus de <strong> points de vente<\/strong> actifs et nous avons une exp\u00e9rience de plus de 829000 r\u00e9parations. Ce n\u2019est pas tout ! En outre, toutes nos r\u00e9parations disposent d\u2019une garantie certifi\u00e9e de 3 mesi valable dans tout le pays. Ne pensez pas aux probl\u00e8mes, iRiparo est la solution.<\/p>\n","protected":false},"excerpt":{"rendered":"<p>Avez-vous besoin de faire une R\u00e9paration Cam\u00e9ra arri\u00e8re 48MP par Huawei P40 lite E ? iRiparo est la solution id\u00e9ale pour votre&#8230;<\/p>\n","protected":false},"featured_media":0,"comment_status":"closed","ping_status":"closed","template":"","meta":[],"product_cat":[91495,92644,91489],"product_tag":[],"_links":{"self":[{"href":"https:\/\/iriparo.com\/fr\/wp-json\/wp\/v2\/product\/285320"}],"collection":[{"href":"https:\/\/iriparo.com\/fr\/wp-json\/wp\/v2\/product"}],"about":[{"href":"https:\/\/iriparo.com\/fr\/wp-json\/wp\/v2\/types\/product"}],"replies":[{"embeddable":true,"href":"https:\/\/iriparo.com\/fr\/wp-json\/wp\/v2\/comments?post=285320"}],"wp:attachment":[{"href":"https:\/\/iriparo.com\/fr\/wp-json\/wp\/v2\/media?parent=285320"}],"wp:term":[{"taxonomy":"product_cat","embeddable":true,"href":"https:\/\/iriparo.com\/fr\/wp-json\/wp\/v2\/product_cat?post=285320"},{"taxonomy":"product_tag","embeddable":true,"href":"https:\/\/iriparo.com\/fr\/wp-json\/wp\/v2\/product_tag?post=285320"}],"curies":[{"name":"wp","href":"https:\/\/api.w.org\/{rel}","templated":true}]}}