{"id":285337,"date":"2022-10-17T22:20:30","date_gmt":"2022-10-17T20:20:30","guid":{"rendered":"https:\/\/iriparo.com\/non%20class\u00e9\/remplacement-nappe-boutons-volume-marche-arret-huawei-p40-pro-plus\/"},"modified":"2022-10-17T22:20:35","modified_gmt":"2022-10-17T20:20:35","slug":"remplacement-nappe-boutons-volume-marche-arret-huawei-p40-pro-plus","status":"publish","type":"product","link":"https:\/\/iriparo.com\/fr\/assistance-reparations-huawei-p40-pro-plus\/remplacement-nappe-boutons-volume-marche-arret-huawei-p40-pro-plus\/","title":{"rendered":"Remplacement Nappe Boutons Volume + Marche\/Arr\u00eat"},"content":{"rendered":"<p>Avez-vous besoin de faire une <strong>Remplacement Nappe Boutons Volume + Marche\/Arr\u00eat<\/strong> par <strong>Huawei P40 Pro+<\/strong> ? iRiparo est la solution id\u00e9ale pour votre appareil. Sur votre P40 Pro+ sera fait la Remplacement Nappe Boutons Volume + Marche\/Arr\u00eat par nos techniciens sp\u00e9cialis\u00e9s qui vous garantiront une r\u00e9paration rapide et de qualit\u00e9.<\/p>\n<p>Notre cha\u00eene de franchises de r\u00e9parations express compte \u00e0 ce jour plus de <strong> points de vente<\/strong> actifs et nous avons une exp\u00e9rience de plus de 829000 r\u00e9parations. Ce n\u2019est pas tout ! En outre, toutes nos r\u00e9parations disposent d\u2019une garantie certifi\u00e9e de 12 mesi valable dans tout le pays. Ne pensez pas aux probl\u00e8mes, iRiparo est la solution.<\/p>\n","protected":false},"excerpt":{"rendered":"<p>Avez-vous besoin de faire une Remplacement Nappe Boutons Volume + Marche\/Arr\u00eat par Huawei P40 Pro+ ? iRiparo est la solution id\u00e9ale pour&#8230;<\/p>\n","protected":false},"featured_media":0,"comment_status":"closed","ping_status":"closed","template":"","meta":[],"product_cat":[91495,92618,91489],"product_tag":[],"_links":{"self":[{"href":"https:\/\/iriparo.com\/fr\/wp-json\/wp\/v2\/product\/285337"}],"collection":[{"href":"https:\/\/iriparo.com\/fr\/wp-json\/wp\/v2\/product"}],"about":[{"href":"https:\/\/iriparo.com\/fr\/wp-json\/wp\/v2\/types\/product"}],"replies":[{"embeddable":true,"href":"https:\/\/iriparo.com\/fr\/wp-json\/wp\/v2\/comments?post=285337"}],"wp:attachment":[{"href":"https:\/\/iriparo.com\/fr\/wp-json\/wp\/v2\/media?parent=285337"}],"wp:term":[{"taxonomy":"product_cat","embeddable":true,"href":"https:\/\/iriparo.com\/fr\/wp-json\/wp\/v2\/product_cat?post=285337"},{"taxonomy":"product_tag","embeddable":true,"href":"https:\/\/iriparo.com\/fr\/wp-json\/wp\/v2\/product_tag?post=285337"}],"curies":[{"name":"wp","href":"https:\/\/api.w.org\/{rel}","templated":true}]}}