{"id":285371,"date":"2022-10-17T22:22:29","date_gmt":"2022-10-17T20:22:29","guid":{"rendered":"https:\/\/iriparo.com\/non%20class\u00e9\/remplacement-lecteur-dempreinte-huawei-p8-lite-2017\/"},"modified":"2022-10-17T22:22:46","modified_gmt":"2022-10-17T20:22:46","slug":"remplacement-lecteur-dempreinte-huawei-p8-lite-2017","status":"publish","type":"product","link":"https:\/\/iriparo.com\/fr\/assistance-reparations-huawei-p8-lite-2017\/remplacement-lecteur-dempreinte-huawei-p8-lite-2017\/","title":{"rendered":"Remplacement Lecteur d&#8217;empreinte"},"content":{"rendered":"<p>Avez-vous besoin de faire une <strong>Remplacement Lecteur d&#8217;empreinte<\/strong> par <strong>Huawei P8 Lite (2017)<\/strong> ? iRiparo est la solution id\u00e9ale pour votre appareil. Sur votre P8 Lite (2017) sera fait la Remplacement Lecteur d&#8217;empreinte par nos techniciens sp\u00e9cialis\u00e9s qui vous garantiront une r\u00e9paration rapide et de qualit\u00e9.<\/p>\n<p>Notre cha\u00eene de franchises de r\u00e9parations express compte \u00e0 ce jour plus de <strong> points de vente<\/strong> actifs et nous avons une exp\u00e9rience de plus de 829000 r\u00e9parations. Ce n\u2019est pas tout ! En outre, toutes nos r\u00e9parations disposent d\u2019une garantie certifi\u00e9e de 12 mesi valable dans tout le pays. Ne pensez pas aux probl\u00e8mes, iRiparo est la solution.<\/p>\n","protected":false},"excerpt":{"rendered":"<p>Avez-vous besoin de faire une Remplacement Lecteur d&#8217;empreinte par Huawei P8 Lite (2017) ? iRiparo est la solution id\u00e9ale pour votre appareil&#8230;.<\/p>\n","protected":false},"featured_media":0,"comment_status":"closed","ping_status":"closed","template":"","meta":[],"product_cat":[91495,92580,91489],"product_tag":[],"_links":{"self":[{"href":"https:\/\/iriparo.com\/fr\/wp-json\/wp\/v2\/product\/285371"}],"collection":[{"href":"https:\/\/iriparo.com\/fr\/wp-json\/wp\/v2\/product"}],"about":[{"href":"https:\/\/iriparo.com\/fr\/wp-json\/wp\/v2\/types\/product"}],"replies":[{"embeddable":true,"href":"https:\/\/iriparo.com\/fr\/wp-json\/wp\/v2\/comments?post=285371"}],"wp:attachment":[{"href":"https:\/\/iriparo.com\/fr\/wp-json\/wp\/v2\/media?parent=285371"}],"wp:term":[{"taxonomy":"product_cat","embeddable":true,"href":"https:\/\/iriparo.com\/fr\/wp-json\/wp\/v2\/product_cat?post=285371"},{"taxonomy":"product_tag","embeddable":true,"href":"https:\/\/iriparo.com\/fr\/wp-json\/wp\/v2\/product_tag?post=285371"}],"curies":[{"name":"wp","href":"https:\/\/api.w.org\/{rel}","templated":true}]}}